{"id":99898,"date":"2025-08-08T18:35:00","date_gmt":"2025-08-08T16:35:00","guid":{"rendered":"https:\/\/gh.uwebdev.ch\/?page_id=99898"},"modified":"2025-11-04T07:54:13","modified_gmt":"2025-11-04T06:54:13","slug":"general-spiritualite","status":"publish","type":"page","link":"https:\/\/gaestehaus.ch\/fr\/general-spiritualite\/","title":{"rendered":"C\u00f4t\u00e9 spirituel"},"content":{"rendered":"<ul>\n<li>Notre h\u00f4tel est membre du VHC (union d\u2019h\u00f4tels chr\u00e9tiens)<\/li>\n<li>Vous pouvez participer aux cours du S\u00e9minaire de Th\u00e9ologie Biblique (allemand)<\/li>\n<li>Culte du dimanche dans nos locaux (pour occasions sp\u00e9ciales) ou dans les \u00e9glises des environs<\/li>\n<li>Garde d\u2019enfants \/ programme pour enfants sur demande<\/li>\n<li>Semaines th\u00e9matiques (allemand)<\/li>\n<li>Semaines de s\u00e9minaire (allemand)<\/li>\n<\/ul>\n","protected":false},"excerpt":{"rendered":"<p>Notre h\u00f4tel est membre du VHC (union d\u2019h\u00f4tels chr\u00e9tiens) Vous pouvez participer aux cours du S\u00e9minaire de Th\u00e9ologie Biblique (allemand) Culte du dimanche dans nos locaux (pour occasions sp\u00e9ciales) ou dans les \u00e9glises des environs Garde d\u2019enfants \/ programme pour enfants sur demande Semaines th\u00e9matiques (allemand) Semaines de s\u00e9minaire (allemand)<\/p>\n","protected":false},"author":9,"featured_media":99897,"parent":0,"menu_order":0,"comment_status":"closed","ping_status":"closed","template":"","meta":{"_acf_changed":false,"footnotes":""},"class_list":["post-99898","page","type-page","status-publish","has-post-thumbnail","hentry"],"acf":[],"_links":{"self":[{"href":"https:\/\/gaestehaus.ch\/fr\/wp-json\/wp\/v2\/pages\/99898","targetHints":{"allow":["GET"]}}],"collection":[{"href":"https:\/\/gaestehaus.ch\/fr\/wp-json\/wp\/v2\/pages"}],"about":[{"href":"https:\/\/gaestehaus.ch\/fr\/wp-json\/wp\/v2\/types\/page"}],"author":[{"embeddable":true,"href":"https:\/\/gaestehaus.ch\/fr\/wp-json\/wp\/v2\/users\/9"}],"replies":[{"embeddable":true,"href":"https:\/\/gaestehaus.ch\/fr\/wp-json\/wp\/v2\/comments?post=99898"}],"version-history":[{"count":4,"href":"https:\/\/gaestehaus.ch\/fr\/wp-json\/wp\/v2\/pages\/99898\/revisions"}],"predecessor-version":[{"id":100253,"href":"https:\/\/gaestehaus.ch\/fr\/wp-json\/wp\/v2\/pages\/99898\/revisions\/100253"}],"wp:featuredmedia":[{"embeddable":true,"href":"https:\/\/gaestehaus.ch\/fr\/wp-json\/wp\/v2\/media\/99897"}],"wp:attachment":[{"href":"https:\/\/gaestehaus.ch\/fr\/wp-json\/wp\/v2\/media?parent=99898"}],"curies":[{"name":"wp","href":"https:\/\/api.w.org\/{rel}","templated":true}]}}