{"id":99386,"date":"2025-08-08T18:35:00","date_gmt":"2025-08-08T16:35:00","guid":{"rendered":"https:\/\/gh.uwebdev.ch\/?page_id=99386"},"modified":"2026-02-05T22:46:16","modified_gmt":"2026-02-05T21:46:16","slug":"salles-de-groupe","status":"publish","type":"page","link":"https:\/\/gaestehaus.ch\/fr\/maison-de-groupe-maison-blanche\/salles-de-groupe\/","title":{"rendered":"Salles communes et cuisine"},"content":{"rendered":"<p>Au rez-de-chauss\u00e9e de la maison se trouvent 2 salles de conf\u00e9rences neuves et modernes. Les 2 salles sont \u00e9quip\u00e9es d\u2019un vid\u00e9o projecteur, d\u2019un \u00e9cran de projection, de haut-parleurs, tableau blanc, paperboard et mobilier de conf\u00e9rence (compris dans le prix de location). Les 2 salles peuvent aussi \u00eatre utilis\u00e9es comme salles \u00e0 manger.<\/p>\n<p>Depuis les salles de s\u00e9minaires vous profiterez d\u2019une vue incomparable sur le panorama des alpes bernoises. Cela fera de votre s\u00e9jour une exp\u00e9rience unique !<\/p>\n<p>Vous avez besoin de mat\u00e9riel suppl\u00e9mentaire ? Vous avez des souhaits particuliers ? Vous souhaitez vous voir propos\u00e9 un programme ? N\u2019h\u00e9sitez \u00e0 nous contacter !<\/p>\n\t\t<div data-elementor-type=\"container\" data-elementor-id=\"102155\" class=\"elementor elementor-102155 elementor-102146\" data-elementor-post-type=\"elementor_library\">\n\t\t\t\t<div class=\"elementor-element elementor-element-7527569c e-flex e-con-boxed e-con e-parent\" data-id=\"7527569c\" data-element_type=\"container\">\n\t\t\t\t\t<div class=\"e-con-inner\">\n\t\t\t\t<div class=\"elementor-element elementor-element-2640d063 elementor-widget elementor-widget-text-editor\" data-id=\"2640d063\" data-element_type=\"widget\" data-widget_type=\"text-editor.default\">\n\t\t\t\t<div class=\"elementor-widget-container\">\n\t\t\t\t\t\t\t\t\t<a class=\"button\" href=\"https:\/\/gaestehaus.ch\/fr\/maison-de-groupe-maison-blanche\/reservation\/\">Demande de r\u00e9servation<\/a>\t\t\t\t\t\t\t\t<\/div>\n\t\t\t\t<\/div>\n\t\t\t\t\t<\/div>\n\t\t\t\t<\/div>\n\t\t\t\t<\/div>\n\t\t\n<table class=\"table\" border=\"0\" cellspacing=\"1\" cellpadding=\"1\">\n<thead>\n<tr style=\"background-color: #cb0d38;\">\n<th colspan=\"3\"><span style=\"color: #ffffff;\">SALLE DE S\u00c9MINAIRE 6 &#8211; MAISON BLANCHE 40 m\u00b2<\/span><\/th>\n<\/tr>\n<\/thead>\n<tbody>\n<tr>\n<td style=\"vertical-align: top;\">\n<ul>\n<li>Chaises pour 30 personnes en configuration s\u00e9minaire<\/li>\n<li>Chaises pour 64\u00a0personnes maximum en configuration concert<\/li>\n<li>Video projecteur, haut-parleur<\/li>\n<li>En temps que salle \u00e0 manger: 34\u00a0place assises<\/li>\n<\/ul>\n<\/td>\n<td style=\"vertical-align: top;\">\n<p class=\"text-align-left\">Par jour : 100 CHF<br \/>\nPar semaine : 400 CHF<\/p>\n<\/td>\n<td><\/td>\n<\/tr>\n<\/tbody>\n<\/table>\n<div><\/div>\n<div><\/div>\n<div><\/div>\n<div id='gallery-1' class='gallery galleryid-99386 gallery-columns-9 gallery-size-large'><figure class='gallery-item'>\n\t\t\t<div class='gallery-icon landscape'>\n\t\t\t\t<a href='https:\/\/gaestehaus.ch\/wp-content\/uploads\/2025\/08\/g_sr_6.jpg'><img fetchpriority=\"high\" decoding=\"async\" width=\"800\" height=\"600\" src=\"https:\/\/gaestehaus.ch\/wp-content\/uploads\/2025\/08\/g_sr_6-1024x768.jpg\" class=\"attachment-large size-large\" alt=\"\" srcset=\"https:\/\/gaestehaus.ch\/wp-content\/uploads\/2025\/08\/g_sr_6-1024x768.jpg 1024w, https:\/\/gaestehaus.ch\/wp-content\/uploads\/2025\/08\/g_sr_6-300x225.jpg 300w, https:\/\/gaestehaus.ch\/wp-content\/uploads\/2025\/08\/g_sr_6-768x576.jpg 768w, https:\/\/gaestehaus.ch\/wp-content\/uploads\/2025\/08\/g_sr_6.jpg 1200w\" sizes=\"(max-width: 800px) 100vw, 800px\" \/><\/a>\n\t\t\t<\/div><\/figure><figure class='gallery-item'>\n\t\t\t<div class='gallery-icon landscape'>\n\t\t\t\t<a href='https:\/\/gaestehaus.ch\/wp-content\/uploads\/2025\/08\/g_sr_6_2.jpg'><img decoding=\"async\" width=\"800\" height=\"600\" src=\"https:\/\/gaestehaus.ch\/wp-content\/uploads\/2025\/08\/g_sr_6_2-1024x768.jpg\" class=\"attachment-large size-large\" alt=\"\" srcset=\"https:\/\/gaestehaus.ch\/wp-content\/uploads\/2025\/08\/g_sr_6_2-1024x768.jpg 1024w, https:\/\/gaestehaus.ch\/wp-content\/uploads\/2025\/08\/g_sr_6_2-300x225.jpg 300w, https:\/\/gaestehaus.ch\/wp-content\/uploads\/2025\/08\/g_sr_6_2-768x576.jpg 768w, https:\/\/gaestehaus.ch\/wp-content\/uploads\/2025\/08\/g_sr_6_2.jpg 1200w\" sizes=\"(max-width: 800px) 100vw, 800px\" \/><\/a>\n\t\t\t<\/div><\/figure>\n\t\t<\/div>\n\n<p>&nbsp;<\/p>\n<table class=\"table\" border=\"0\" cellspacing=\"1\" cellpadding=\"1\">\n<thead>\n<tr style=\"background-color: #cb0d38;\">\n<th colspan=\"3\"><span style=\"color: #ffffff;\">SALLE DE S\u00c9MINAIRE 5 &#8211; MAISON BLANCHE 39 m\u00b2<\/span><\/th>\n<\/tr>\n<\/thead>\n<tbody>\n<tr>\n<td style=\"vertical-align: top;\">\n<ul>\n<li>Chaises pour 27\u00a0personnes en configuration s\u00e9minaire<\/li>\n<li>Chaises pour 54\u00a0personnes maximum en configuration concert<\/li>\n<li>Video projecteur, haut-parleur<\/li>\n<li>En temps que salle \u00e0 manger: 26\u00a0place assises<\/li>\n<\/ul>\n<\/td>\n<td style=\"vertical-align: top;\">\n<p class=\"text-align-left\">Par jour : 100 CHF<br \/>\nPar semaine : 400 CHF<\/p>\n<\/td>\n<td><\/td>\n<\/tr>\n<tr>\n<td style=\"vertical-align: top;\" colspan=\"3\"><\/td>\n<\/tr>\n<\/tbody>\n<\/table>\n<div id='gallery-2' class='gallery galleryid-99386 gallery-columns-3 gallery-size-large'><figure class='gallery-item'>\n\t\t\t<div class='gallery-icon landscape'>\n\t\t\t\t<a href='https:\/\/gaestehaus.ch\/wp-content\/uploads\/2025\/08\/g_sr_5.jpg'><img decoding=\"async\" width=\"800\" height=\"600\" src=\"https:\/\/gaestehaus.ch\/wp-content\/uploads\/2025\/08\/g_sr_5-1024x768.jpg\" class=\"attachment-large size-large\" alt=\"\" srcset=\"https:\/\/gaestehaus.ch\/wp-content\/uploads\/2025\/08\/g_sr_5-1024x768.jpg 1024w, https:\/\/gaestehaus.ch\/wp-content\/uploads\/2025\/08\/g_sr_5-300x225.jpg 300w, https:\/\/gaestehaus.ch\/wp-content\/uploads\/2025\/08\/g_sr_5-768x576.jpg 768w, https:\/\/gaestehaus.ch\/wp-content\/uploads\/2025\/08\/g_sr_5.jpg 1200w\" sizes=\"(max-width: 800px) 100vw, 800px\" \/><\/a>\n\t\t\t<\/div><\/figure><figure class='gallery-item'>\n\t\t\t<div class='gallery-icon landscape'>\n\t\t\t\t<a href='https:\/\/gaestehaus.ch\/wp-content\/uploads\/2025\/08\/g_sr_5_2.jpg'><img loading=\"lazy\" decoding=\"async\" width=\"800\" height=\"600\" src=\"https:\/\/gaestehaus.ch\/wp-content\/uploads\/2025\/08\/g_sr_5_2-1024x768.jpg\" class=\"attachment-large size-large\" alt=\"\" srcset=\"https:\/\/gaestehaus.ch\/wp-content\/uploads\/2025\/08\/g_sr_5_2-1024x768.jpg 1024w, https:\/\/gaestehaus.ch\/wp-content\/uploads\/2025\/08\/g_sr_5_2-300x225.jpg 300w, https:\/\/gaestehaus.ch\/wp-content\/uploads\/2025\/08\/g_sr_5_2-768x576.jpg 768w, https:\/\/gaestehaus.ch\/wp-content\/uploads\/2025\/08\/g_sr_5_2.jpg 1200w\" sizes=\"(max-width: 800px) 100vw, 800px\" \/><\/a>\n\t\t\t<\/div><\/figure><figure class='gallery-item'>\n\t\t\t<div class='gallery-icon landscape'>\n\t\t\t\t<a href='https:\/\/gaestehaus.ch\/wp-content\/uploads\/2025\/08\/g_sr_5_3_1.jpg'><img loading=\"lazy\" decoding=\"async\" width=\"800\" height=\"600\" src=\"https:\/\/gaestehaus.ch\/wp-content\/uploads\/2025\/08\/g_sr_5_3_1.jpg\" class=\"attachment-large size-large\" alt=\"Speisesaal Seminarraum 5\" srcset=\"https:\/\/gaestehaus.ch\/wp-content\/uploads\/2025\/08\/g_sr_5_3_1.jpg 800w, https:\/\/gaestehaus.ch\/wp-content\/uploads\/2025\/08\/g_sr_5_3_1-300x225.jpg 300w, https:\/\/gaestehaus.ch\/wp-content\/uploads\/2025\/08\/g_sr_5_3_1-768x576.jpg 768w\" sizes=\"(max-width: 800px) 100vw, 800px\" \/><\/a>\n\t\t\t<\/div><\/figure>\n\t\t<\/div>\n\n<table class=\"table\" border=\"0\" cellspacing=\"1\" cellpadding=\"1\">\n<thead>\n<tr style=\"background-color: #cb0d38;\">\n<th colspan=\"3\"><span style=\"color: #ffffff;\">Cuisine, adjacente \u00e0 la salle de r\u00e9union 5<\/span><\/th>\n<\/tr>\n<\/thead>\n<tbody>\n<tr>\n<td style=\"vertical-align: top;\" colspan=\"3\">\n<p class=\"text-align-left\">Le logement \u00ab Maison blanche \u00bb dispose d\u2019une cuisine bien \u00e9quip\u00e9e pour environ 30 personnes.<\/p>\n<\/td>\n<\/tr>\n<tr>\n<td style=\"vertical-align: top;\">\n<ul>\n<li>4 plaques de cuisson vitroc\u00e9ramique<\/li>\n<li>Four \u00e0 chaleur tournante<\/li>\n<li>R\u00e9frig\u00e9rateur (314\u00a0Litres)<\/li>\n<li>Cong\u00e9lateur (210\u00a0Litres)<\/li>\n<li>Four micro ondes<\/li>\n<li>Machine \u00e0 caf\u00e9 \u00e0 filtre<\/li>\n<li>Bouilloire<\/li>\n<li>Mixeur<\/li>\n<li>Lave vaisselle de restauration<\/li>\n<li>D\u00e9barras<\/li>\n<\/ul>\n<p>* Liste d&rsquo;inventaire d\u00e9taill\u00e9e disponible sous Downloads<\/td>\n<td style=\"vertical-align: top;\">\n<p class=\"text-align-left\">Par jour : 100 CHF<br \/>\nPar semaine : 400 CHF<\/p>\n<\/td>\n<td><\/td>\n<\/tr>\n<tr>\n<td style=\"vertical-align: top;\" colspan=\"3\"><\/td>\n<\/tr>\n<\/tbody>\n<\/table>\n<p>&nbsp;<\/p>\n<div id='gallery-3' class='gallery galleryid-99386 gallery-columns-3 gallery-size-large'><figure class='gallery-item'>\n\t\t\t<div class='gallery-icon landscape'>\n\t\t\t\t<a href='https:\/\/gaestehaus.ch\/wp-content\/uploads\/2025\/08\/g_sr_5_4_1.jpg'><img loading=\"lazy\" decoding=\"async\" width=\"800\" height=\"600\" src=\"https:\/\/gaestehaus.ch\/wp-content\/uploads\/2025\/08\/g_sr_5_4_1.jpg\" class=\"attachment-large size-large\" alt=\"K\u00fcche Seminarraum 5\" srcset=\"https:\/\/gaestehaus.ch\/wp-content\/uploads\/2025\/08\/g_sr_5_4_1.jpg 800w, https:\/\/gaestehaus.ch\/wp-content\/uploads\/2025\/08\/g_sr_5_4_1-300x225.jpg 300w, https:\/\/gaestehaus.ch\/wp-content\/uploads\/2025\/08\/g_sr_5_4_1-768x576.jpg 768w\" sizes=\"(max-width: 800px) 100vw, 800px\" \/><\/a>\n\t\t\t<\/div><\/figure><figure class='gallery-item'>\n\t\t\t<div class='gallery-icon landscape'>\n\t\t\t\t<a href='https:\/\/gaestehaus.ch\/wp-content\/uploads\/2025\/08\/g_sr_5_5_1.jpg'><img loading=\"lazy\" decoding=\"async\" width=\"800\" height=\"600\" src=\"https:\/\/gaestehaus.ch\/wp-content\/uploads\/2025\/08\/g_sr_5_5_1-1024x768.jpg\" class=\"attachment-large size-large\" alt=\"K\u00fcche Seminarraum 5\" srcset=\"https:\/\/gaestehaus.ch\/wp-content\/uploads\/2025\/08\/g_sr_5_5_1-1024x768.jpg 1024w, https:\/\/gaestehaus.ch\/wp-content\/uploads\/2025\/08\/g_sr_5_5_1-300x225.jpg 300w, https:\/\/gaestehaus.ch\/wp-content\/uploads\/2025\/08\/g_sr_5_5_1-768x576.jpg 768w, https:\/\/gaestehaus.ch\/wp-content\/uploads\/2025\/08\/g_sr_5_5_1.jpg 1200w\" sizes=\"(max-width: 800px) 100vw, 800px\" \/><\/a>\n\t\t\t<\/div><\/figure>\n\t\t<\/div>\n\n<p>Vous trouverez ici\u00a0<a href=\"https:\/\/gaestehaus.ch\/fr\/groupes\/loyer\/\" target=\"_blank\" rel=\"noopener\">d\u2019autres salles de groupe<\/a>\u00a0dans l\u2019h\u00f4tel.<\/p>\n\t\t<div data-elementor-type=\"container\" data-elementor-id=\"102155\" class=\"elementor elementor-102155 elementor-102146\" data-elementor-post-type=\"elementor_library\">\n\t\t\t\t<div class=\"elementor-element elementor-element-7527569c e-flex e-con-boxed e-con e-parent\" data-id=\"7527569c\" data-element_type=\"container\">\n\t\t\t\t\t<div class=\"e-con-inner\">\n\t\t\t\t<div class=\"elementor-element elementor-element-2640d063 elementor-widget elementor-widget-text-editor\" data-id=\"2640d063\" data-element_type=\"widget\" data-widget_type=\"text-editor.default\">\n\t\t\t\t<div class=\"elementor-widget-container\">\n\t\t\t\t\t\t\t\t\t<a class=\"button\" href=\"https:\/\/gaestehaus.ch\/fr\/maison-de-groupe-maison-blanche\/reservation\/\">Demande de r\u00e9servation<\/a>\t\t\t\t\t\t\t\t<\/div>\n\t\t\t\t<\/div>\n\t\t\t\t\t<\/div>\n\t\t\t\t<\/div>\n\t\t\t\t<\/div>\n\t\t\n","protected":false},"excerpt":{"rendered":"<p>Au rez-de-chauss\u00e9e de la maison se trouvent 2 salles de conf\u00e9rences neuves et modernes. Les 2 salles sont \u00e9quip\u00e9es d\u2019un vid\u00e9o projecteur, d\u2019un \u00e9cran de projection, de haut-parleurs, tableau blanc, paperboard et mobilier de conf\u00e9rence (compris dans le prix de location). Les 2 salles peuvent aussi \u00eatre utilis\u00e9es comme salles \u00e0 manger. Depuis les salles [&hellip;]<\/p>\n","protected":false},"author":6,"featured_media":99385,"parent":99256,"menu_order":0,"comment_status":"closed","ping_status":"closed","template":"","meta":{"_acf_changed":false,"footnotes":""},"class_list":["post-99386","page","type-page","status-publish","has-post-thumbnail","hentry"],"acf":[],"_links":{"self":[{"href":"https:\/\/gaestehaus.ch\/fr\/wp-json\/wp\/v2\/pages\/99386","targetHints":{"allow":["GET"]}}],"collection":[{"href":"https:\/\/gaestehaus.ch\/fr\/wp-json\/wp\/v2\/pages"}],"about":[{"href":"https:\/\/gaestehaus.ch\/fr\/wp-json\/wp\/v2\/types\/page"}],"author":[{"embeddable":true,"href":"https:\/\/gaestehaus.ch\/fr\/wp-json\/wp\/v2\/users\/6"}],"replies":[{"embeddable":true,"href":"https:\/\/gaestehaus.ch\/fr\/wp-json\/wp\/v2\/comments?post=99386"}],"version-history":[{"count":6,"href":"https:\/\/gaestehaus.ch\/fr\/wp-json\/wp\/v2\/pages\/99386\/revisions"}],"predecessor-version":[{"id":102171,"href":"https:\/\/gaestehaus.ch\/fr\/wp-json\/wp\/v2\/pages\/99386\/revisions\/102171"}],"up":[{"embeddable":true,"href":"https:\/\/gaestehaus.ch\/fr\/wp-json\/wp\/v2\/pages\/99256"}],"wp:featuredmedia":[{"embeddable":true,"href":"https:\/\/gaestehaus.ch\/fr\/wp-json\/wp\/v2\/media\/99385"}],"wp:attachment":[{"href":"https:\/\/gaestehaus.ch\/fr\/wp-json\/wp\/v2\/media?parent=99386"}],"curies":[{"name":"wp","href":"https:\/\/api.w.org\/{rel}","templated":true}]}}