{"id":99382,"date":"2025-08-08T18:35:00","date_gmt":"2025-08-08T16:35:00","guid":{"rendered":"https:\/\/gh.uwebdev.ch\/?page_id=99382"},"modified":"2026-02-05T22:38:30","modified_gmt":"2026-02-05T21:38:30","slug":"calendrier","status":"publish","type":"page","link":"https:\/\/gaestehaus.ch\/fr\/maison-de-groupe-maison-blanche\/calendrier\/","title":{"rendered":"Calendrier des disponibilit\u00e9s logement \u00ab Maison Blanche \u00bb"},"content":{"rendered":"<p>Nous nous r\u00e9jouissons d\u2019ores et d\u00e9j\u00e0 d\u2019accueillir votre groupe ici au Beatenberg. Vous trouverez ci-dessous le plan de r\u00e9servation pour le logement \u00ab Maison Blanche \u00bb. En cas de doute concernant les possibilit\u00e9s de r\u00e9servations, n&rsquo;h\u00e9sitez pas \u00e0 nous contacter. Nous vous enverrons volontiers une offre sans engagement de votre part.<\/p>\n<p>Ce plan de r\u00e9servation concerne uniquement les r\u00e9servations pour groupes. La disponibilit\u00e9 des chambres ne figure pas sur ce tableau. Les personnes qui souhaitent s\u00e9journer dans une chambre individuelle doivent utiliser le\u00a0<a href=\"https:\/\/gaestehaus.ch\/fr\/contact\/reservation\">formulaire de r\u00e9servation<\/a>.<\/p>\n<style>\n    .responsive-iframe-container { background-color: inherit;padding: 0;margin: 0;max-width: 100%;position: relative;overflow: hidden;}    .responsive-iframe-container iframe {background-color: inherit;   width: 100%;height: 700px;border: none;  }<br \/><\/style>\n<div class=\"responsive-iframe-container\"><iframe id=\"gruppenhausIframe\" src=\"https:\/\/www.gruppenhaus.ch\/kalender_extern_2?id=1231&amp;lang=de&amp;month=24&amp;showProv=false&amp;autoExpandLegend=true\" data-mce-fragment=\"1\"><\/iframe><\/div>\n\t\t<div data-elementor-type=\"container\" data-elementor-id=\"102155\" class=\"elementor elementor-102155 elementor-102146\" data-elementor-post-type=\"elementor_library\">\n\t\t\t\t<div class=\"elementor-element elementor-element-7527569c e-flex e-con-boxed e-con e-parent\" data-id=\"7527569c\" data-element_type=\"container\">\n\t\t\t\t\t<div class=\"e-con-inner\">\n\t\t\t\t<div class=\"elementor-element elementor-element-2640d063 elementor-widget elementor-widget-text-editor\" data-id=\"2640d063\" data-element_type=\"widget\" data-widget_type=\"text-editor.default\">\n\t\t\t\t<div class=\"elementor-widget-container\">\n\t\t\t\t\t\t\t\t\t<a class=\"button\" href=\"https:\/\/gaestehaus.ch\/fr\/maison-de-groupe-maison-blanche\/reservation\/\">Demande de r\u00e9servation<\/a>\t\t\t\t\t\t\t\t<\/div>\n\t\t\t\t<\/div>\n\t\t\t\t\t<\/div>\n\t\t\t\t<\/div>\n\t\t\t\t<\/div>\n\t\t\n","protected":false},"excerpt":{"rendered":"<p>Nous nous r\u00e9jouissons d\u2019ores et d\u00e9j\u00e0 d\u2019accueillir votre groupe ici au Beatenberg. Vous trouverez ci-dessous le plan de r\u00e9servation pour le logement \u00ab Maison Blanche \u00bb. En cas de doute concernant les possibilit\u00e9s de r\u00e9servations, n&rsquo;h\u00e9sitez pas \u00e0 nous contacter. Nous vous enverrons volontiers une offre sans engagement de votre part. Ce plan de r\u00e9servation [&hellip;]<\/p>\n","protected":false},"author":6,"featured_media":98609,"parent":99256,"menu_order":0,"comment_status":"closed","ping_status":"closed","template":"","meta":{"_acf_changed":false,"footnotes":""},"class_list":["post-99382","page","type-page","status-publish","has-post-thumbnail","hentry"],"acf":[],"_links":{"self":[{"href":"https:\/\/gaestehaus.ch\/fr\/wp-json\/wp\/v2\/pages\/99382","targetHints":{"allow":["GET"]}}],"collection":[{"href":"https:\/\/gaestehaus.ch\/fr\/wp-json\/wp\/v2\/pages"}],"about":[{"href":"https:\/\/gaestehaus.ch\/fr\/wp-json\/wp\/v2\/types\/page"}],"author":[{"embeddable":true,"href":"https:\/\/gaestehaus.ch\/fr\/wp-json\/wp\/v2\/users\/6"}],"replies":[{"embeddable":true,"href":"https:\/\/gaestehaus.ch\/fr\/wp-json\/wp\/v2\/comments?post=99382"}],"version-history":[{"count":5,"href":"https:\/\/gaestehaus.ch\/fr\/wp-json\/wp\/v2\/pages\/99382\/revisions"}],"predecessor-version":[{"id":102159,"href":"https:\/\/gaestehaus.ch\/fr\/wp-json\/wp\/v2\/pages\/99382\/revisions\/102159"}],"up":[{"embeddable":true,"href":"https:\/\/gaestehaus.ch\/fr\/wp-json\/wp\/v2\/pages\/99256"}],"wp:featuredmedia":[{"embeddable":true,"href":"https:\/\/gaestehaus.ch\/fr\/wp-json\/wp\/v2\/media\/98609"}],"wp:attachment":[{"href":"https:\/\/gaestehaus.ch\/fr\/wp-json\/wp\/v2\/media?parent=99382"}],"curies":[{"name":"wp","href":"https:\/\/api.w.org\/{rel}","templated":true}]}}