{"id":99367,"date":"2025-08-08T18:35:00","date_gmt":"2025-08-08T16:35:00","guid":{"rendered":"https:\/\/gh.uwebdev.ch\/?page_id=99367"},"modified":"2025-12-28T11:46:30","modified_gmt":"2025-12-28T10:46:30","slug":"horaires","status":"publish","type":"page","link":"https:\/\/gaestehaus.ch\/fr\/contact\/horaires\/","title":{"rendered":"Heures d\u2019ouverture"},"content":{"rendered":"<h3><strong>Notre r\u00e9ception est ouverte aux heures suivantes :<\/strong><\/h3>\n<table class=\"table\" border=\"0\" width=\"100%\" cellspacing=\"1\" cellpadding=\"1\">\n<thead>\n<tr style=\"background-color: #cb0d38;\">\n<th style=\"text-align: center;\" colspan=\"2\"><span style=\"color: #ffffff;\">Lundi au Dimanche<\/span><\/th>\n<\/tr>\n<\/thead>\n<tbody>\n<tr>\n<td style=\"text-align: center;\">\n<p class=\"text-align-center\">08h00 &#8211; 12h15<\/p>\n<\/td>\n<td style=\"text-align: center;\">\n<p class=\"text-align-center\">15h00 &#8211; 19h00<\/p>\n<\/td>\n<\/tr>\n<\/tbody>\n<\/table>\n<p>La r\u00e9ception est partiellement ouverte les week-ends et les jours f\u00e9ri\u00e9s.<\/p>\n<p>&nbsp;<\/p>\n<table class=\"table\" style=\"display: none;\" border=\"0\" width=\"100%\" cellspacing=\"1\" cellpadding=\"1\">\n<thead>\n<tr style=\"background-color: #cb0d38;\">\n<th style=\"text-align: center;\" colspan=\"2\"><span style=\"color: #ffffff;\">Maison d&rsquo;h\u00f4tes ferm\u00e9e<\/span><\/th>\n<\/tr>\n<\/thead>\n<tbody>\n<tr>\n<td>\n<p class=\"text-align-center\">La maison d&rsquo;h\u00f4tes sera ferm\u00e9e \u00e0 partir du lundi 1er d\u00e9cembre. Nous serons heureux de vous accueillir \u00e0 nouveau \u00e0 partir du samedi 27 d\u00e9cembre \u00e0 15h00.<\/p>\n<\/td>\n<\/tr>\n<\/tbody>\n<\/table>\n<p>&nbsp;<\/p>\n","protected":false},"excerpt":{"rendered":"<p>Notre r\u00e9ception est ouverte aux heures suivantes : Lundi au Dimanche 08h00 &#8211; 12h15 15h00 &#8211; 19h00 La r\u00e9ception est partiellement ouverte les week-ends et les jours f\u00e9ri\u00e9s. &nbsp; Maison d&rsquo;h\u00f4tes ferm\u00e9e La maison d&rsquo;h\u00f4tes sera ferm\u00e9e \u00e0 partir du lundi 1er d\u00e9cembre. Nous serons heureux de vous accueillir \u00e0 nouveau \u00e0 partir du samedi [&hellip;]<\/p>\n","protected":false},"author":6,"featured_media":99366,"parent":99351,"menu_order":0,"comment_status":"closed","ping_status":"closed","template":"","meta":{"_acf_changed":false,"footnotes":""},"class_list":["post-99367","page","type-page","status-publish","has-post-thumbnail","hentry"],"acf":[],"_links":{"self":[{"href":"https:\/\/gaestehaus.ch\/fr\/wp-json\/wp\/v2\/pages\/99367","targetHints":{"allow":["GET"]}}],"collection":[{"href":"https:\/\/gaestehaus.ch\/fr\/wp-json\/wp\/v2\/pages"}],"about":[{"href":"https:\/\/gaestehaus.ch\/fr\/wp-json\/wp\/v2\/types\/page"}],"author":[{"embeddable":true,"href":"https:\/\/gaestehaus.ch\/fr\/wp-json\/wp\/v2\/users\/6"}],"replies":[{"embeddable":true,"href":"https:\/\/gaestehaus.ch\/fr\/wp-json\/wp\/v2\/comments?post=99367"}],"version-history":[{"count":5,"href":"https:\/\/gaestehaus.ch\/fr\/wp-json\/wp\/v2\/pages\/99367\/revisions"}],"predecessor-version":[{"id":101726,"href":"https:\/\/gaestehaus.ch\/fr\/wp-json\/wp\/v2\/pages\/99367\/revisions\/101726"}],"up":[{"embeddable":true,"href":"https:\/\/gaestehaus.ch\/fr\/wp-json\/wp\/v2\/pages\/99351"}],"wp:featuredmedia":[{"embeddable":true,"href":"https:\/\/gaestehaus.ch\/fr\/wp-json\/wp\/v2\/media\/99366"}],"wp:attachment":[{"href":"https:\/\/gaestehaus.ch\/fr\/wp-json\/wp\/v2\/media?parent=99367"}],"curies":[{"name":"wp","href":"https:\/\/api.w.org\/{rel}","templated":true}]}}