{"id":99363,"date":"2025-08-08T18:35:00","date_gmt":"2025-08-08T16:35:00","guid":{"rendered":"https:\/\/gh.uwebdev.ch\/?page_id=99363"},"modified":"2025-11-17T23:05:30","modified_gmt":"2025-11-17T22:05:30","slug":"coordonnees-bancaires","status":"publish","type":"page","link":"https:\/\/gaestehaus.ch\/fr\/contact\/coordonnees-bancaires\/","title":{"rendered":"Nos coordonn\u00e9es bancaires"},"content":{"rendered":"<p><span style=\"color: #cb0d38;\"><strong class=\"sbt-red\">Veuillez utiliser ces coordonn\u00e9es bancaires uniquement pour les paiements \u00e0 la maison d&rsquo;h\u00f4tes (factures, acomptes, etc.), mais pas pour les dons !<\/strong><\/span><\/p>\n<p>Pour les dons, veuillez utiliser le\u00a0<a href=\"https:\/\/sbt.education\/unterstuetzung\/geben\/\" target=\"_blank\" rel=\"noopener\">compte de dons<\/a>\u00a0s\u00e9par\u00e9.<\/p>\n<p>&nbsp;<\/p>\n<h2>Nom du compte<\/h2>\n<p>Seminar f\u00fcr biblische Theologie Beatenberg G\u00e4stehaus<br \/>\nCH-3803 Beatenberg<\/p>\n<h3>Compte postal Suisse<\/h3>\n<p>PostFinance<br \/>\nCH-3030 Bern<\/p>\n<p>IBAN: CH31 0900 0000 6013 4090 3<br \/>\nBIC\/SWIFT: POFICHBEXXX<\/p>\n<p>&nbsp;<\/p>\n<p><a class=\"button\" href=\"https:\/\/gaestehaus.ch\/wp-content\/uploads\/2025\/08\/sbt-GH-CHF-QR-Rechnung.pdf\">Ouvrir la section paiement<\/a><\/p>\n","protected":false},"excerpt":{"rendered":"<p>Veuillez utiliser ces coordonn\u00e9es bancaires uniquement pour les paiements \u00e0 la maison d&rsquo;h\u00f4tes (factures, acomptes, etc.), mais pas pour les dons ! Pour les dons, veuillez utiliser le\u00a0compte de dons\u00a0s\u00e9par\u00e9. &nbsp; Nom du compte Seminar f\u00fcr biblische Theologie Beatenberg G\u00e4stehaus CH-3803 Beatenberg Compte postal Suisse PostFinance CH-3030 Bern IBAN: CH31 0900 0000 6013 4090 3 [&hellip;]<\/p>\n","protected":false},"author":6,"featured_media":98206,"parent":99351,"menu_order":0,"comment_status":"closed","ping_status":"closed","template":"","meta":{"_acf_changed":false,"footnotes":""},"class_list":["post-99363","page","type-page","status-publish","has-post-thumbnail","hentry"],"acf":[],"_links":{"self":[{"href":"https:\/\/gaestehaus.ch\/fr\/wp-json\/wp\/v2\/pages\/99363","targetHints":{"allow":["GET"]}}],"collection":[{"href":"https:\/\/gaestehaus.ch\/fr\/wp-json\/wp\/v2\/pages"}],"about":[{"href":"https:\/\/gaestehaus.ch\/fr\/wp-json\/wp\/v2\/types\/page"}],"author":[{"embeddable":true,"href":"https:\/\/gaestehaus.ch\/fr\/wp-json\/wp\/v2\/users\/6"}],"replies":[{"embeddable":true,"href":"https:\/\/gaestehaus.ch\/fr\/wp-json\/wp\/v2\/comments?post=99363"}],"version-history":[{"count":3,"href":"https:\/\/gaestehaus.ch\/fr\/wp-json\/wp\/v2\/pages\/99363\/revisions"}],"predecessor-version":[{"id":101438,"href":"https:\/\/gaestehaus.ch\/fr\/wp-json\/wp\/v2\/pages\/99363\/revisions\/101438"}],"up":[{"embeddable":true,"href":"https:\/\/gaestehaus.ch\/fr\/wp-json\/wp\/v2\/pages\/99351"}],"wp:featuredmedia":[{"embeddable":true,"href":"https:\/\/gaestehaus.ch\/fr\/wp-json\/wp\/v2\/media\/98206"}],"wp:attachment":[{"href":"https:\/\/gaestehaus.ch\/fr\/wp-json\/wp\/v2\/media?parent=99363"}],"curies":[{"name":"wp","href":"https:\/\/api.w.org\/{rel}","templated":true}]}}