{"id":99358,"date":"2025-08-08T18:35:00","date_gmt":"2025-08-08T16:35:00","guid":{"rendered":"https:\/\/gh.uwebdev.ch\/?page_id=99358"},"modified":"2025-11-04T07:35:57","modified_gmt":"2025-11-04T06:35:57","slug":"instructions","status":"publish","type":"page","link":"https:\/\/gaestehaus.ch\/fr\/contact\/instructions\/","title":{"rendered":"Arriv\u00e9e et Parking"},"content":{"rendered":"<h2>En train<\/h2>\n<p>Prenez le train jusqu\u2019 \u00e0 Interlaken West. Ensuite prenez le bus CarPostal no 101 en direction de Beatenberg. Descendez du bus \u00e0 l\u2019arr\u00eat \u00ab Wydi \u00bb. Notre h\u00f4tel se trouve \u00e0 150 m \u00e0 pied de l\u2019arr\u00eat de bus, sur votre droite.<\/p>\n<p><a href=\"https:\/\/www.sbb.ch\/fr\/acheter\/pages\/fahrplan\/fahrplan.xhtml\" target=\"_blank\" rel=\"noopener\">L&rsquo;horaire CFF<\/a><\/p>\n<p>&nbsp;<\/p>\n<h2>En voiture<\/h2>\n<p>prenez l&rsquo;autoroute A6 et A8 Berne\/Spiez\/Interlaken ou A4, A14, A2 et A8 Zurich\/Lucerne\/Br\u00fcnig\/Interlaken. A Interlaken West, quittez l&rsquo;autoroute et suivez les panneaux pour Beatenberg. Beatenberg se trouve \u00e0 10 km d&rsquo;Interlaken.<\/p>\n<p>Notre localisation c\u2019est \u00ab\u00a0<span style=\"color: #cb0d38;\"><strong><span class=\"sbt-red\">Spirenwaldstrasse 356<\/span><\/strong><\/span>\u00ab\u00a0.\u00a0<span class=\"sbt-red\" style=\"color: #cb0d38;\">Veuillez noter que les appareils de navigation tels GPS proposent un itin\u00e9raire plus compliqu\u00e9. Indiquez donc \u00ab\u00a0via Interlaken\u00a0\u00bb.<\/span><\/p>\n<p><iframe src=\"https:\/\/www.google.com\/maps\/embed?pb=!1m18!1m12!1m3!1d3221.2553254834347!2d7.791003551885213!3d46.69693277602535!2m3!1f0!2f0!3f0!3m2!1i1024!2i768!4f13.1!3m3!1m2!1s0x478fa541ea3bc1d3%3A0x34f9476d59b2d911!2ssbt+Beatenberg+G%C3%A4stehaus!5e1!3m2!1sde!2sch!4v1453821438443\" width=\"100%\" height=\"420\" frameborder=\"0\" data-mce-fragment=\"1\"><\/iframe><\/p>\n<p>&nbsp;<\/p>\n<h2>Facilit\u00e9s de stationnement<\/h2>\n<p>Nous avons 40 places de parking gratuites \u00e0 votre disposition. Veuillez utiliser UNIQUEMENT les places de parc marqu\u00e9es sur le plan. Les places de parking marqu\u00e9es \u00ab\u00a0priv\u00e9\u00a0\u00bb ne sont pas disponibles. L&rsquo;acc\u00e8s aux b\u00e2timents doit rester garanti pour les pompiers et les services de secours. Veuillez donc ne pas garer de v\u00e9hicules dans la zone de l&rsquo;all\u00e9e, de l&rsquo;acc\u00e8s aux b\u00e2timents (entr\u00e9e principale, entr\u00e9e c\u00f4t\u00e9 est) et des maisons de vacances en haut de la coline.<\/p>\n<p><a href=\"https:\/\/gaestehaus.ch\/wp-content\/uploads\/2025\/08\/sbt-Parking_gross-scaled.jpg\"><img fetchpriority=\"high\" decoding=\"async\" class=\"alignnone wp-image-97529 size-large\" src=\"https:\/\/gaestehaus.ch\/wp-content\/uploads\/2025\/08\/sbt-Parking_gross-724x1024.jpg\" alt=\"\" width=\"724\" height=\"1024\" srcset=\"https:\/\/gaestehaus.ch\/wp-content\/uploads\/2025\/08\/sbt-Parking_gross-724x1024.jpg 724w, https:\/\/gaestehaus.ch\/wp-content\/uploads\/2025\/08\/sbt-Parking_gross-212x300.jpg 212w, https:\/\/gaestehaus.ch\/wp-content\/uploads\/2025\/08\/sbt-Parking_gross-768x1086.jpg 768w, https:\/\/gaestehaus.ch\/wp-content\/uploads\/2025\/08\/sbt-Parking_gross-1086x1536.jpg 1086w, https:\/\/gaestehaus.ch\/wp-content\/uploads\/2025\/08\/sbt-Parking_gross-1448x2048.jpg 1448w, https:\/\/gaestehaus.ch\/wp-content\/uploads\/2025\/08\/sbt-Parking_gross-scaled.jpg 1810w\" sizes=\"(max-width: 724px) 100vw, 724px\" \/><\/a><\/p>\n<p>Si les places de stationnement marqu\u00e9es ne suffisent pas, veuillez utiliser le parking public Wydi de la commune de Beatenberg qui se trouve \u00e0 une minute de marche.<\/p>\n","protected":false},"excerpt":{"rendered":"<p>En train Prenez le train jusqu\u2019 \u00e0 Interlaken West. Ensuite prenez le bus CarPostal no 101 en direction de Beatenberg. Descendez du bus \u00e0 l\u2019arr\u00eat \u00ab Wydi \u00bb. Notre h\u00f4tel se trouve \u00e0 150 m \u00e0 pied de l\u2019arr\u00eat de bus, sur votre droite. L&rsquo;horaire CFF &nbsp; En voiture prenez l&rsquo;autoroute A6 et A8 Berne\/Spiez\/Interlaken [&hellip;]<\/p>\n","protected":false},"author":6,"featured_media":99357,"parent":99351,"menu_order":0,"comment_status":"closed","ping_status":"closed","template":"","meta":{"_acf_changed":false,"footnotes":""},"class_list":["post-99358","page","type-page","status-publish","has-post-thumbnail","hentry"],"acf":[],"_links":{"self":[{"href":"https:\/\/gaestehaus.ch\/fr\/wp-json\/wp\/v2\/pages\/99358","targetHints":{"allow":["GET"]}}],"collection":[{"href":"https:\/\/gaestehaus.ch\/fr\/wp-json\/wp\/v2\/pages"}],"about":[{"href":"https:\/\/gaestehaus.ch\/fr\/wp-json\/wp\/v2\/types\/page"}],"author":[{"embeddable":true,"href":"https:\/\/gaestehaus.ch\/fr\/wp-json\/wp\/v2\/users\/6"}],"replies":[{"embeddable":true,"href":"https:\/\/gaestehaus.ch\/fr\/wp-json\/wp\/v2\/comments?post=99358"}],"version-history":[{"count":2,"href":"https:\/\/gaestehaus.ch\/fr\/wp-json\/wp\/v2\/pages\/99358\/revisions"}],"predecessor-version":[{"id":99362,"href":"https:\/\/gaestehaus.ch\/fr\/wp-json\/wp\/v2\/pages\/99358\/revisions\/99362"}],"up":[{"embeddable":true,"href":"https:\/\/gaestehaus.ch\/fr\/wp-json\/wp\/v2\/pages\/99351"}],"wp:featuredmedia":[{"embeddable":true,"href":"https:\/\/gaestehaus.ch\/fr\/wp-json\/wp\/v2\/media\/99357"}],"wp:attachment":[{"href":"https:\/\/gaestehaus.ch\/fr\/wp-json\/wp\/v2\/media?parent=99358"}],"curies":[{"name":"wp","href":"https:\/\/api.w.org\/{rel}","templated":true}]}}