{"id":99351,"date":"2025-08-08T18:35:00","date_gmt":"2025-08-08T16:35:00","guid":{"rendered":"https:\/\/gh.uwebdev.ch\/?page_id=99351"},"modified":"2025-11-06T10:17:30","modified_gmt":"2025-11-06T09:17:30","slug":"contact","status":"publish","type":"page","link":"https:\/\/gaestehaus.ch\/fr\/contact\/","title":{"rendered":"Contact (r\u00e9ception)"},"content":{"rendered":"<p class=\"text-align-center\" style=\"text-align: center;\">Seminar f\u00fcr biblische Theologie<br \/>\nG\u00e4stehaus<br \/>\nSpirenwaldstrasse 356<br \/>\nCH-3803 Beatenberg<\/p>\n<p class=\"text-align-center\" style=\"text-align: center;\">Tel.: +41 33 841 80 00<\/p>\n<p class=\"text-align-center\" style=\"text-align: center;\"><a href=\"http:\/\/www.gaestehaus.ch\/\" target=\"_blank\" rel=\"noopener\">www.gaestehaus.ch<\/a><br \/>\n<a href=\"mailto:info@gaestehaus.ch\">info@gaestehaus.ch<\/a><\/p>\n<p style=\"text-align: center;\"><a class=\"button button-default\" href=\"https:\/\/gaestehaus.ch\/fr\/contact\/formulaire\/\">Contact<\/a> <a class=\"button button-default\" href=\"https:\/\/gaestehaus.ch\/fr\/contact-reservation\/\">Demande de r\u00e9servation<\/a><\/p>\n<p>&nbsp;<\/p>\n<p><img decoding=\"async\" class=\"aligncenter wp-image-1931 size-thumbnail\" src=\"https:\/\/gaestehaus.ch\/wp-content\/uploads\/2025\/08\/crew_tobias-girsberger-150x150.jpg\" alt=\"\" width=\"150\" height=\"150\" srcset=\"https:\/\/gaestehaus.ch\/wp-content\/uploads\/2025\/08\/crew_tobias-girsberger-150x150.jpg 150w, https:\/\/gaestehaus.ch\/wp-content\/uploads\/2025\/08\/crew_tobias-girsberger.jpg 299w\" sizes=\"(max-width: 150px) 100vw, 150px\" \/><\/p>\n<p style=\"text-align: center;\">Tobias Girsberger,<br \/>\nResponsable de l\u2019h\u00f4tel<\/p>\n\t\t<div data-elementor-type=\"container\" data-elementor-id=\"97384\" class=\"elementor elementor-97384\" data-elementor-post-type=\"elementor_library\">\n\t\t\t\t<div class=\"elementor-element elementor-element-a3f68bb e-flex e-con-boxed e-con e-parent\" data-id=\"a3f68bb\" data-element_type=\"container\">\n\t\t\t\t\t<div class=\"e-con-inner\">\n\t\t\t\t<div class=\"elementor-element elementor-element-139cc81 elementor-grid-2 elementor-grid-tablet-2 elementor-grid-mobile-1 elementor-widget elementor-widget-loop-grid\" data-id=\"139cc81\" data-element_type=\"widget\" data-settings=\"{&quot;template_id&quot;:705,&quot;columns&quot;:2,&quot;_skin&quot;:&quot;post&quot;,&quot;columns_tablet&quot;:&quot;2&quot;,&quot;columns_mobile&quot;:&quot;1&quot;,&quot;edit_handle_selector&quot;:&quot;[data-elementor-type=\\&quot;loop-item\\&quot;]&quot;,&quot;row_gap&quot;:{&quot;unit&quot;:&quot;px&quot;,&quot;size&quot;:&quot;&quot;,&quot;sizes&quot;:[]},&quot;row_gap_tablet&quot;:{&quot;unit&quot;:&quot;px&quot;,&quot;size&quot;:&quot;&quot;,&quot;sizes&quot;:[]},&quot;row_gap_mobile&quot;:{&quot;unit&quot;:&quot;px&quot;,&quot;size&quot;:&quot;&quot;,&quot;sizes&quot;:[]}}\" data-widget_type=\"loop-grid.post\">\n\t\t\t\t<div class=\"elementor-widget-container\">\n\t\t\t\t\t\t\t<div class=\"elementor-loop-container elementor-grid\" role=\"list\">\n\t\t<style id=\"loop-dynamic-705\">.e-loop-item-99367 .elementor-element.elementor-element-4d8a501:not(.elementor-motion-effects-element-type-background), .e-loop-item-99367 .elementor-element.elementor-element-4d8a501 > .elementor-motion-effects-container > .elementor-motion-effects-layer{background-image:url(\"https:\/\/gaestehaus.ch\/wp-content\/uploads\/2025\/08\/head62.jpg\");}<\/style><style id=\"loop-705\">.elementor-705 .elementor-element.elementor-element-c7a0b83{--display:flex;--flex-direction:column;--container-widget-width:100%;--container-widget-height:initial;--container-widget-flex-grow:0;--container-widget-align-self:initial;--flex-wrap-mobile:wrap;--overflow:hidden;border-style:solid;--border-style:solid;border-width:2px 2px 2px 2px;--border-top-width:2px;--border-right-width:2px;--border-bottom-width:2px;--border-left-width:2px;border-color:var( --e-global-color-3b1901e );--border-color:var( --e-global-color-3b1901e );--border-radius:var(--boxradius) var(--boxradius) var(--boxradius) var(--boxradius);--padding-top:0px;--padding-bottom:20px;--padding-left:0px;--padding-right:0px;}.elementor-705 .elementor-element.elementor-element-c7a0b83:not(.elementor-motion-effects-element-type-background), .elementor-705 .elementor-element.elementor-element-c7a0b83 > .elementor-motion-effects-container > .elementor-motion-effects-layer{background-color:var( --e-global-color-56b08b1 );}.elementor-705 .elementor-element.elementor-element-c7a0b83:hover{border-style:solid;border-width:2px 2px 2px 2px;--border-top-width:2px;--border-right-width:2px;--border-bottom-width:2px;--border-left-width:2px;border-color:var( --e-global-color-accent );--border-color:var( --e-global-color-accent );}.elementor-705 .elementor-element.elementor-element-c7a0b83, .elementor-705 .elementor-element.elementor-element-c7a0b83::before{--border-transition:0.3s;}.elementor-705 .elementor-element.elementor-element-4d8a501{--display:flex;border-style:none;--border-style:none;--border-radius:0 0 0 0;--padding-top:0%;--padding-bottom:60%;--padding-left:0%;--padding-right:0%;}.elementor-705 .elementor-element.elementor-element-4d8a501:not(.elementor-motion-effects-element-type-background), .elementor-705 .elementor-element.elementor-element-4d8a501 > .elementor-motion-effects-container > .elementor-motion-effects-layer{background-position:center center;background-repeat:no-repeat;background-size:cover;}.elementor-widget-theme-post-title .elementor-heading-title{font-family:var( --e-global-typography-primary-font-family ), Sans-serif;font-weight:var( --e-global-typography-primary-font-weight );line-height:var( --e-global-typography-primary-line-height );color:var( --e-global-color-primary );}.elementor-705 .elementor-element.elementor-element-a86752d{text-align:center;}.elementor-705 .elementor-element.elementor-element-a86752d .elementor-heading-title{font-family:\"Trebuchet MS\", Sans-serif;font-weight:700;line-height:1.1;}@media(min-width:768px){.elementor-705 .elementor-element.elementor-element-4d8a501{--width:100%;}}@media(min-width:1025px){.elementor-705 .elementor-element.elementor-element-4d8a501:not(.elementor-motion-effects-element-type-background), .elementor-705 .elementor-element.elementor-element-4d8a501 > .elementor-motion-effects-container > .elementor-motion-effects-layer{background-attachment:scroll;}}@media(max-width:1024px){.elementor-widget-theme-post-title .elementor-heading-title{line-height:var( --e-global-typography-primary-line-height );}}@media(max-width:767px){.elementor-widget-theme-post-title .elementor-heading-title{line-height:var( --e-global-typography-primary-line-height );}}<\/style>\t\t<div data-elementor-type=\"loop-item\" data-elementor-id=\"705\" class=\"elementor elementor-705 e-loop-item e-loop-item-99367 post-99367 page type-page status-publish has-post-thumbnail hentry\" data-elementor-post-type=\"elementor_library\" data-custom-edit-handle=\"1\">\n\t\t\t<a class=\"elementor-element elementor-element-c7a0b83 e-flex e-con-boxed e-con e-parent\" data-id=\"c7a0b83\" data-element_type=\"container\" data-settings=\"{&quot;background_background&quot;:&quot;classic&quot;}\" href=\"https:\/\/gaestehaus.ch\/fr\/contact\/horaires\/\">\n\t\t\t\t\t<div class=\"e-con-inner\">\n\t\t<div class=\"elementor-element elementor-element-4d8a501 e-con-full e-flex e-con e-child\" data-id=\"4d8a501\" data-element_type=\"container\" data-settings=\"{&quot;background_background&quot;:&quot;classic&quot;}\">\n\t\t\t\t<\/div>\n\t\t\t\t<div class=\"elementor-element elementor-element-a86752d elementor-widget elementor-widget-theme-post-title elementor-page-title elementor-widget-heading\" data-id=\"a86752d\" data-element_type=\"widget\" data-widget_type=\"theme-post-title.default\">\n\t\t\t\t<div class=\"elementor-widget-container\">\n\t\t\t\t\t<h4 class=\"elementor-heading-title elementor-size-default\">Heures d\u2019ouverture<\/h4>\t\t\t\t<\/div>\n\t\t\t\t<\/div>\n\t\t\t\t\t<\/div>\n\t\t\t\t<\/a>\n\t\t\t\t<\/div>\n\t\t<style id=\"loop-dynamic-705\">.e-loop-item-99358 .elementor-element.elementor-element-4d8a501:not(.elementor-motion-effects-element-type-background), .e-loop-item-99358 .elementor-element.elementor-element-4d8a501 > .elementor-motion-effects-container > .elementor-motion-effects-layer{background-image:url(\"https:\/\/gaestehaus.ch\/wp-content\/uploads\/2025\/08\/head64.jpg\");}<\/style>\t\t<div data-elementor-type=\"loop-item\" data-elementor-id=\"705\" class=\"elementor elementor-705 e-loop-item e-loop-item-99358 post-99358 page type-page status-publish has-post-thumbnail hentry\" data-elementor-post-type=\"elementor_library\" data-custom-edit-handle=\"1\">\n\t\t\t<a class=\"elementor-element elementor-element-c7a0b83 e-flex e-con-boxed e-con e-parent\" data-id=\"c7a0b83\" data-element_type=\"container\" data-settings=\"{&quot;background_background&quot;:&quot;classic&quot;}\" href=\"https:\/\/gaestehaus.ch\/fr\/contact\/instructions\/\">\n\t\t\t\t\t<div class=\"e-con-inner\">\n\t\t<div class=\"elementor-element elementor-element-4d8a501 e-con-full e-flex e-con e-child\" data-id=\"4d8a501\" data-element_type=\"container\" data-settings=\"{&quot;background_background&quot;:&quot;classic&quot;}\">\n\t\t\t\t<\/div>\n\t\t\t\t<div class=\"elementor-element elementor-element-a86752d elementor-widget elementor-widget-theme-post-title elementor-page-title elementor-widget-heading\" data-id=\"a86752d\" data-element_type=\"widget\" data-widget_type=\"theme-post-title.default\">\n\t\t\t\t<div class=\"elementor-widget-container\">\n\t\t\t\t\t<h4 class=\"elementor-heading-title elementor-size-default\">Arriv\u00e9e et Parking<\/h4>\t\t\t\t<\/div>\n\t\t\t\t<\/div>\n\t\t\t\t\t<\/div>\n\t\t\t\t<\/a>\n\t\t\t\t<\/div>\n\t\t<style id=\"loop-dynamic-705\">.e-loop-item-99363 .elementor-element.elementor-element-4d8a501:not(.elementor-motion-effects-element-type-background), .e-loop-item-99363 .elementor-element.elementor-element-4d8a501 > .elementor-motion-effects-container > .elementor-motion-effects-layer{background-image:url(\"https:\/\/gaestehaus.ch\/wp-content\/uploads\/2025\/08\/head12.jpg\");}<\/style>\t\t<div data-elementor-type=\"loop-item\" data-elementor-id=\"705\" class=\"elementor elementor-705 e-loop-item e-loop-item-99363 post-99363 page type-page status-publish has-post-thumbnail hentry\" data-elementor-post-type=\"elementor_library\" data-custom-edit-handle=\"1\">\n\t\t\t<a class=\"elementor-element elementor-element-c7a0b83 e-flex e-con-boxed e-con e-parent\" data-id=\"c7a0b83\" data-element_type=\"container\" data-settings=\"{&quot;background_background&quot;:&quot;classic&quot;}\" href=\"https:\/\/gaestehaus.ch\/fr\/contact\/coordonnees-bancaires\/\">\n\t\t\t\t\t<div class=\"e-con-inner\">\n\t\t<div class=\"elementor-element elementor-element-4d8a501 e-con-full e-flex e-con e-child\" data-id=\"4d8a501\" data-element_type=\"container\" data-settings=\"{&quot;background_background&quot;:&quot;classic&quot;}\">\n\t\t\t\t<\/div>\n\t\t\t\t<div class=\"elementor-element elementor-element-a86752d elementor-widget elementor-widget-theme-post-title elementor-page-title elementor-widget-heading\" data-id=\"a86752d\" data-element_type=\"widget\" data-widget_type=\"theme-post-title.default\">\n\t\t\t\t<div class=\"elementor-widget-container\">\n\t\t\t\t\t<h4 class=\"elementor-heading-title elementor-size-default\">Nos coordonn\u00e9es bancaires<\/h4>\t\t\t\t<\/div>\n\t\t\t\t<\/div>\n\t\t\t\t\t<\/div>\n\t\t\t\t<\/a>\n\t\t\t\t<\/div>\n\t\t<style id=\"loop-dynamic-705\">.e-loop-item-99886 .elementor-element.elementor-element-4d8a501:not(.elementor-motion-effects-element-type-background), .e-loop-item-99886 .elementor-element.elementor-element-4d8a501 > .elementor-motion-effects-container > .elementor-motion-effects-layer{background-image:url(\"https:\/\/gaestehaus.ch\/wp-content\/uploads\/2025\/08\/head80.jpg\");}<\/style>\t\t<div data-elementor-type=\"loop-item\" data-elementor-id=\"705\" class=\"elementor elementor-705 e-loop-item e-loop-item-99886 post-99886 page type-page status-publish has-post-thumbnail hentry\" data-elementor-post-type=\"elementor_library\" data-custom-edit-handle=\"1\">\n\t\t\t<a class=\"elementor-element elementor-element-c7a0b83 e-flex e-con-boxed e-con e-parent\" data-id=\"c7a0b83\" data-element_type=\"container\" data-settings=\"{&quot;background_background&quot;:&quot;classic&quot;}\" href=\"https:\/\/gaestehaus.ch\/fr\/contact\/formulaire\/\">\n\t\t\t\t\t<div class=\"e-con-inner\">\n\t\t<div class=\"elementor-element elementor-element-4d8a501 e-con-full e-flex e-con e-child\" data-id=\"4d8a501\" data-element_type=\"container\" data-settings=\"{&quot;background_background&quot;:&quot;classic&quot;}\">\n\t\t\t\t<\/div>\n\t\t\t\t<div class=\"elementor-element elementor-element-a86752d elementor-widget elementor-widget-theme-post-title elementor-page-title elementor-widget-heading\" data-id=\"a86752d\" data-element_type=\"widget\" data-widget_type=\"theme-post-title.default\">\n\t\t\t\t<div class=\"elementor-widget-container\">\n\t\t\t\t\t<h4 class=\"elementor-heading-title elementor-size-default\">Formulaire de contact<\/h4>\t\t\t\t<\/div>\n\t\t\t\t<\/div>\n\t\t\t\t\t<\/div>\n\t\t\t\t<\/a>\n\t\t\t\t<\/div>\n\t\t\t\t<\/div>\n\t\t\n\t\t\t\t\t\t<\/div>\n\t\t\t\t<\/div>\n\t\t\t\t\t<\/div>\n\t\t\t\t<\/div>\n\t\t\t\t<\/div>\n\t\t\n<h2>Webcam<\/h2>\n<p>Nous nous r\u00e9jouissons de votre visite.<\/p>\n<p><img decoding=\"async\" class=\"img-responsive\" src=\"http:\/\/www.birkli.ch\/webcam\/bildklein\/aktuell_klein.jpg\" alt=\"http:\/\/www.birkli.ch\/webcam\/bildklein\/aktuell_klein.jpg\" width=\"100%\" height=\"100%\" \/><\/p>\n<h6 style=\"text-align: center;\">Source:\u00a0<a title=\"Quelle des Bildes\" href=\"http:\/\/www.birkli.ch\/webcam\/index.php\" target=\"_blank\" rel=\"noopener\">Chalet Birkli Beatenberg<\/a><\/h6>\n<h2>Pr\u00e9visions m\u00e9t\u00e9orologiques locales pour Beatenberg<\/h2>\n<p><iframe spellcheck=\"false\" src=\"https:\/\/meteo.search.ch\/widget\/Beatenberg\" width=\"100%\" height=\"550\" frameborder=\"0\" aria-label=\"To enrich screen reader interactions, please activate Accessibility in Grammarly extension settings\" data-mce-fragment=\"1\"><\/iframe><\/p>\n","protected":false},"excerpt":{"rendered":"<p>Seminar f\u00fcr biblische Theologie G\u00e4stehaus Spirenwaldstrasse 356 CH-3803 Beatenberg Tel.: +41 33 841 80 00 www.gaestehaus.ch info@gaestehaus.ch Contact Demande de r\u00e9servation &nbsp; Tobias Girsberger, Responsable de l\u2019h\u00f4tel Webcam Nous nous r\u00e9jouissons de votre visite. Source:\u00a0Chalet Birkli Beatenberg Pr\u00e9visions m\u00e9t\u00e9orologiques locales pour Beatenberg<\/p>\n","protected":false},"author":6,"featured_media":99350,"parent":0,"menu_order":0,"comment_status":"closed","ping_status":"closed","template":"","meta":{"_acf_changed":false,"footnotes":""},"class_list":["post-99351","page","type-page","status-publish","has-post-thumbnail","hentry"],"acf":[],"_links":{"self":[{"href":"https:\/\/gaestehaus.ch\/fr\/wp-json\/wp\/v2\/pages\/99351","targetHints":{"allow":["GET"]}}],"collection":[{"href":"https:\/\/gaestehaus.ch\/fr\/wp-json\/wp\/v2\/pages"}],"about":[{"href":"https:\/\/gaestehaus.ch\/fr\/wp-json\/wp\/v2\/types\/page"}],"author":[{"embeddable":true,"href":"https:\/\/gaestehaus.ch\/fr\/wp-json\/wp\/v2\/users\/6"}],"replies":[{"embeddable":true,"href":"https:\/\/gaestehaus.ch\/fr\/wp-json\/wp\/v2\/comments?post=99351"}],"version-history":[{"count":7,"href":"https:\/\/gaestehaus.ch\/fr\/wp-json\/wp\/v2\/pages\/99351\/revisions"}],"predecessor-version":[{"id":101008,"href":"https:\/\/gaestehaus.ch\/fr\/wp-json\/wp\/v2\/pages\/99351\/revisions\/101008"}],"wp:featuredmedia":[{"embeddable":true,"href":"https:\/\/gaestehaus.ch\/fr\/wp-json\/wp\/v2\/media\/99350"}],"wp:attachment":[{"href":"https:\/\/gaestehaus.ch\/fr\/wp-json\/wp\/v2\/media?parent=99351"}],"curies":[{"name":"wp","href":"https:\/\/api.w.org\/{rel}","templated":true}]}}