{"id":99339,"date":"2025-08-08T18:35:00","date_gmt":"2025-08-08T16:35:00","guid":{"rendered":"https:\/\/gh.uwebdev.ch\/?page_id=99339"},"modified":"2026-02-05T22:22:37","modified_gmt":"2026-02-05T21:22:37","slug":"infrastructure","status":"publish","type":"page","link":"https:\/\/gaestehaus.ch\/fr\/centre-de-vacances\/infrastructure\/","title":{"rendered":"La maison \u2013 infrastructure"},"content":{"rendered":"<p>Notre centre de vacances est compos\u00e9e de deux maisons situ\u00e9es l&rsquo;une \u00e0 c\u00f4t\u00e9 de l&rsquo;autre :<\/p>\n<h2>Maison \u00ab\u00a0La Casquette\u00a0\u00bb<\/h2>\n<ul>\n<li>Cuisine avec cuisini\u00e8re \u00e9lectrique et four (voir sous Downloads &#8211; Inventaire de cuisine)<\/li>\n<li>2 r\u00e9frig\u00e9rateurs, 1 cong\u00e9lateur<\/li>\n<li>Lave-vaisselle<\/li>\n<li>1 salle \u00e0 manger \/ salle de s\u00e9jour (\u00e0 l&rsquo;\u00e9tage, juste \u00e0 c\u00f4t\u00e9 de la cuisine)<\/li>\n<li>1 salle de s\u00e9jour avec table de ping-pong (au sous-sol)<\/li>\n<li>2 WC (utilisables uniquement pendant le semestre d&rsquo;\u00e9t\u00e9)<\/li>\n<\/ul>\n<h2>Maison \u00ab\u00a0Wartburg\u00a0\u00bb<\/h2>\n<ul>\n<li>32 lits r\u00e9partis en 6 chambres (2&#215;10 lits, 2&#215;4 lits, 2&#215;2 lits)<\/li>\n<li>Sanitaires : 2 cabines de douche et 2 WC.<br \/>\n(Accessibles uniquement de l&rsquo;ext\u00e9rieur, escalier ext\u00e9rieur couvert menant des dortoirs aux sanitaires)<\/li>\n<li>Chauffage central<\/li>\n<\/ul>\n<h2>Terrain et environs<\/h2>\n<ul>\n<li>Grande place de gravier devant la maison *<\/li>\n<li><a href=\"https:\/\/gaestehaus.ch\/fr\/general-terrain\/\">Place de pique-nique couverte avec un grand grill \u00e0 proximit\u00e9<\/a><\/li>\n<li><a href=\"https:\/\/gaestehaus.ch\/fr\/general-terrain\/#Mega-Foot\">Baby-foot grandeur nature<\/a>, uniquement en \u00e9t\u00e9, compris dans la location de la maison<\/li>\n<li><a href=\"https:\/\/gaestehaus.ch\/fr\/general-terrain\/#Tyrolienne\">Tyrolienne pour enfant<\/a><\/li>\n<li><a href=\"https:\/\/gaestehaus.ch\/fr\/general-terrain\/#Toboggan\">Toboggan d\u2018eau<\/a>\u00a0\u00e0 proximit\u00e9 de la maison, uniquement en \u00e9t\u00e9, compris dans la location de la maison<\/li>\n<li>Proche de la for\u00eat<\/li>\n<li>Nombreuses possibilit\u00e9s d\u2019activit\u00e9s, sports, excursions (marche, ski, etc\u2026)<\/li>\n<\/ul>\n<h2>Informations g\u00e9n\u00e9rales<\/h2>\n<ul>\n<li>WLAN gratuit dans l\u2019h\u00f4tel, \u00e0 100 m\u00e8tres<\/li>\n<li>Possibilit\u00e9 de donner \u00e0 coup de mains (workcamp)<\/li>\n<\/ul>\n<h2>Nettoyage<\/h2>\n<p>Le centre de vacances doit \u00eatre nettoy\u00e9 par vos soins selon le plan de nettoyage et la checklist et sera contr\u00f4l\u00e9 avant votre d\u00e9part.<\/p>\n<p>Nous mettons \u00e0 votre disposition:<\/p>\n<ul>\n<li>Housses de couette et d&rsquo;oreiller<\/li>\n<li>Produits de nettoyage<\/li>\n<li>Torchons, chiffons, serpill\u00e8res<\/li>\n<li>Balais, mat\u00e9riel \u00e0 r\u00e9curer<\/li>\n<\/ul>\n<h2>A prendre avec<\/h2>\n<ul>\n<li>Papier de toilette<\/li>\n<li>Papier de m\u00e9nage<\/li>\n<li>Linge pour les mains<\/li>\n<li>Linge de cuisine<\/li>\n<li>Produits de vaisselle<\/li>\n<li>Savon pour les mains<\/li>\n<li>Sac de couchage<\/li>\n<li>Caf\u00e9 pour cafeti\u00e8re filtre<\/li>\n<li>Capsules Nespresso<\/li>\n<\/ul>\n<p>&nbsp;<\/p>\n<h3>* Terrain \/ Parvis<\/h3>\n<p>Le terrain autour de centre de vacances est \u00e0 votre disposition. Veuillez noter que l&rsquo;esplanade est en partie utilis\u00e9e par le trafic interne ou que d&rsquo;autres groupes peuvent utiliser l&rsquo;espace barbecue (apr\u00e8s accord pr\u00e9alable). De m\u00eame, il y a des places de parking pr\u00e8s de centre de vacances, qui sont \u00e9galement occup\u00e9es par d&rsquo;autres h\u00f4tes et locataires.<\/p>\n\t\t<div data-elementor-type=\"container\" data-elementor-id=\"102127\" class=\"elementor elementor-102127 elementor-102114\" data-elementor-post-type=\"elementor_library\">\n\t\t\t\t<div class=\"elementor-element elementor-element-7b24c60a e-flex e-con-boxed e-con e-parent\" data-id=\"7b24c60a\" data-element_type=\"container\">\n\t\t\t\t\t<div class=\"e-con-inner\">\n\t\t\t\t<div class=\"elementor-element elementor-element-5b2c7545 elementor-widget elementor-widget-text-editor\" data-id=\"5b2c7545\" data-element_type=\"widget\" data-widget_type=\"text-editor.default\">\n\t\t\t\t<div class=\"elementor-widget-container\">\n\t\t\t\t\t\t\t\t\t<p><a class=\"button\" href=\"https:\/\/gaestehaus.ch\/fr\/centre-de-vacances\/reservation\/\">Demande de r\u00e9servation<\/a><\/p>\t\t\t\t\t\t\t\t<\/div>\n\t\t\t\t<\/div>\n\t\t\t\t\t<\/div>\n\t\t\t\t<\/div>\n\t\t\t\t<\/div>\n\t\t\n","protected":false},"excerpt":{"rendered":"<p>Notre centre de vacances est compos\u00e9e de deux maisons situ\u00e9es l&rsquo;une \u00e0 c\u00f4t\u00e9 de l&rsquo;autre : Maison \u00ab\u00a0La Casquette\u00a0\u00bb Cuisine avec cuisini\u00e8re \u00e9lectrique et four (voir sous Downloads &#8211; Inventaire de cuisine) 2 r\u00e9frig\u00e9rateurs, 1 cong\u00e9lateur Lave-vaisselle 1 salle \u00e0 manger \/ salle de s\u00e9jour (\u00e0 l&rsquo;\u00e9tage, juste \u00e0 c\u00f4t\u00e9 de la cuisine) 1 salle [&hellip;]<\/p>\n","protected":false},"author":6,"featured_media":99338,"parent":99292,"menu_order":0,"comment_status":"closed","ping_status":"closed","template":"","meta":{"_acf_changed":false,"footnotes":""},"class_list":["post-99339","page","type-page","status-publish","has-post-thumbnail","hentry"],"acf":[],"_links":{"self":[{"href":"https:\/\/gaestehaus.ch\/fr\/wp-json\/wp\/v2\/pages\/99339","targetHints":{"allow":["GET"]}}],"collection":[{"href":"https:\/\/gaestehaus.ch\/fr\/wp-json\/wp\/v2\/pages"}],"about":[{"href":"https:\/\/gaestehaus.ch\/fr\/wp-json\/wp\/v2\/types\/page"}],"author":[{"embeddable":true,"href":"https:\/\/gaestehaus.ch\/fr\/wp-json\/wp\/v2\/users\/6"}],"replies":[{"embeddable":true,"href":"https:\/\/gaestehaus.ch\/fr\/wp-json\/wp\/v2\/comments?post=99339"}],"version-history":[{"count":7,"href":"https:\/\/gaestehaus.ch\/fr\/wp-json\/wp\/v2\/pages\/99339\/revisions"}],"predecessor-version":[{"id":102143,"href":"https:\/\/gaestehaus.ch\/fr\/wp-json\/wp\/v2\/pages\/99339\/revisions\/102143"}],"up":[{"embeddable":true,"href":"https:\/\/gaestehaus.ch\/fr\/wp-json\/wp\/v2\/pages\/99292"}],"wp:featuredmedia":[{"embeddable":true,"href":"https:\/\/gaestehaus.ch\/fr\/wp-json\/wp\/v2\/media\/99338"}],"wp:attachment":[{"href":"https:\/\/gaestehaus.ch\/fr\/wp-json\/wp\/v2\/media?parent=99339"}],"curies":[{"name":"wp","href":"https:\/\/api.w.org\/{rel}","templated":true}]}}