{"id":99335,"date":"2025-08-08T18:35:00","date_gmt":"2025-08-08T16:35:00","guid":{"rendered":"https:\/\/gh.uwebdev.ch\/?page_id=99335"},"modified":"2026-02-05T22:19:52","modified_gmt":"2026-02-05T21:19:52","slug":"disponibilites","status":"publish","type":"page","link":"https:\/\/gaestehaus.ch\/fr\/centre-de-vacances\/disponibilites\/","title":{"rendered":"Calendrier des disponibilit\u00e9s"},"content":{"rendered":"<p>Notre centre de vacances est compos\u00e9 de deux maisons qui se louent g\u00e9n\u00e9ralement ensemble. Elles se compl\u00e8tent et sont l\u2019id\u00e9al pour des vacances d\u2019\u00e9t\u00e9 tout comme d\u2019hiver.<\/p>\n<p>Vous trouverez ci-dessous le calendrier des disponibilit\u00e9s.<\/p>\n<style>\n    .responsive-iframe-container {background-color: inherit;padding: 0;margin: 0;max-width: 100%;position: relative;overflow: hidden;}    .responsive-iframe-container iframe {background-color: inherit;width: 100%;height: 700px;border: none;    }<br \/><\/style>\n<div class=\"responsive-iframe-container\"><iframe id=\"gruppenhausIframe\" src=\"https:\/\/www.gruppenhaus.ch\/kalender_extern_2?id=608&amp;lang=de&amp;month=24&amp;showProv=false&amp;autoExpandLegend=true\" data-mce-fragment=\"1\"><\/iframe><\/div>\n\t\t<div data-elementor-type=\"container\" data-elementor-id=\"102127\" class=\"elementor elementor-102127 elementor-102114\" data-elementor-post-type=\"elementor_library\">\n\t\t\t\t<div class=\"elementor-element elementor-element-7b24c60a e-flex e-con-boxed e-con e-parent\" data-id=\"7b24c60a\" data-element_type=\"container\">\n\t\t\t\t\t<div class=\"e-con-inner\">\n\t\t\t\t<div class=\"elementor-element elementor-element-5b2c7545 elementor-widget elementor-widget-text-editor\" data-id=\"5b2c7545\" data-element_type=\"widget\" data-widget_type=\"text-editor.default\">\n\t\t\t\t<div class=\"elementor-widget-container\">\n\t\t\t\t\t\t\t\t\t<p><a class=\"button\" href=\"https:\/\/gaestehaus.ch\/fr\/centre-de-vacances\/reservation\/\">Demande de r\u00e9servation<\/a><\/p>\t\t\t\t\t\t\t\t<\/div>\n\t\t\t\t<\/div>\n\t\t\t\t\t<\/div>\n\t\t\t\t<\/div>\n\t\t\t\t<\/div>\n\t\t\n","protected":false},"excerpt":{"rendered":"<p>Notre centre de vacances est compos\u00e9 de deux maisons qui se louent g\u00e9n\u00e9ralement ensemble. Elles se compl\u00e8tent et sont l\u2019id\u00e9al pour des vacances d\u2019\u00e9t\u00e9 tout comme d\u2019hiver. Vous trouverez ci-dessous le calendrier des disponibilit\u00e9s.<\/p>\n","protected":false},"author":6,"featured_media":98609,"parent":99292,"menu_order":0,"comment_status":"closed","ping_status":"closed","template":"","meta":{"_acf_changed":false,"footnotes":""},"class_list":["post-99335","page","type-page","status-publish","has-post-thumbnail","hentry"],"acf":[],"_links":{"self":[{"href":"https:\/\/gaestehaus.ch\/fr\/wp-json\/wp\/v2\/pages\/99335","targetHints":{"allow":["GET"]}}],"collection":[{"href":"https:\/\/gaestehaus.ch\/fr\/wp-json\/wp\/v2\/pages"}],"about":[{"href":"https:\/\/gaestehaus.ch\/fr\/wp-json\/wp\/v2\/types\/page"}],"author":[{"embeddable":true,"href":"https:\/\/gaestehaus.ch\/fr\/wp-json\/wp\/v2\/users\/6"}],"replies":[{"embeddable":true,"href":"https:\/\/gaestehaus.ch\/fr\/wp-json\/wp\/v2\/comments?post=99335"}],"version-history":[{"count":3,"href":"https:\/\/gaestehaus.ch\/fr\/wp-json\/wp\/v2\/pages\/99335\/revisions"}],"predecessor-version":[{"id":102138,"href":"https:\/\/gaestehaus.ch\/fr\/wp-json\/wp\/v2\/pages\/99335\/revisions\/102138"}],"up":[{"embeddable":true,"href":"https:\/\/gaestehaus.ch\/fr\/wp-json\/wp\/v2\/pages\/99292"}],"wp:featuredmedia":[{"embeddable":true,"href":"https:\/\/gaestehaus.ch\/fr\/wp-json\/wp\/v2\/media\/98609"}],"wp:attachment":[{"href":"https:\/\/gaestehaus.ch\/fr\/wp-json\/wp\/v2\/media?parent=99335"}],"curies":[{"name":"wp","href":"https:\/\/api.w.org\/{rel}","templated":true}]}}