{"id":99333,"date":"2025-08-08T18:35:00","date_gmt":"2025-08-08T16:35:00","guid":{"rendered":"https:\/\/gh.uwebdev.ch\/?page_id=99333"},"modified":"2025-11-04T03:48:20","modified_gmt":"2025-11-04T02:48:20","slug":"disponibilite","status":"publish","type":"page","link":"https:\/\/gaestehaus.ch\/fr\/appartements\/appartements-haupthaus2\/disponibilite\/","title":{"rendered":"Graphique de disponibilit\u00e9 \u00abHaupthaus 2\u00e8me \u00e9tage\u00bb ***"},"content":{"rendered":"<p>Nous serions ravis de vous accueillir au sbt Beatenberg. Vous pouvez voir ici le plan d&rsquo;occupation actuel de notre appartement de vacances pour 12 personnes.<\/p>\n<p>Si vous n&rsquo;\u00eates pas s\u00fbr de l&rsquo;occupation possible, n&rsquo;h\u00e9sitez pas \u00e0 nous contacter. Nous vous ferons volontiers parvenir une offre sans engagement.<\/p>\n<p>&nbsp;<\/p>\n  <div class=\"ics-cal \" data-ics=\"https:\/\/gaestehaus.ch\/fr\/wp-json\/ics\/v1\/fetch?url=https%3A%2F%2Fwww.airbnb.ch%2Fcalendar%2Fical%2F32826082.ics%3Fs%3D209a265310b548dae0d40a4e503cbf00\">\n    <div class=\"cal-wrap\">\n      <div class=\"status\" aria-live=\"polite\"><\/div>\n      <div class=\"calendar\"><\/div>\n    <\/div>\n  <\/div>\n  \n<p>Le calendrier d&rsquo;occupation est actualis\u00e9 pour 1 an. Pour les autres dates, veuillez vous adresser directement \u00e0 la r\u00e9ception.<\/p>\n","protected":false},"excerpt":{"rendered":"<p>Nous serions ravis de vous accueillir au sbt Beatenberg. Vous pouvez voir ici le plan d&rsquo;occupation actuel de notre appartement de vacances pour 12 personnes. Si vous n&rsquo;\u00eates pas s\u00fbr de l&rsquo;occupation possible, n&rsquo;h\u00e9sitez pas \u00e0 nous contacter. Nous vous ferons volontiers parvenir une offre sans engagement. &nbsp; Le calendrier d&rsquo;occupation est actualis\u00e9 pour 1 [&hellip;]<\/p>\n","protected":false},"author":6,"featured_media":98609,"parent":99194,"menu_order":0,"comment_status":"closed","ping_status":"closed","template":"","meta":{"_acf_changed":false,"footnotes":""},"class_list":["post-99333","page","type-page","status-publish","has-post-thumbnail","hentry"],"acf":[],"_links":{"self":[{"href":"https:\/\/gaestehaus.ch\/fr\/wp-json\/wp\/v2\/pages\/99333","targetHints":{"allow":["GET"]}}],"collection":[{"href":"https:\/\/gaestehaus.ch\/fr\/wp-json\/wp\/v2\/pages"}],"about":[{"href":"https:\/\/gaestehaus.ch\/fr\/wp-json\/wp\/v2\/types\/page"}],"author":[{"embeddable":true,"href":"https:\/\/gaestehaus.ch\/fr\/wp-json\/wp\/v2\/users\/6"}],"replies":[{"embeddable":true,"href":"https:\/\/gaestehaus.ch\/fr\/wp-json\/wp\/v2\/comments?post=99333"}],"version-history":[{"count":1,"href":"https:\/\/gaestehaus.ch\/fr\/wp-json\/wp\/v2\/pages\/99333\/revisions"}],"predecessor-version":[{"id":99334,"href":"https:\/\/gaestehaus.ch\/fr\/wp-json\/wp\/v2\/pages\/99333\/revisions\/99334"}],"up":[{"embeddable":true,"href":"https:\/\/gaestehaus.ch\/fr\/wp-json\/wp\/v2\/pages\/99194"}],"wp:featuredmedia":[{"embeddable":true,"href":"https:\/\/gaestehaus.ch\/fr\/wp-json\/wp\/v2\/media\/98609"}],"wp:attachment":[{"href":"https:\/\/gaestehaus.ch\/fr\/wp-json\/wp\/v2\/media?parent=99333"}],"curies":[{"name":"wp","href":"https:\/\/api.w.org\/{rel}","templated":true}]}}