{"id":99328,"date":"2025-08-08T18:35:00","date_gmt":"2025-08-08T16:35:00","guid":{"rendered":"https:\/\/gh.uwebdev.ch\/?page_id=99328"},"modified":"2025-11-13T09:11:34","modified_gmt":"2025-11-13T08:11:34","slug":"appartements","status":"publish","type":"page","link":"https:\/\/gaestehaus.ch\/fr\/appartements\/","title":{"rendered":"Appartements &#8211; Notre offre"},"content":{"rendered":"<p>Bienvenue chez nous; une vue panoramique \u00e0 couper le souffle et des moments inoubliables \u00e0 la d\u00e9couverte de la nature.<\/p>\n<p><strong>Nos appartements offrent un endroit id\u00e9al pour trouver du repos dans une atmosph\u00e8re priv\u00e9e et confortable<\/strong>, tout en b\u00e9n\u00e9ficiant de l&rsquo;infrastructure de la pension sbt. Nous proposons plusieurs appartements de vacances, tous spacieux et confortables, \u00e9quip\u00e9s jusqu&rsquo;\u00e0 12 lits, parfaits pour un s\u00e9jour de d\u00e9tente dans l&rsquo;Oberland bernois.<\/p>\n<p>Petit conseil : Reposez-vous jusqu\u2019au bout en prenant une soir\u00e9e de cong\u00e9 en cuisine, et r\u00e9servez vos repas au restaurant de la pension.<\/p>\n<h3>Appartement pour 12 personnes<\/h3>\n<p><img fetchpriority=\"high\" decoding=\"async\" class=\"alignnone size-full wp-image-97655\" src=\"https:\/\/gaestehaus.ch\/wp-content\/uploads\/2025\/08\/Doppelzimmer-Sued_3.jpg\" alt=\"Doppelzimmer S\u00fcd\" width=\"1300\" height=\"975\" srcset=\"https:\/\/gaestehaus.ch\/wp-content\/uploads\/2025\/08\/Doppelzimmer-Sued_3.jpg 1300w, https:\/\/gaestehaus.ch\/wp-content\/uploads\/2025\/08\/Doppelzimmer-Sued_3-300x225.jpg 300w, https:\/\/gaestehaus.ch\/wp-content\/uploads\/2025\/08\/Doppelzimmer-Sued_3-1024x768.jpg 1024w, https:\/\/gaestehaus.ch\/wp-content\/uploads\/2025\/08\/Doppelzimmer-Sued_3-768x576.jpg 768w\" sizes=\"(max-width: 1300px) 100vw, 1300px\" \/><br \/>\n<a class=\"button\" href=\"https:\/\/gaestehaus.ch\/fr\/appartements\/appartements-haupthaus2\/\">En savoir plus<\/a><\/p>\n<h3>Appartement pour 11 personnes<\/h3>\n<p><img decoding=\"async\" class=\"alignnone size-full wp-image-97627\" src=\"https:\/\/gaestehaus.ch\/wp-content\/uploads\/2025\/08\/IMG_2859.jpg\" alt=\"Wohnzimmer mit grossem Esstisch\" width=\"1300\" height=\"975\" srcset=\"https:\/\/gaestehaus.ch\/wp-content\/uploads\/2025\/08\/IMG_2859.jpg 1300w, https:\/\/gaestehaus.ch\/wp-content\/uploads\/2025\/08\/IMG_2859-300x225.jpg 300w, https:\/\/gaestehaus.ch\/wp-content\/uploads\/2025\/08\/IMG_2859-1024x768.jpg 1024w, https:\/\/gaestehaus.ch\/wp-content\/uploads\/2025\/08\/IMG_2859-768x576.jpg 768w\" sizes=\"(max-width: 1300px) 100vw, 1300px\" \/><br \/>\n<a class=\"button\" href=\"https:\/\/gaestehaus.ch\/fr\/appartements\/appartements-haupthaus3\/\">En savoir plus<\/a><\/p>\n<p>Notre\u00a0<a href=\"https:\/\/gaestehaus.ch\/fr\/general\/terrain\">terrain<\/a>\u00a0offre de nombreuses possibilit\u00e9s de divertissement pour tous les \u00e2ges, que ce soit des installations sportives, le toboggan aquatique, la tyrolienne, l&rsquo;aire de jeux et le trampoline ou des alternatives plus relaxantes comme le foyer\/grill pour une soir\u00e9e familiale originale.<\/p>\n<p>La pension est \u00e9galement parfaitement situ\u00e9e pour des sorties plus aventureuses, \u00e9tant elle-m\u00eame perch\u00e9e sur une montagne et entour\u00e9e de possibilit\u00e9s de randonn\u00e9e, de v\u00e9lo et de natation.<\/p>\n<p>Notre r\u00e9gion est populaire pour ses innombrables\u00a0<a href=\"https:\/\/gaestehaus.ch\/fr\/general\/region\">possibilit\u00e9s en mati\u00e8re d&rsquo;excursions<\/a>\u00a0et de sorties : Rafting, canyoning, voyages en bateau sur le lac de Thun et de Brienz, excursions vers diff\u00e9rents sommets, y compris un voyage en train vers le c\u00e9l\u00e8bre Jungfraujoch, le \u00ab\u00a0Top of Europe\u00a0\u00bb &#8230;<\/p>\n<p>Quand pourrons-nous vous accueillir dans l&rsquo;un de nos appartements de vacances ?<\/p>\n","protected":false},"excerpt":{"rendered":"<p>Bienvenue chez nous; une vue panoramique \u00e0 couper le souffle et des moments inoubliables \u00e0 la d\u00e9couverte de la nature. Nos appartements offrent un endroit id\u00e9al pour trouver du repos dans une atmosph\u00e8re priv\u00e9e et confortable, tout en b\u00e9n\u00e9ficiant de l&rsquo;infrastructure de la pension sbt. Nous proposons plusieurs appartements de vacances, tous spacieux et confortables, [&hellip;]<\/p>\n","protected":false},"author":6,"featured_media":99325,"parent":0,"menu_order":0,"comment_status":"closed","ping_status":"closed","template":"","meta":{"_acf_changed":false,"footnotes":""},"class_list":["post-99328","page","type-page","status-publish","has-post-thumbnail","hentry"],"acf":[],"_links":{"self":[{"href":"https:\/\/gaestehaus.ch\/fr\/wp-json\/wp\/v2\/pages\/99328","targetHints":{"allow":["GET"]}}],"collection":[{"href":"https:\/\/gaestehaus.ch\/fr\/wp-json\/wp\/v2\/pages"}],"about":[{"href":"https:\/\/gaestehaus.ch\/fr\/wp-json\/wp\/v2\/types\/page"}],"author":[{"embeddable":true,"href":"https:\/\/gaestehaus.ch\/fr\/wp-json\/wp\/v2\/users\/6"}],"replies":[{"embeddable":true,"href":"https:\/\/gaestehaus.ch\/fr\/wp-json\/wp\/v2\/comments?post=99328"}],"version-history":[{"count":6,"href":"https:\/\/gaestehaus.ch\/fr\/wp-json\/wp\/v2\/pages\/99328\/revisions"}],"predecessor-version":[{"id":101417,"href":"https:\/\/gaestehaus.ch\/fr\/wp-json\/wp\/v2\/pages\/99328\/revisions\/101417"}],"wp:featuredmedia":[{"embeddable":true,"href":"https:\/\/gaestehaus.ch\/fr\/wp-json\/wp\/v2\/media\/99325"}],"wp:attachment":[{"href":"https:\/\/gaestehaus.ch\/fr\/wp-json\/wp\/v2\/media?parent=99328"}],"curies":[{"name":"wp","href":"https:\/\/api.w.org\/{rel}","templated":true}]}}