{"id":99296,"date":"2025-07-05T16:08:00","date_gmt":"2025-07-05T14:08:00","guid":{"rendered":"https:\/\/gh.uwebdev.ch\/?page_id=99296"},"modified":"2025-11-04T14:36:28","modified_gmt":"2025-11-04T13:36:28","slug":"service-volontaire","status":"publish","type":"page","link":"https:\/\/gaestehaus.ch\/fr\/service-volontaire\/","title":{"rendered":"Possibilit\u00e9s d\u2019engagement"},"content":{"rendered":"\t\t<div data-elementor-type=\"wp-page\" data-elementor-id=\"99296\" class=\"elementor elementor-99296 elementor-557\" data-elementor-post-type=\"page\">\n\t\t\t\t<div class=\"elementor-element elementor-element-b51e460 e-flex e-con-boxed e-con e-parent\" data-id=\"b51e460\" data-element_type=\"container\" data-settings=\"{&quot;background_background&quot;:&quot;classic&quot;}\">\n\t\t\t\t\t<div class=\"e-con-inner\">\n\t\t\t\t\t<\/div>\n\t\t\t\t<\/div>\n\t\t<div class=\"elementor-element elementor-element-2c65a04 e-flex e-con-boxed e-con e-parent\" data-id=\"2c65a04\" data-element_type=\"container\">\n\t\t\t\t\t<div class=\"e-con-inner\">\n\t\t\t\t<div class=\"elementor-element elementor-element-e0067d0 elementor-widget elementor-widget-heading\" data-id=\"e0067d0\" data-element_type=\"widget\" data-widget_type=\"heading.default\">\n\t\t\t\t<div class=\"elementor-widget-container\">\n\t\t\t\t\t<h1 class=\"elementor-heading-title elementor-size-default\">Possibilit\u00e9s d\u2019engagement<\/h1>\t\t\t\t<\/div>\n\t\t\t\t<\/div>\n\t\t\t\t<div class=\"elementor-element elementor-element-ab9174c elementor-widget elementor-widget-text-editor\" data-id=\"ab9174c\" data-element_type=\"widget\" data-widget_type=\"text-editor.default\">\n\t\t\t\t<div class=\"elementor-widget-container\">\n\t\t\t\t\t\t\t\t\t<p>Tu es int\u00e9ress\u00e9(e) par une possibilit\u00e9 d&rsquo;engagement ?<\/p><p>Le sbt Beatenberg est un centre de formation th\u00e9ologique situ\u00e9 au c\u0153ur de l&rsquo;Oberland bernois, l&rsquo;une des plus grandes et des plus belles r\u00e9gions de vacances de Suisse. D&rsquo;ici, on a une vue incroyable sur les Alpes, sur le fameux trio Eiger, M\u00f6nch et Jungfrau et dans la vall\u00e9e le lac de Thoune qui les refl\u00e8te. Une vue motivante pour toutes sortes de projets !<\/p><p>\u00a0<\/p><p><strong><span class=\"sbt-red\">Acquiers des exp\u00e9riences pr\u00e9cieuses pour ta vie<\/span><\/strong>\u00a0et soutiens-nous par ton engagement. Nous te proposons les possibilit\u00e9s suivantes :<\/p>\t\t\t\t\t\t\t\t<\/div>\n\t\t\t\t<\/div>\n\t\t\t\t<div class=\"elementor-element elementor-element-3c90cae elementor-widget elementor-widget-spacer\" data-id=\"3c90cae\" data-element_type=\"widget\" data-widget_type=\"spacer.default\">\n\t\t\t\t<div class=\"elementor-widget-container\">\n\t\t\t\t\t\t\t<div class=\"elementor-spacer\">\n\t\t\t<div class=\"elementor-spacer-inner\"><\/div>\n\t\t<\/div>\n\t\t\t\t\t\t<\/div>\n\t\t\t\t<\/div>\n\t\t\t\t<div class=\"elementor-element elementor-element-8da96e3 elementor-grid-2 elementor-grid-tablet-2 elementor-grid-mobile-1 elementor-widget elementor-widget-loop-grid\" data-id=\"8da96e3\" data-element_type=\"widget\" data-settings=\"{&quot;template_id&quot;:1598,&quot;row_gap&quot;:{&quot;unit&quot;:&quot;rem&quot;,&quot;size&quot;:3,&quot;sizes&quot;:[]},&quot;row_gap_tablet&quot;:{&quot;unit&quot;:&quot;rem&quot;,&quot;size&quot;:&quot;&quot;,&quot;sizes&quot;:[]},&quot;row_gap_mobile&quot;:{&quot;unit&quot;:&quot;rem&quot;,&quot;size&quot;:&quot;&quot;,&quot;sizes&quot;:[]},&quot;columns&quot;:2,&quot;_skin&quot;:&quot;post&quot;,&quot;columns_tablet&quot;:&quot;2&quot;,&quot;columns_mobile&quot;:&quot;1&quot;,&quot;edit_handle_selector&quot;:&quot;[data-elementor-type=\\&quot;loop-item\\&quot;]&quot;}\" data-widget_type=\"loop-grid.post\">\n\t\t\t\t<div class=\"elementor-widget-container\">\n\t\t\t\t\t\t\t<div class=\"elementor-loop-container elementor-grid\" role=\"list\">\n\t\t<style id=\"loop-1598\">.elementor-1598 .elementor-element.elementor-element-4cfa551{--display:flex;--flex-direction:column;--container-widget-width:100%;--container-widget-height:initial;--container-widget-flex-grow:0;--container-widget-align-self:initial;--flex-wrap-mobile:wrap;--gap:10px 10px;--row-gap:10px;--column-gap:10px;}.elementor-widget-image .widget-image-caption{color:var( --e-global-color-text );font-family:var( --e-global-typography-text-font-family ), Sans-serif;font-size:var( --e-global-typography-text-font-size );font-weight:var( --e-global-typography-text-font-weight );line-height:var( --e-global-typography-text-line-height );}.elementor-1598 .elementor-element.elementor-element-db9741d > .elementor-widget-container{margin:0rem 0rem 0.5rem 0rem;}.elementor-1598 .elementor-element.elementor-element-db9741d img{border-radius:var(--boxradius) var(--boxradius) var(--boxradius) var(--boxradius);}.elementor-widget-heading .elementor-heading-title{font-family:var( --e-global-typography-primary-font-family ), Sans-serif;font-weight:var( --e-global-typography-primary-font-weight );line-height:var( --e-global-typography-primary-line-height );color:var( --e-global-color-primary );}.elementor-1598 .elementor-element.elementor-element-5cef859 .elementor-heading-title{font-family:\"Trebuchet MS\", Sans-serif;font-size:var(--hs);font-weight:700;line-height:1.1;}@media(max-width:1024px){.elementor-widget-image .widget-image-caption{font-size:var( --e-global-typography-text-font-size );line-height:var( --e-global-typography-text-line-height );}.elementor-widget-heading .elementor-heading-title{line-height:var( --e-global-typography-primary-line-height );}}@media(max-width:767px){.elementor-widget-image .widget-image-caption{font-size:var( --e-global-typography-text-font-size );line-height:var( --e-global-typography-text-line-height );}.elementor-widget-heading .elementor-heading-title{line-height:var( --e-global-typography-primary-line-height );}}<\/style>\t\t<div data-elementor-type=\"loop-item\" data-elementor-id=\"1598\" class=\"elementor elementor-1598 e-loop-item e-loop-item-99575 post-99575 stellen type-stellen status-publish has-post-thumbnail hentry\" data-elementor-post-type=\"elementor_library\" data-custom-edit-handle=\"1\">\n\t\t\t<a class=\"elementor-element elementor-element-4cfa551 e-flex e-con-boxed e-con e-parent\" data-id=\"4cfa551\" data-element_type=\"container\" href=\"https:\/\/gaestehaus.ch\/fr\/emplois\/internationaler-jugend-freiwilligendienst\/\">\n\t\t\t\t\t<div class=\"e-con-inner\">\n\t\t\t\t<div class=\"elementor-element elementor-element-db9741d elementor-widget elementor-widget-image\" data-id=\"db9741d\" data-element_type=\"widget\" data-widget_type=\"image.default\">\n\t\t\t\t<div class=\"elementor-widget-container\">\n\t\t\t\t\t\t\t\t\t\t\t\t\t\t\t<img fetchpriority=\"high\" decoding=\"async\" width=\"2400\" height=\"700\" src=\"https:\/\/gaestehaus.ch\/wp-content\/uploads\/2025\/08\/header-15.jpg\" class=\"attachment-full size-full wp-image-102600\" alt=\"f\u00fcnf IJFD-ler\" srcset=\"https:\/\/gaestehaus.ch\/wp-content\/uploads\/2025\/08\/header-15.jpg 2400w, https:\/\/gaestehaus.ch\/wp-content\/uploads\/2025\/08\/header-15-300x88.jpg 300w, https:\/\/gaestehaus.ch\/wp-content\/uploads\/2025\/08\/header-15-1024x299.jpg 1024w, https:\/\/gaestehaus.ch\/wp-content\/uploads\/2025\/08\/header-15-768x224.jpg 768w, https:\/\/gaestehaus.ch\/wp-content\/uploads\/2025\/08\/header-15-1536x448.jpg 1536w, https:\/\/gaestehaus.ch\/wp-content\/uploads\/2025\/08\/header-15-2048x597.jpg 2048w\" sizes=\"(max-width: 2400px) 100vw, 2400px\" \/>\t\t\t\t\t\t\t\t\t\t\t\t\t\t\t<\/div>\n\t\t\t\t<\/div>\n\t\t\t\t<div class=\"elementor-element elementor-element-5cef859 elementor-widget elementor-widget-heading\" data-id=\"5cef859\" data-element_type=\"widget\" data-widget_type=\"heading.default\">\n\t\t\t\t<div class=\"elementor-widget-container\">\n\t\t\t\t\t<h3 class=\"elementor-heading-title elementor-size-default\">Internationaler Jugend-Freiwilligendienst<\/h3>\t\t\t\t<\/div>\n\t\t\t\t<\/div>\n\t\t\t\t\t<\/div>\n\t\t\t\t<\/a>\n\t\t\t\t<\/div>\n\t\t\t\t<div data-elementor-type=\"loop-item\" data-elementor-id=\"1598\" class=\"elementor elementor-1598 e-loop-item e-loop-item-99317 post-99317 stellen type-stellen status-publish has-post-thumbnail hentry\" data-elementor-post-type=\"elementor_library\" data-custom-edit-handle=\"1\">\n\t\t\t<a class=\"elementor-element elementor-element-4cfa551 e-flex e-con-boxed e-con e-parent\" data-id=\"4cfa551\" data-element_type=\"container\" href=\"https:\/\/gaestehaus.ch\/fr\/emplois\/stage\/\">\n\t\t\t\t\t<div class=\"e-con-inner\">\n\t\t\t\t<div class=\"elementor-element elementor-element-db9741d elementor-widget elementor-widget-image\" data-id=\"db9741d\" data-element_type=\"widget\" data-widget_type=\"image.default\">\n\t\t\t\t<div class=\"elementor-widget-container\">\n\t\t\t\t\t\t\t\t\t\t\t\t\t\t\t<img decoding=\"async\" width=\"2400\" height=\"700\" src=\"https:\/\/gaestehaus.ch\/wp-content\/uploads\/2025\/08\/header-17.jpg\" class=\"attachment-full size-full wp-image-102606\" alt=\"Junge Frau beim Putzen\" srcset=\"https:\/\/gaestehaus.ch\/wp-content\/uploads\/2025\/08\/header-17.jpg 2400w, https:\/\/gaestehaus.ch\/wp-content\/uploads\/2025\/08\/header-17-300x88.jpg 300w, https:\/\/gaestehaus.ch\/wp-content\/uploads\/2025\/08\/header-17-1024x299.jpg 1024w, https:\/\/gaestehaus.ch\/wp-content\/uploads\/2025\/08\/header-17-768x224.jpg 768w, https:\/\/gaestehaus.ch\/wp-content\/uploads\/2025\/08\/header-17-1536x448.jpg 1536w, https:\/\/gaestehaus.ch\/wp-content\/uploads\/2025\/08\/header-17-2048x597.jpg 2048w\" sizes=\"(max-width: 2400px) 100vw, 2400px\" \/>\t\t\t\t\t\t\t\t\t\t\t\t\t\t\t<\/div>\n\t\t\t\t<\/div>\n\t\t\t\t<div class=\"elementor-element elementor-element-5cef859 elementor-widget elementor-widget-heading\" data-id=\"5cef859\" data-element_type=\"widget\" data-widget_type=\"heading.default\">\n\t\t\t\t<div class=\"elementor-widget-container\">\n\t\t\t\t\t<h3 class=\"elementor-heading-title elementor-size-default\">Stage \u00e0 l\u2019h\u00f4tel sbt<\/h3>\t\t\t\t<\/div>\n\t\t\t\t<\/div>\n\t\t\t\t\t<\/div>\n\t\t\t\t<\/a>\n\t\t\t\t<\/div>\n\t\t\t\t<\/div>\n\t\t\n\t\t\t\t\t\t<\/div>\n\t\t\t\t<\/div>\n\t\t\t\t<div class=\"elementor-element elementor-element-8e67daf elementor-widget elementor-widget-spacer\" data-id=\"8e67daf\" data-element_type=\"widget\" data-widget_type=\"spacer.default\">\n\t\t\t\t<div class=\"elementor-widget-container\">\n\t\t\t\t\t\t\t<div class=\"elementor-spacer\">\n\t\t\t<div class=\"elementor-spacer-inner\"><\/div>\n\t\t<\/div>\n\t\t\t\t\t\t<\/div>\n\t\t\t\t<\/div>\n\t\t<div class=\"elementor-element elementor-element-318d029 e-con-full e-flex e-con e-child\" data-id=\"318d029\" data-element_type=\"container\">\n\t\t\t\t<div class=\"elementor-element elementor-element-167ba24 elementor-button-info elementor-widget__width-auto elementor-widget elementor-widget-button\" data-id=\"167ba24\" data-element_type=\"widget\" data-widget_type=\"button.default\">\n\t\t\t\t<div class=\"elementor-widget-container\">\n\t\t\t\t\t\t\t\t\t<div class=\"elementor-button-wrapper\">\n\t\t\t\t\t<a class=\"elementor-button elementor-button-link elementor-size-sm\" href=\"https:\/\/sbt.education\/gaststudium\" target=\"_blank\" rel=\"noopener\">\n\t\t\t\t\t\t<span class=\"elementor-button-content-wrapper\">\n\t\t\t\t\t\t\t\t\t<span class=\"elementor-button-text\">Gaststudium<\/span>\n\t\t\t\t\t<\/span>\n\t\t\t\t\t<\/a>\n\t\t\t\t<\/div>\n\t\t\t\t\t\t\t\t<\/div>\n\t\t\t\t<\/div>\n\t\t\t\t<div class=\"elementor-element elementor-element-202f2c5 elementor-button-info elementor-widget__width-auto elementor-widget elementor-widget-button\" data-id=\"202f2c5\" data-element_type=\"widget\" data-widget_type=\"button.default\">\n\t\t\t\t<div class=\"elementor-widget-container\">\n\t\t\t\t\t\t\t\t\t<div class=\"elementor-button-wrapper\">\n\t\t\t\t\t<a class=\"elementor-button elementor-button-link elementor-size-sm\" href=\"https:\/\/sbt.education\/stellenangebote\/\" target=\"_blank\" rel=\"noopener\">\n\t\t\t\t\t\t<span class=\"elementor-button-content-wrapper\">\n\t\t\t\t\t\t\t\t\t<span class=\"elementor-button-text\">Weitere Stellen (sbt)<\/span>\n\t\t\t\t\t<\/span>\n\t\t\t\t\t<\/a>\n\t\t\t\t<\/div>\n\t\t\t\t\t\t\t\t<\/div>\n\t\t\t\t<\/div>\n\t\t\t\t<\/div>\n\t\t\t\t<div class=\"elementor-element elementor-element-44be690 elementor-widget elementor-widget-text-editor\" data-id=\"44be690\" data-element_type=\"widget\" data-widget_type=\"text-editor.default\">\n\t\t\t\t<div class=\"elementor-widget-container\">\n\t\t\t\t\t\t\t\t\t<p>Au s\u00e9minaire, entre 60 et 80 jeunes chr\u00e9tiens \u00e9tudient dans deux fili\u00e8res diff\u00e9rentes. Nos \u00e9tudiants viennent de Suisse, d&rsquo;Allemagne et du reste de l&rsquo;Europe.<\/p><p>En plus du s\u00e9minaire, nous g\u00e9rons \u00e9galement une maison d&rsquo;h\u00f4tes avec plus de 60 chambres et 160 lits ; en tant qu&rsquo;\u00e9tablissement g\u00e9r\u00e9 par des chr\u00e9tiens, nous sommes affili\u00e9s \u00e0 l&rsquo;Association des h\u00f4tels chr\u00e9tiens VCH Suisse.<\/p><p>\u00a0<\/p><p>Nous nous r\u00e9jouissons de t&rsquo;accueillir !<\/p>\t\t\t\t\t\t\t\t<\/div>\n\t\t\t\t<\/div>\n\t\t\t\t\t<\/div>\n\t\t\t\t<\/div>\n\t\t\t\t<\/div>\n\t\t","protected":false},"excerpt":{"rendered":"<p>Tu es int\u00e9ress\u00e9(e) par une possibilit\u00e9 d&rsquo;engagement ? Le sbt Beatenberg est un centre de formation th\u00e9ologique situ\u00e9 au c\u0153ur de l&rsquo;Oberland bernois, l&rsquo;une des plus grandes et des plus belles r\u00e9gions de vacances de Suisse. D&rsquo;ici, on a une vue incroyable sur les Alpes, sur le fameux trio Eiger, M\u00f6nch et Jungfrau et dans [&hellip;]<\/p>\n","protected":false},"author":6,"featured_media":99295,"parent":0,"menu_order":0,"comment_status":"closed","ping_status":"closed","template":"","meta":{"_acf_changed":false,"footnotes":""},"class_list":["post-99296","page","type-page","status-publish","has-post-thumbnail","hentry"],"acf":[],"_links":{"self":[{"href":"https:\/\/gaestehaus.ch\/fr\/wp-json\/wp\/v2\/pages\/99296","targetHints":{"allow":["GET"]}}],"collection":[{"href":"https:\/\/gaestehaus.ch\/fr\/wp-json\/wp\/v2\/pages"}],"about":[{"href":"https:\/\/gaestehaus.ch\/fr\/wp-json\/wp\/v2\/types\/page"}],"author":[{"embeddable":true,"href":"https:\/\/gaestehaus.ch\/fr\/wp-json\/wp\/v2\/users\/6"}],"replies":[{"embeddable":true,"href":"https:\/\/gaestehaus.ch\/fr\/wp-json\/wp\/v2\/comments?post=99296"}],"version-history":[{"count":9,"href":"https:\/\/gaestehaus.ch\/fr\/wp-json\/wp\/v2\/pages\/99296\/revisions"}],"predecessor-version":[{"id":100836,"href":"https:\/\/gaestehaus.ch\/fr\/wp-json\/wp\/v2\/pages\/99296\/revisions\/100836"}],"wp:featuredmedia":[{"embeddable":true,"href":"https:\/\/gaestehaus.ch\/fr\/wp-json\/wp\/v2\/media\/99295"}],"wp:attachment":[{"href":"https:\/\/gaestehaus.ch\/fr\/wp-json\/wp\/v2\/media?parent=99296"}],"curies":[{"name":"wp","href":"https:\/\/api.w.org\/{rel}","templated":true}]}}