{"id":98985,"date":"2025-08-08T18:35:00","date_gmt":"2025-08-08T16:35:00","guid":{"rendered":"https:\/\/gh.uwebdev.ch\/?page_id=98985"},"modified":"2026-02-05T20:17:34","modified_gmt":"2026-02-05T19:17:34","slug":"votre-famille-est-importante","status":"publish","type":"page","link":"https:\/\/gaestehaus.ch\/fr\/votre-famille-est-importante\/","title":{"rendered":"Votre famille est importante pour nous"},"content":{"rendered":"<h3>Prix sp\u00e9ciaux pour les familles<\/h3>\n<h3><span style=\"color: #cb0d38;\">Dans la maison d&rsquo;h\u00f4tes sbt, vous ne\u00a0<a style=\"color: #cb0d38;\" href=\"https:\/\/gaestehaus.ch\/fr\/chambres\/tarifs\/\">payez<\/a>\u00a0rien pour vos enfants jusqu&rsquo;\u00e0 5 ans, ils logent et mangent GRATUITEMENT chez nous.\u00a0<span style=\"font-size: 16px;\">\u00a0<\/span><\/span><\/h3>\n<p>Nous vous proposons \u00e9galement des prix attractifs pour nos semaines sp\u00e9ciales vacances en familles en \u00e9t\u00e9.<\/p>\n<div class=\"responsive-video\"><iframe title=\"Seminar f\u00fcr biblische Theologie Beatenberg - G\u00e4stehaus\" width=\"800\" height=\"450\" src=\"https:\/\/www.youtube.com\/embed\/Ym18OgjkJXw?feature=oembed\" frameborder=\"0\" allow=\"accelerometer; autoplay; clipboard-write; encrypted-media; gyroscope; picture-in-picture; web-share\" referrerpolicy=\"strict-origin-when-cross-origin\" allowfullscreen><\/iframe><\/div>\n<p>Vos enfants peuvent profiter de notre salle de jeux de 24 m2 pour s\u2019amuser, bricoler, jouer par n\u2019importe quel temps.<\/p>\n<p><img fetchpriority=\"high\" decoding=\"async\" class=\"alignnone size-full wp-image-96983\" src=\"https:\/\/gaestehaus.ch\/wp-content\/uploads\/2025\/08\/spielzimmer-2.jpg\" alt=\"\" width=\"1000\" height=\"625\" srcset=\"https:\/\/gaestehaus.ch\/wp-content\/uploads\/2025\/08\/spielzimmer-2.jpg 1000w, https:\/\/gaestehaus.ch\/wp-content\/uploads\/2025\/08\/spielzimmer-2-300x188.jpg 300w, https:\/\/gaestehaus.ch\/wp-content\/uploads\/2025\/08\/spielzimmer-2-768x480.jpg 768w\" sizes=\"(max-width: 1000px) 100vw, 1000px\" \/><\/p>\n<p><img decoding=\"async\" class=\"alignnone size-full wp-image-96984\" src=\"https:\/\/gaestehaus.ch\/wp-content\/uploads\/2025\/08\/spielzimmer.jpg\" alt=\"\" width=\"1000\" height=\"625\" srcset=\"https:\/\/gaestehaus.ch\/wp-content\/uploads\/2025\/08\/spielzimmer.jpg 1000w, https:\/\/gaestehaus.ch\/wp-content\/uploads\/2025\/08\/spielzimmer-300x188.jpg 300w, https:\/\/gaestehaus.ch\/wp-content\/uploads\/2025\/08\/spielzimmer-768x480.jpg 768w\" sizes=\"(max-width: 1000px) 100vw, 1000px\" \/><\/p>\n<p>Vous pouvez \u00e9galement r\u00e9server l\u2019un de nos appartements de vacances d\u2019une capacit\u00e9 de 10 \u00e0 11 lits. Id\u00e9al pour les grandes familles !<\/p>\n<p><img decoding=\"async\" class=\"alignnone size-full wp-image-96985\" src=\"https:\/\/gaestehaus.ch\/wp-content\/uploads\/2025\/08\/ferienwohnung.jpg\" alt=\"\" width=\"1000\" height=\"625\" srcset=\"https:\/\/gaestehaus.ch\/wp-content\/uploads\/2025\/08\/ferienwohnung.jpg 1000w, https:\/\/gaestehaus.ch\/wp-content\/uploads\/2025\/08\/ferienwohnung-300x188.jpg 300w, https:\/\/gaestehaus.ch\/wp-content\/uploads\/2025\/08\/ferienwohnung-768x480.jpg 768w\" sizes=\"(max-width: 1000px) 100vw, 1000px\" \/><\/p>\n<p>Dans le parc de l\u2019h\u00f4tel, vos enfants trouveront de quoi s\u2019amuser avec notre grande place de jeux avec toboggan, balan\u00e7oire, bac \u00e0 sable et trampoline.<\/p>\n<p><img loading=\"lazy\" decoding=\"async\" class=\"alignnone size-full wp-image-96986\" src=\"https:\/\/gaestehaus.ch\/wp-content\/uploads\/2025\/08\/trampolin-2.jpg\" alt=\"\" width=\"1000\" height=\"625\" srcset=\"https:\/\/gaestehaus.ch\/wp-content\/uploads\/2025\/08\/trampolin-2.jpg 1000w, https:\/\/gaestehaus.ch\/wp-content\/uploads\/2025\/08\/trampolin-2-300x188.jpg 300w, https:\/\/gaestehaus.ch\/wp-content\/uploads\/2025\/08\/trampolin-2-768x480.jpg 768w\" sizes=\"(max-width: 1000px) 100vw, 1000px\" \/><\/p>\n<p>Au-dessus de notre h\u00f4tel se trouvent une mini-tyrolienne pour les enfants, un baby-foot g\u00e9ant pour mesurer vos talents de footballeur, un toboggan \u00e0 eau pour ceux qui n\u2019ont pas peur de se mouiller (y compris pour les adultes).<\/p>\n<p><img loading=\"lazy\" decoding=\"async\" class=\"alignnone size-full wp-image-96971\" src=\"https:\/\/gaestehaus.ch\/wp-content\/uploads\/2025\/08\/human-soccer.jpg\" alt=\"\" width=\"1000\" height=\"625\" srcset=\"https:\/\/gaestehaus.ch\/wp-content\/uploads\/2025\/08\/human-soccer.jpg 1000w, https:\/\/gaestehaus.ch\/wp-content\/uploads\/2025\/08\/human-soccer-300x188.jpg 300w, https:\/\/gaestehaus.ch\/wp-content\/uploads\/2025\/08\/human-soccer-768x480.jpg 768w\" sizes=\"(max-width: 1000px) 100vw, 1000px\" \/><\/p>\n<p><img loading=\"lazy\" decoding=\"async\" class=\"alignnone size-full wp-image-96968\" src=\"https:\/\/gaestehaus.ch\/wp-content\/uploads\/2025\/08\/wasserrutsche-2-2.jpg\" alt=\"\" width=\"1000\" height=\"625\" srcset=\"https:\/\/gaestehaus.ch\/wp-content\/uploads\/2025\/08\/wasserrutsche-2-2.jpg 1000w, https:\/\/gaestehaus.ch\/wp-content\/uploads\/2025\/08\/wasserrutsche-2-2-300x188.jpg 300w, https:\/\/gaestehaus.ch\/wp-content\/uploads\/2025\/08\/wasserrutsche-2-2-768x480.jpg 768w\" sizes=\"(max-width: 1000px) 100vw, 1000px\" \/><\/p>\n<p>Jeux de soci\u00e9t\u00e9 dans notre agr\u00e9able caf\u00e9t\u00e9ria.<\/p>\n<p><img loading=\"lazy\" decoding=\"async\" class=\"alignnone size-full wp-image-96987\" src=\"https:\/\/gaestehaus.ch\/wp-content\/uploads\/2025\/08\/cafeteria_0.jpg\" alt=\"\" width=\"1280\" height=\"800\" srcset=\"https:\/\/gaestehaus.ch\/wp-content\/uploads\/2025\/08\/cafeteria_0.jpg 1280w, https:\/\/gaestehaus.ch\/wp-content\/uploads\/2025\/08\/cafeteria_0-300x188.jpg 300w, https:\/\/gaestehaus.ch\/wp-content\/uploads\/2025\/08\/cafeteria_0-1024x640.jpg 1024w, https:\/\/gaestehaus.ch\/wp-content\/uploads\/2025\/08\/cafeteria_0-768x480.jpg 768w\" sizes=\"(max-width: 1280px) 100vw, 1280px\" \/><\/p>\n<p>Le village propose un jeu de pistes pour familles ainsi qu\u2019une nouvelle place de jeux.<\/p>\n<p>Pour les plus grands, une descente en trottinette (depuis la station interm\u00e9diaire du Niederhorn) et une course d\u2019orientation les raviront.<\/p>\n<p><img loading=\"lazy\" decoding=\"async\" class=\"alignnone size-full wp-image-96988\" src=\"https:\/\/gaestehaus.ch\/wp-content\/uploads\/2025\/08\/niederhorn.jpg\" alt=\"\" width=\"1000\" height=\"625\" srcset=\"https:\/\/gaestehaus.ch\/wp-content\/uploads\/2025\/08\/niederhorn.jpg 1000w, https:\/\/gaestehaus.ch\/wp-content\/uploads\/2025\/08\/niederhorn-300x188.jpg 300w, https:\/\/gaestehaus.ch\/wp-content\/uploads\/2025\/08\/niederhorn-768x480.jpg 768w\" sizes=\"(max-width: 1000px) 100vw, 1000px\" \/><\/p>\n<p>En hiver, les enfants pourront apprendre \u00e0 skier gr\u00e2ce \u00e0 un petit t\u00e9l\u00e9ski appropri\u00e9. Pour les autres, les t\u00e9l\u00e9skis de Hohwald et du Niederhorn conviendront mieux. La descente du Niederhorn en luge est \u00e0 faire absolument.<\/p>\n<p><img loading=\"lazy\" decoding=\"async\" class=\"alignnone size-full wp-image-96989\" src=\"https:\/\/gaestehaus.ch\/wp-content\/uploads\/2025\/08\/winter.jpg\" alt=\"\" width=\"1000\" height=\"625\" srcset=\"https:\/\/gaestehaus.ch\/wp-content\/uploads\/2025\/08\/winter.jpg 1000w, https:\/\/gaestehaus.ch\/wp-content\/uploads\/2025\/08\/winter-300x188.jpg 300w, https:\/\/gaestehaus.ch\/wp-content\/uploads\/2025\/08\/winter-768x480.jpg 768w\" sizes=\"(max-width: 1000px) 100vw, 1000px\" \/><\/p>\n<p>&nbsp;<\/p>\n<p>Quand viendrez-vous passer un s\u00e9jour au Beatenberg ?<br \/>\n\t\t<div data-elementor-type=\"container\" data-elementor-id=\"102027\" class=\"elementor elementor-102027 elementor-102022\" data-elementor-post-type=\"elementor_library\">\n\t\t\t\t<div class=\"elementor-element elementor-element-62fc1d9 e-flex e-con-boxed e-con e-parent\" data-id=\"62fc1d9\" data-element_type=\"container\">\n\t\t\t\t\t<div class=\"e-con-inner\">\n\t\t\t\t<div class=\"elementor-element elementor-element-fc227d3 elementor-widget elementor-widget-text-editor\" data-id=\"fc227d3\" data-element_type=\"widget\" data-widget_type=\"text-editor.default\">\n\t\t\t\t<div class=\"elementor-widget-container\">\n\t\t\t\t\t\t\t\t\t<p><a class=\"button\" href=\"https:\/\/gaestehaus.ch\/fr\/contact-reservation\/\">Demande de r\u00e9servation<\/a><\/p>\t\t\t\t\t\t\t\t<\/div>\n\t\t\t\t<\/div>\n\t\t\t\t\t<\/div>\n\t\t\t\t<\/div>\n\t\t\t\t<\/div>\n\t\t<\/p>\n","protected":false},"excerpt":{"rendered":"<p>Prix sp\u00e9ciaux pour les familles Dans la maison d&rsquo;h\u00f4tes sbt, vous ne\u00a0payez\u00a0rien pour vos enfants jusqu&rsquo;\u00e0 5 ans, ils logent et mangent GRATUITEMENT chez nous.\u00a0\u00a0 Nous vous proposons \u00e9galement des prix attractifs pour nos semaines sp\u00e9ciales vacances en familles en \u00e9t\u00e9. Vos enfants peuvent profiter de notre salle de jeux de 24 m2 pour s\u2019amuser, [&hellip;]<\/p>\n","protected":false},"author":6,"featured_media":98984,"parent":0,"menu_order":0,"comment_status":"closed","ping_status":"closed","template":"","meta":{"_acf_changed":false,"footnotes":""},"class_list":["post-98985","page","type-page","status-publish","has-post-thumbnail","hentry"],"acf":[],"_links":{"self":[{"href":"https:\/\/gaestehaus.ch\/fr\/wp-json\/wp\/v2\/pages\/98985","targetHints":{"allow":["GET"]}}],"collection":[{"href":"https:\/\/gaestehaus.ch\/fr\/wp-json\/wp\/v2\/pages"}],"about":[{"href":"https:\/\/gaestehaus.ch\/fr\/wp-json\/wp\/v2\/types\/page"}],"author":[{"embeddable":true,"href":"https:\/\/gaestehaus.ch\/fr\/wp-json\/wp\/v2\/users\/6"}],"replies":[{"embeddable":true,"href":"https:\/\/gaestehaus.ch\/fr\/wp-json\/wp\/v2\/comments?post=98985"}],"version-history":[{"count":6,"href":"https:\/\/gaestehaus.ch\/fr\/wp-json\/wp\/v2\/pages\/98985\/revisions"}],"predecessor-version":[{"id":102052,"href":"https:\/\/gaestehaus.ch\/fr\/wp-json\/wp\/v2\/pages\/98985\/revisions\/102052"}],"wp:featuredmedia":[{"embeddable":true,"href":"https:\/\/gaestehaus.ch\/fr\/wp-json\/wp\/v2\/media\/98984"}],"wp:attachment":[{"href":"https:\/\/gaestehaus.ch\/fr\/wp-json\/wp\/v2\/media?parent=98985"}],"curies":[{"name":"wp","href":"https:\/\/api.w.org\/{rel}","templated":true}]}}