{"id":98970,"date":"2025-08-08T18:35:00","date_gmt":"2025-08-08T16:35:00","guid":{"rendered":"https:\/\/gh.uwebdev.ch\/?page_id=98970"},"modified":"2025-11-07T09:17:19","modified_gmt":"2025-11-07T08:17:19","slug":"general-terrain","status":"publish","type":"page","link":"https:\/\/gaestehaus.ch\/fr\/general-terrain\/","title":{"rendered":"Activit\u00e9s sur notre terrain"},"content":{"rendered":"<h1>Toboggan \u00e0 eau<\/h1>\n<p><img fetchpriority=\"high\" decoding=\"async\" class=\"alignnone wp-image-96968 size-full\" src=\"https:\/\/gaestehaus.ch\/wp-content\/uploads\/2025\/08\/wasserrutsche-2-2.jpg\" alt=\"\" width=\"1000\" height=\"625\" srcset=\"https:\/\/gaestehaus.ch\/wp-content\/uploads\/2025\/08\/wasserrutsche-2-2.jpg 1000w, https:\/\/gaestehaus.ch\/wp-content\/uploads\/2025\/08\/wasserrutsche-2-2-300x188.jpg 300w, https:\/\/gaestehaus.ch\/wp-content\/uploads\/2025\/08\/wasserrutsche-2-2-768x480.jpg 768w\" sizes=\"(max-width: 1000px) 100vw, 1000px\" \/><\/p>\n<p><img decoding=\"async\" class=\"alignnone size-full wp-image-96970\" src=\"https:\/\/gaestehaus.ch\/wp-content\/uploads\/2025\/08\/wasserrutsche-3.jpg\" alt=\"\" width=\"1000\" height=\"625\" srcset=\"https:\/\/gaestehaus.ch\/wp-content\/uploads\/2025\/08\/wasserrutsche-3.jpg 1000w, https:\/\/gaestehaus.ch\/wp-content\/uploads\/2025\/08\/wasserrutsche-3-300x188.jpg 300w, https:\/\/gaestehaus.ch\/wp-content\/uploads\/2025\/08\/wasserrutsche-3-768x480.jpg 768w\" sizes=\"(max-width: 1000px) 100vw, 1000px\" \/><\/p>\n<h3><strong>En Service<\/strong><\/h3>\n<p>Le toboggan \u00e0 eau est en service entre mi-juin et mi-septembre, en fonction de la m\u00e9t\u00e9o.<\/p>\n<div class=\"responsive-video\"><iframe title=\"Seminar f\u00fcr biblische Theologie Beatenberg - G\u00e4stehaus\" width=\"800\" height=\"450\" src=\"https:\/\/www.youtube.com\/embed\/Ym18OgjkJXw?feature=oembed\" frameborder=\"0\" allow=\"accelerometer; autoplay; clipboard-write; encrypted-media; gyroscope; picture-in-picture; web-share\" referrerpolicy=\"strict-origin-when-cross-origin\" allowfullscreen><\/iframe><\/div>\n<p>&nbsp;<\/p>\n<h1><strong>Baby-foot grandeur nature<\/strong><\/h1>\n<p><img decoding=\"async\" class=\"alignnone size-full wp-image-96971\" src=\"https:\/\/gaestehaus.ch\/wp-content\/uploads\/2025\/08\/human-soccer.jpg\" alt=\"\" width=\"1000\" height=\"625\" srcset=\"https:\/\/gaestehaus.ch\/wp-content\/uploads\/2025\/08\/human-soccer.jpg 1000w, https:\/\/gaestehaus.ch\/wp-content\/uploads\/2025\/08\/human-soccer-300x188.jpg 300w, https:\/\/gaestehaus.ch\/wp-content\/uploads\/2025\/08\/human-soccer-768x480.jpg 768w\" sizes=\"(max-width: 1000px) 100vw, 1000px\" \/><\/p>\n<p>\u2026se trouve sur la place devant la maison de vacances.<\/p>\n<h3>En service<\/h3>\n<p>Le baby-foot grandeur nature est en service entre mi-mai et mi-octobre, en fonction de la m\u00e9t\u00e9o.<\/p>\n<p>&nbsp;<\/p>\n<h1>Aire de barbecue<\/h1>\n<p><img loading=\"lazy\" decoding=\"async\" class=\"alignnone size-full wp-image-96972\" src=\"https:\/\/gaestehaus.ch\/wp-content\/uploads\/2025\/08\/grillplatz.jpg\" alt=\"\" width=\"1000\" height=\"625\" srcset=\"https:\/\/gaestehaus.ch\/wp-content\/uploads\/2025\/08\/grillplatz.jpg 1000w, https:\/\/gaestehaus.ch\/wp-content\/uploads\/2025\/08\/grillplatz-300x188.jpg 300w, https:\/\/gaestehaus.ch\/wp-content\/uploads\/2025\/08\/grillplatz-768x480.jpg 768w\" sizes=\"(max-width: 1000px) 100vw, 1000px\" \/><\/p>\n<p><img loading=\"lazy\" decoding=\"async\" class=\"alignnone size-full wp-image-96973\" src=\"https:\/\/gaestehaus.ch\/wp-content\/uploads\/2025\/08\/salatbueffet.jpg\" alt=\"\" width=\"1000\" height=\"625\" srcset=\"https:\/\/gaestehaus.ch\/wp-content\/uploads\/2025\/08\/salatbueffet.jpg 1000w, https:\/\/gaestehaus.ch\/wp-content\/uploads\/2025\/08\/salatbueffet-300x188.jpg 300w, https:\/\/gaestehaus.ch\/wp-content\/uploads\/2025\/08\/salatbueffet-768x480.jpg 768w\" sizes=\"(max-width: 1000px) 100vw, 1000px\" \/><\/p>\n<p>Nous disposons d\u2019une aire de barbecue avec un grand grill, bois et des tables \u00e0 manger couvertes.<\/p>\n<p>&nbsp;<\/p>\n<h1>Parc<\/h1>\n<p><img loading=\"lazy\" decoding=\"async\" class=\"alignnone size-full wp-image-96974\" src=\"https:\/\/gaestehaus.ch\/wp-content\/uploads\/2025\/08\/volley-1.jpg\" alt=\"\" width=\"1000\" height=\"625\" srcset=\"https:\/\/gaestehaus.ch\/wp-content\/uploads\/2025\/08\/volley-1.jpg 1000w, https:\/\/gaestehaus.ch\/wp-content\/uploads\/2025\/08\/volley-1-300x188.jpg 300w, https:\/\/gaestehaus.ch\/wp-content\/uploads\/2025\/08\/volley-1-768x480.jpg 768w\" sizes=\"(max-width: 1000px) 100vw, 1000px\" \/><\/p>\n<p><img loading=\"lazy\" decoding=\"async\" class=\"alignnone size-full wp-image-96975\" src=\"https:\/\/gaestehaus.ch\/wp-content\/uploads\/2025\/08\/schaukel-1.jpg\" alt=\"\" width=\"1000\" height=\"625\" srcset=\"https:\/\/gaestehaus.ch\/wp-content\/uploads\/2025\/08\/schaukel-1.jpg 1000w, https:\/\/gaestehaus.ch\/wp-content\/uploads\/2025\/08\/schaukel-1-300x188.jpg 300w, https:\/\/gaestehaus.ch\/wp-content\/uploads\/2025\/08\/schaukel-1-768x480.jpg 768w\" sizes=\"(max-width: 1000px) 100vw, 1000px\" \/><\/p>\n<p><img loading=\"lazy\" decoding=\"async\" class=\"alignnone size-full wp-image-96976\" src=\"https:\/\/gaestehaus.ch\/wp-content\/uploads\/2025\/08\/trampolin-1.jpg\" alt=\"\" width=\"1000\" height=\"625\" srcset=\"https:\/\/gaestehaus.ch\/wp-content\/uploads\/2025\/08\/trampolin-1.jpg 1000w, https:\/\/gaestehaus.ch\/wp-content\/uploads\/2025\/08\/trampolin-1-300x188.jpg 300w, https:\/\/gaestehaus.ch\/wp-content\/uploads\/2025\/08\/trampolin-1-768x480.jpg 768w\" sizes=\"(max-width: 1000px) 100vw, 1000px\" \/><\/p>\n<p><img loading=\"lazy\" decoding=\"async\" class=\"alignnone size-full wp-image-96977\" src=\"https:\/\/gaestehaus.ch\/wp-content\/uploads\/2025\/08\/spielplatz.jpg\" alt=\"\" width=\"1000\" height=\"625\" srcset=\"https:\/\/gaestehaus.ch\/wp-content\/uploads\/2025\/08\/spielplatz.jpg 1000w, https:\/\/gaestehaus.ch\/wp-content\/uploads\/2025\/08\/spielplatz-300x188.jpg 300w, https:\/\/gaestehaus.ch\/wp-content\/uploads\/2025\/08\/spielplatz-768x480.jpg 768w\" sizes=\"(max-width: 1000px) 100vw, 1000px\" \/><\/p>\n<p>Vous y trouverez:<\/p>\n<ul>\n<li>Aire de jeux (pour enfants, terrain de volley)<\/li>\n<li>Ping-pong<\/li>\n<li>Balan\u00e7oire<\/li>\n<li>Trampoline<\/li>\n<li>Chaises longues<\/li>\n<\/ul>\n<p>&nbsp;<\/p>\n<h1>Tyrolienne pour enfants<\/h1>\n<p><img loading=\"lazy\" decoding=\"async\" class=\"alignnone size-full wp-image-96978\" src=\"https:\/\/gaestehaus.ch\/wp-content\/uploads\/2025\/08\/seilbaehnli-1.jpg\" alt=\"\" width=\"1000\" height=\"625\" srcset=\"https:\/\/gaestehaus.ch\/wp-content\/uploads\/2025\/08\/seilbaehnli-1.jpg 1000w, https:\/\/gaestehaus.ch\/wp-content\/uploads\/2025\/08\/seilbaehnli-1-300x188.jpg 300w, https:\/\/gaestehaus.ch\/wp-content\/uploads\/2025\/08\/seilbaehnli-1-768x480.jpg 768w\" sizes=\"(max-width: 1000px) 100vw, 1000px\" \/><\/p>\n<h3>En Service<\/h3>\n<p>La tyrolienne est en service entre mi-avril et fin octobre, en fonction de la m\u00e9t\u00e9o.<\/p>\n<p>&nbsp;<\/p>\n","protected":false},"excerpt":{"rendered":"<p>Toboggan \u00e0 eau En Service Le toboggan \u00e0 eau est en service entre mi-juin et mi-septembre, en fonction de la m\u00e9t\u00e9o. &nbsp; Baby-foot grandeur nature \u2026se trouve sur la place devant la maison de vacances. En service Le baby-foot grandeur nature est en service entre mi-mai et mi-octobre, en fonction de la m\u00e9t\u00e9o. &nbsp; Aire [&hellip;]<\/p>\n","protected":false},"author":6,"featured_media":102634,"parent":0,"menu_order":0,"comment_status":"closed","ping_status":"closed","template":"","meta":{"_acf_changed":false,"footnotes":""},"class_list":["post-98970","page","type-page","status-publish","has-post-thumbnail","hentry"],"acf":[],"_links":{"self":[{"href":"https:\/\/gaestehaus.ch\/fr\/wp-json\/wp\/v2\/pages\/98970","targetHints":{"allow":["GET"]}}],"collection":[{"href":"https:\/\/gaestehaus.ch\/fr\/wp-json\/wp\/v2\/pages"}],"about":[{"href":"https:\/\/gaestehaus.ch\/fr\/wp-json\/wp\/v2\/types\/page"}],"author":[{"embeddable":true,"href":"https:\/\/gaestehaus.ch\/fr\/wp-json\/wp\/v2\/users\/6"}],"replies":[{"embeddable":true,"href":"https:\/\/gaestehaus.ch\/fr\/wp-json\/wp\/v2\/comments?post=98970"}],"version-history":[{"count":6,"href":"https:\/\/gaestehaus.ch\/fr\/wp-json\/wp\/v2\/pages\/98970\/revisions"}],"predecessor-version":[{"id":101215,"href":"https:\/\/gaestehaus.ch\/fr\/wp-json\/wp\/v2\/pages\/98970\/revisions\/101215"}],"wp:featuredmedia":[{"embeddable":true,"href":"https:\/\/gaestehaus.ch\/fr\/wp-json\/wp\/v2\/media\/102634"}],"wp:attachment":[{"href":"https:\/\/gaestehaus.ch\/fr\/wp-json\/wp\/v2\/media?parent=98970"}],"curies":[{"name":"wp","href":"https:\/\/api.w.org\/{rel}","templated":true}]}}