{"id":98940,"date":"2025-08-08T18:35:00","date_gmt":"2025-08-08T16:35:00","guid":{"rendered":"https:\/\/gh.uwebdev.ch\/?page_id=98940"},"modified":"2026-02-05T20:15:05","modified_gmt":"2026-02-05T19:15:05","slug":"general-infrastructure","status":"publish","type":"page","link":"https:\/\/gaestehaus.ch\/fr\/general-infrastructure\/","title":{"rendered":"Infrastructure &#8211; sur notre terrain"},"content":{"rendered":"<p>Nous vous remercions de l\u2019int\u00e9r\u00eat que vous portez \u00e0 notre h\u00f4tel !<\/p>\n<p>Le\u00a0<em>Seminar f\u00fcr biblische Theologie Beatenberg<\/em>\u00a0(Institut de Th\u00e9ologie Biblique de Beatenberg) est un lieu de formation en th\u00e9ologie \u00e9vang\u00e9lique qui forme des jeunes gens pour les diff\u00e9rents domaines de l&rsquo;\u00e9glise chr\u00e9tienne.<\/p>\n<p>Attach\u00e9 \u00e0 cela est un h\u00f4tel d\u2019environ\u00a0<a href=\"https:\/\/gaestehaus.ch\/fr\/chambres?_gl=1*fqi5uu*_up*MQ..*_ga*ODEyMDIwOTE4LjE3NjE2NTYwMDE.*_ga_D01KW1VZR3*czE3NjE2NTYwMDAkbzEkZzEkdDE3NjE2NTYzMzckajYwJGwwJGgw\">160 lits<\/a>\u00a0ax\u00e9 aux familles et\u00a0<a href=\"https:\/\/gaestehaus.ch\/fr\/groupes\/\">groupes<\/a>. Tous les h\u00f4tes sont les bienvenus chez nous ; ind\u00e9pendamment de leur religion ou de leur philosophie. Nous disposons \u00e9galement\u00a0<a href=\"https:\/\/gaestehaus.ch\/fr\/appartements\/\">d&rsquo;appartements<\/a>\u00a0de vacances pour 2 \u00e0 12 personnes. Pour les jeunes ou pour les personnes disposant d&rsquo;un budget limit\u00e9, nous proposons aussi\u00a0<a href=\"https:\/\/gaestehaus.ch\/fr\/centre-de-vacances\/\">la maison de vacances ind\u00e9pendante<\/a>\u00a0de 32 lits.<\/p>\n\t\t<div data-elementor-type=\"container\" data-elementor-id=\"102027\" class=\"elementor elementor-102027 elementor-102022\" data-elementor-post-type=\"elementor_library\">\n\t\t\t\t<div class=\"elementor-element elementor-element-62fc1d9 e-flex e-con-boxed e-con e-parent\" data-id=\"62fc1d9\" data-element_type=\"container\">\n\t\t\t\t\t<div class=\"e-con-inner\">\n\t\t\t\t<div class=\"elementor-element elementor-element-fc227d3 elementor-widget elementor-widget-text-editor\" data-id=\"fc227d3\" data-element_type=\"widget\" data-widget_type=\"text-editor.default\">\n\t\t\t\t<div class=\"elementor-widget-container\">\n\t\t\t\t\t\t\t\t\t<p><a class=\"button\" href=\"https:\/\/gaestehaus.ch\/fr\/contact-reservation\/\">Demande de r\u00e9servation<\/a><\/p>\t\t\t\t\t\t\t\t<\/div>\n\t\t\t\t<\/div>\n\t\t\t\t\t<\/div>\n\t\t\t\t<\/div>\n\t\t\t\t<\/div>\n\t\t\n<div class=\"responsive-video\"><iframe title=\"Seminar f\u00fcr biblische Theologie Beatenberg - G\u00e4stehaus\" width=\"800\" height=\"450\" src=\"https:\/\/www.youtube.com\/embed\/Ym18OgjkJXw?feature=oembed\" frameborder=\"0\" allow=\"accelerometer; autoplay; clipboard-write; encrypted-media; gyroscope; picture-in-picture; web-share\" referrerpolicy=\"strict-origin-when-cross-origin\" allowfullscreen><\/iframe><\/div>\n<p>&nbsp;<\/p>\n\t\t<div data-elementor-type=\"container\" data-elementor-id=\"98957\" class=\"elementor elementor-98957 elementor-96312\" data-elementor-post-type=\"elementor_library\">\n\t\t\t\t<div class=\"elementor-element elementor-element-2443b68 e-grid e-con-boxed e-con e-parent\" data-id=\"2443b68\" data-element_type=\"container\">\n\t\t\t\t\t<div class=\"e-con-inner\">\n\t\t<div class=\"elementor-element elementor-element-44e565f e-con-full e-flex e-con e-child\" data-id=\"44e565f\" data-element_type=\"container\">\n\t\t\t\t<div class=\"elementor-element elementor-element-bb4f115 elementor-widget elementor-widget-image\" data-id=\"bb4f115\" data-element_type=\"widget\" data-widget_type=\"image.default\">\n\t\t\t\t<div class=\"elementor-widget-container\">\n\t\t\t\t\t\t\t\t\t\t\t\t\t\t\t<img decoding=\"async\" width=\"32\" height=\"32\" src=\"https:\/\/gaestehaus.ch\/wp-content\/uploads\/2025\/08\/infstr_20.jpg\" class=\"attachment-full size-full wp-image-98945\" alt=\"\" \/>\t\t\t\t\t\t\t\t\t\t\t\t\t\t\t<\/div>\n\t\t\t\t<\/div>\n\t\t\t\t<div class=\"elementor-element elementor-element-f3a088c elementor-widget elementor-widget-heading\" data-id=\"f3a088c\" data-element_type=\"widget\" data-widget_type=\"heading.default\">\n\t\t\t\t<div class=\"elementor-widget-container\">\n\t\t\t\t\t<h3 class=\"elementor-heading-title elementor-size-default\"><a href=\"https:\/\/gaestehaus.ch\/fr\/votre-famille-est-importante\/\">Accueillant pour familles<\/a><\/h3>\t\t\t\t<\/div>\n\t\t\t\t<\/div>\n\t\t\t\t<\/div>\n\t\t<div class=\"elementor-element elementor-element-a0cb104 e-con-full e-flex e-con e-child\" data-id=\"a0cb104\" data-element_type=\"container\">\n\t\t\t\t<div class=\"elementor-element elementor-element-e5d82ac elementor-widget elementor-widget-image\" data-id=\"e5d82ac\" data-element_type=\"widget\" data-widget_type=\"image.default\">\n\t\t\t\t<div class=\"elementor-widget-container\">\n\t\t\t\t\t\t\t\t\t\t\t\t\t\t\t<img decoding=\"async\" width=\"32\" height=\"32\" src=\"https:\/\/gaestehaus.ch\/wp-content\/uploads\/2025\/08\/infstr_5.jpg\" class=\"attachment-full size-full wp-image-98946\" alt=\"\" \/>\t\t\t\t\t\t\t\t\t\t\t\t\t\t\t<\/div>\n\t\t\t\t<\/div>\n\t\t\t\t<div class=\"elementor-element elementor-element-fae90d7 elementor-widget elementor-widget-heading\" data-id=\"fae90d7\" data-element_type=\"widget\" data-widget_type=\"heading.default\">\n\t\t\t\t<div class=\"elementor-widget-container\">\n\t\t\t\t\t<h3 class=\"elementor-heading-title elementor-size-default\">Parc avec aire de jeux et terrain<\/h3>\t\t\t\t<\/div>\n\t\t\t\t<\/div>\n\t\t\t\t<\/div>\n\t\t<div class=\"elementor-element elementor-element-ca067ac e-con-full e-flex e-con e-child\" data-id=\"ca067ac\" data-element_type=\"container\">\n\t\t\t\t<div class=\"elementor-element elementor-element-b665939 elementor-widget elementor-widget-image\" data-id=\"b665939\" data-element_type=\"widget\" data-widget_type=\"image.default\">\n\t\t\t\t<div class=\"elementor-widget-container\">\n\t\t\t\t\t\t\t\t\t\t\t\t\t\t\t<img decoding=\"async\" width=\"32\" height=\"32\" src=\"https:\/\/gaestehaus.ch\/wp-content\/uploads\/2025\/08\/infstr_wlan.jpg\" class=\"attachment-full size-full wp-image-98947\" alt=\"\" \/>\t\t\t\t\t\t\t\t\t\t\t\t\t\t\t<\/div>\n\t\t\t\t<\/div>\n\t\t\t\t<div class=\"elementor-element elementor-element-f5a1331 elementor-widget elementor-widget-heading\" data-id=\"f5a1331\" data-element_type=\"widget\" data-widget_type=\"heading.default\">\n\t\t\t\t<div class=\"elementor-widget-container\">\n\t\t\t\t\t<h3 class=\"elementor-heading-title elementor-size-default\">Wi-Fi gratuit<\/h3>\t\t\t\t<\/div>\n\t\t\t\t<\/div>\n\t\t\t\t<\/div>\n\t\t<div class=\"elementor-element elementor-element-a4ba375 e-con-full e-flex e-con e-child\" data-id=\"a4ba375\" data-element_type=\"container\">\n\t\t\t\t<div class=\"elementor-element elementor-element-f8836d5 elementor-widget elementor-widget-image\" data-id=\"f8836d5\" data-element_type=\"widget\" data-widget_type=\"image.default\">\n\t\t\t\t<div class=\"elementor-widget-container\">\n\t\t\t\t\t\t\t\t\t\t\t\t\t\t\t<img loading=\"lazy\" decoding=\"async\" width=\"32\" height=\"32\" src=\"https:\/\/gaestehaus.ch\/wp-content\/uploads\/2025\/08\/infstr_6.jpg\" class=\"attachment-full size-full wp-image-98948\" alt=\"\" \/>\t\t\t\t\t\t\t\t\t\t\t\t\t\t\t<\/div>\n\t\t\t\t<\/div>\n\t\t\t\t<div class=\"elementor-element elementor-element-1c727c8 elementor-widget elementor-widget-heading\" data-id=\"1c727c8\" data-element_type=\"widget\" data-widget_type=\"heading.default\">\n\t\t\t\t<div class=\"elementor-widget-container\">\n\t\t\t\t\t<h3 class=\"elementor-heading-title elementor-size-default\">Ascenseur<\/h3>\t\t\t\t<\/div>\n\t\t\t\t<\/div>\n\t\t\t\t<\/div>\n\t\t<div class=\"elementor-element elementor-element-473030a e-con-full e-flex e-con e-child\" data-id=\"473030a\" data-element_type=\"container\">\n\t\t\t\t<div class=\"elementor-element elementor-element-c0fc4ee elementor-widget elementor-widget-image\" data-id=\"c0fc4ee\" data-element_type=\"widget\" data-widget_type=\"image.default\">\n\t\t\t\t<div class=\"elementor-widget-container\">\n\t\t\t\t\t\t\t\t\t\t\t\t\t\t\t<img loading=\"lazy\" decoding=\"async\" width=\"32\" height=\"32\" src=\"https:\/\/gaestehaus.ch\/wp-content\/uploads\/2025\/08\/infstr_19.jpg\" class=\"attachment-full size-full wp-image-98949\" alt=\"\" \/>\t\t\t\t\t\t\t\t\t\t\t\t\t\t\t<\/div>\n\t\t\t\t<\/div>\n\t\t\t\t<div class=\"elementor-element elementor-element-fc2b6ef elementor-widget elementor-widget-heading\" data-id=\"fc2b6ef\" data-element_type=\"widget\" data-widget_type=\"heading.default\">\n\t\t\t\t<div class=\"elementor-widget-container\">\n\t\t\t\t\t<h3 class=\"elementor-heading-title elementor-size-default\">Bus gratuit jusqu\u2019\u00e0 Interlaken<\/h3>\t\t\t\t<\/div>\n\t\t\t\t<\/div>\n\t\t\t\t<\/div>\n\t\t<div class=\"elementor-element elementor-element-6b33a50 e-con-full e-flex e-con e-child\" data-id=\"6b33a50\" data-element_type=\"container\">\n\t\t\t\t<div class=\"elementor-element elementor-element-edfcc53 elementor-widget elementor-widget-image\" data-id=\"edfcc53\" data-element_type=\"widget\" data-widget_type=\"image.default\">\n\t\t\t\t<div class=\"elementor-widget-container\">\n\t\t\t\t\t\t\t\t\t\t\t\t\t\t\t<img loading=\"lazy\" decoding=\"async\" width=\"32\" height=\"32\" src=\"https:\/\/gaestehaus.ch\/wp-content\/uploads\/2025\/08\/infstr_7.jpg\" class=\"attachment-full size-full wp-image-98950\" alt=\"\" \/>\t\t\t\t\t\t\t\t\t\t\t\t\t\t\t<\/div>\n\t\t\t\t<\/div>\n\t\t\t\t<div class=\"elementor-element elementor-element-521d99a elementor-widget elementor-widget-heading\" data-id=\"521d99a\" data-element_type=\"widget\" data-widget_type=\"heading.default\">\n\t\t\t\t<div class=\"elementor-widget-container\">\n\t\t\t\t\t<h3 class=\"elementor-heading-title elementor-size-default\">Sp\u00e9cialis\u00e9 pour les conf\u00e9rences<\/h3>\t\t\t\t<\/div>\n\t\t\t\t<\/div>\n\t\t\t\t<\/div>\n\t\t<div class=\"elementor-element elementor-element-aafb9fa e-con-full e-flex e-con e-child\" data-id=\"aafb9fa\" data-element_type=\"container\">\n\t\t\t\t<div class=\"elementor-element elementor-element-31eba37 elementor-widget elementor-widget-image\" data-id=\"31eba37\" data-element_type=\"widget\" data-widget_type=\"image.default\">\n\t\t\t\t<div class=\"elementor-widget-container\">\n\t\t\t\t\t\t\t\t\t\t\t\t\t\t\t<img loading=\"lazy\" decoding=\"async\" width=\"32\" height=\"32\" src=\"https:\/\/gaestehaus.ch\/wp-content\/uploads\/2025\/08\/infstr_3.jpg\" class=\"attachment-full size-full wp-image-98951\" alt=\"\" \/>\t\t\t\t\t\t\t\t\t\t\t\t\t\t\t<\/div>\n\t\t\t\t<\/div>\n\t\t\t\t<div class=\"elementor-element elementor-element-2ea4036 elementor-widget elementor-widget-heading\" data-id=\"2ea4036\" data-element_type=\"widget\" data-widget_type=\"heading.default\">\n\t\t\t\t<div class=\"elementor-widget-container\">\n\t\t\t\t\t<h3 class=\"elementor-heading-title elementor-size-default\">Situation centrale (pr\u00e8s de l\u2018arr\u00eat de bus)<\/h3>\t\t\t\t<\/div>\n\t\t\t\t<\/div>\n\t\t\t\t<\/div>\n\t\t<div class=\"elementor-element elementor-element-a77032f e-con-full e-flex e-con e-child\" data-id=\"a77032f\" data-element_type=\"container\">\n\t\t\t\t<div class=\"elementor-element elementor-element-316af02 elementor-widget elementor-widget-image\" data-id=\"316af02\" data-element_type=\"widget\" data-widget_type=\"image.default\">\n\t\t\t\t<div class=\"elementor-widget-container\">\n\t\t\t\t\t\t\t\t\t\t\t\t\t\t\t<img loading=\"lazy\" decoding=\"async\" width=\"32\" height=\"32\" src=\"https:\/\/gaestehaus.ch\/wp-content\/uploads\/2025\/08\/infstr_8.jpg\" class=\"attachment-full size-full wp-image-98952\" alt=\"\" \/>\t\t\t\t\t\t\t\t\t\t\t\t\t\t\t<\/div>\n\t\t\t\t<\/div>\n\t\t\t\t<div class=\"elementor-element elementor-element-5eac499 elementor-widget elementor-widget-heading\" data-id=\"5eac499\" data-element_type=\"widget\" data-widget_type=\"heading.default\">\n\t\t\t\t<div class=\"elementor-widget-container\">\n\t\t\t\t\t<h3 class=\"elementor-heading-title elementor-size-default\">Petites et grandes salles de s\u00e9minaire<\/h3>\t\t\t\t<\/div>\n\t\t\t\t<\/div>\n\t\t\t\t<\/div>\n\t\t<div class=\"elementor-element elementor-element-b2a2f7b e-con-full e-flex e-con e-child\" data-id=\"b2a2f7b\" data-element_type=\"container\">\n\t\t\t\t<div class=\"elementor-element elementor-element-d3ff364 elementor-widget elementor-widget-image\" data-id=\"d3ff364\" data-element_type=\"widget\" data-widget_type=\"image.default\">\n\t\t\t\t<div class=\"elementor-widget-container\">\n\t\t\t\t\t\t\t\t\t\t\t\t\t\t\t<img loading=\"lazy\" decoding=\"async\" width=\"34\" height=\"34\" src=\"https:\/\/gaestehaus.ch\/wp-content\/uploads\/2025\/08\/infstr_2.jpg\" class=\"attachment-full size-full wp-image-98953\" alt=\"\" \/>\t\t\t\t\t\t\t\t\t\t\t\t\t\t\t<\/div>\n\t\t\t\t<\/div>\n\t\t\t\t<div class=\"elementor-element elementor-element-2c4d749 elementor-widget elementor-widget-heading\" data-id=\"2c4d749\" data-element_type=\"widget\" data-widget_type=\"heading.default\">\n\t\t\t\t<div class=\"elementor-widget-container\">\n\t\t\t\t\t<h3 class=\"elementor-heading-title elementor-size-default\">Parking gratuit autour de la maison<\/h3>\t\t\t\t<\/div>\n\t\t\t\t<\/div>\n\t\t\t\t<\/div>\n\t\t<div class=\"elementor-element elementor-element-f5dd970 e-con-full e-flex e-con e-child\" data-id=\"f5dd970\" data-element_type=\"container\">\n\t\t\t\t<div class=\"elementor-element elementor-element-25d8f44 elementor-widget elementor-widget-image\" data-id=\"25d8f44\" data-element_type=\"widget\" data-widget_type=\"image.default\">\n\t\t\t\t<div class=\"elementor-widget-container\">\n\t\t\t\t\t\t\t\t\t\t\t\t\t\t\t<img loading=\"lazy\" decoding=\"async\" width=\"32\" height=\"32\" src=\"https:\/\/gaestehaus.ch\/wp-content\/uploads\/2025\/08\/infstr_10.jpg\" class=\"attachment-full size-full wp-image-98954\" alt=\"\" \/>\t\t\t\t\t\t\t\t\t\t\t\t\t\t\t<\/div>\n\t\t\t\t<\/div>\n\t\t\t\t<div class=\"elementor-element elementor-element-61a6eb6 elementor-widget elementor-widget-heading\" data-id=\"61a6eb6\" data-element_type=\"widget\" data-widget_type=\"heading.default\">\n\t\t\t\t<div class=\"elementor-widget-container\">\n\t\t\t\t\t<h3 class=\"elementor-heading-title elementor-size-default\">Pas d\u2018animaux<\/h3>\t\t\t\t<\/div>\n\t\t\t\t<\/div>\n\t\t\t\t<\/div>\n\t\t<div class=\"elementor-element elementor-element-05f7c97 e-con-full e-flex e-con e-child\" data-id=\"05f7c97\" data-element_type=\"container\">\n\t\t\t\t<div class=\"elementor-element elementor-element-fa8afae elementor-widget elementor-widget-image\" data-id=\"fa8afae\" data-element_type=\"widget\" data-widget_type=\"image.default\">\n\t\t\t\t<div class=\"elementor-widget-container\">\n\t\t\t\t\t\t\t\t\t\t\t\t\t\t\t<img loading=\"lazy\" decoding=\"async\" width=\"32\" height=\"32\" src=\"https:\/\/gaestehaus.ch\/wp-content\/uploads\/2025\/08\/infstr_4.jpg\" class=\"attachment-full size-full wp-image-98955\" alt=\"\" \/>\t\t\t\t\t\t\t\t\t\t\t\t\t\t\t<\/div>\n\t\t\t\t<\/div>\n\t\t\t\t<div class=\"elementor-element elementor-element-e9a6202 elementor-widget elementor-widget-heading\" data-id=\"e9a6202\" data-element_type=\"widget\" data-widget_type=\"heading.default\">\n\t\t\t\t<div class=\"elementor-widget-container\">\n\t\t\t\t\t<h3 class=\"elementor-heading-title elementor-size-default\">Environnement calme<\/h3>\t\t\t\t<\/div>\n\t\t\t\t<\/div>\n\t\t\t\t<\/div>\n\t\t<div class=\"elementor-element elementor-element-4a16dbd e-con-full e-flex e-con e-child\" data-id=\"4a16dbd\" data-element_type=\"container\">\n\t\t\t\t<div class=\"elementor-element elementor-element-736a71f elementor-widget elementor-widget-image\" data-id=\"736a71f\" data-element_type=\"widget\" data-widget_type=\"image.default\">\n\t\t\t\t<div class=\"elementor-widget-container\">\n\t\t\t\t\t\t\t\t\t\t\t\t\t\t\t<img loading=\"lazy\" decoding=\"async\" width=\"28\" height=\"28\" src=\"https:\/\/gaestehaus.ch\/wp-content\/uploads\/2025\/08\/infstr_18.jpg\" class=\"attachment-full size-full wp-image-98956\" alt=\"\" \/>\t\t\t\t\t\t\t\t\t\t\t\t\t\t\t<\/div>\n\t\t\t\t<\/div>\n\t\t\t\t<div class=\"elementor-element elementor-element-31afd61 elementor-widget elementor-widget-heading\" data-id=\"31afd61\" data-element_type=\"widget\" data-widget_type=\"heading.default\">\n\t\t\t\t<div class=\"elementor-widget-container\">\n\t\t\t\t\t<h3 class=\"elementor-heading-title elementor-size-default\"><a href=\"https:\/\/gaestehaus.ch\/fr\/general-intolerance\/\">Repas \/ intol\u00e9rances<\/a><\/h3>\t\t\t\t<\/div>\n\t\t\t\t<\/div>\n\t\t\t\t<\/div>\n\t\t\t\t\t<\/div>\n\t\t\t\t<\/div>\n\t\t\t\t<\/div>\n\t\t\n<p>&nbsp;<\/p>\n<h2>Chez nous, vous trouvez:<\/h2>\n<ul>\n<li>Terrasse ensoleill\u00e9e avec panorama magnifique<\/li>\n<li>Chambres de diff\u00e9rentes cat\u00e9gories<\/li>\n<li>Prix abordables pour les familles<\/li>\n<li>Chambres avec petit-d\u00e9jeuner, demi-pension ou pension compl\u00e8te<\/li>\n<li>Salle de conf\u00e9rence (300 personnes)<\/li>\n<li>Diff\u00e9rentes\u00a0<a href=\"https:\/\/gaestehaus.ch\/fr\/groupes\/loyer\/\">salles de s\u00e9minaire<\/a><\/li>\n<li>Grande salle de restaurant (170 personnes)<\/li>\n<li>En partie accessible en fauteuil roulant<\/li>\n<li>Caf\u00e9t\u00e9ria<\/li>\n<li>Jeux de soci\u00e9t\u00e9<\/li>\n<li>Location de luges<\/li>\n<li>Salle de jeux pour enfants et salle m\u00e8re-enfant<\/li>\n<li>Nombreuses possibilit\u00e9s\u00a0<a href=\"https:\/\/gaestehaus.ch\/fr\/general\/terrain\">d&rsquo;activit\u00e9s<\/a>\n<ul>\n<li>Toboggan \u00e0 eau *<\/li>\n<li>Baby-foot grandeur nature *<\/li>\n<li>Aire de barbecue<\/li>\n<li>Tyrolienne pour enfants *<\/li>\n<li>Table ping-pong et baby-foot<\/li>\n<\/ul>\n<\/li>\n<\/ul>\n<p class=\"text-align-right\">*Seulement disponible en \u00e9t\u00e9<\/p>\n<h2 class=\"text-align-center\"><span class=\"sbt-red\">\u2022<\/span>\u00a0arriver\u00a0<span class=\"sbt-red\">\u2022<\/span>\u00a0se reposer\u00a0<span class=\"sbt-red\">\u2022<\/span>\u00a0se ressourcer\u00a0<span class=\"sbt-red\">\u2022<\/span><\/h2>\n<p>&nbsp;<\/p>\n","protected":false},"excerpt":{"rendered":"<p>Nous vous remercions de l\u2019int\u00e9r\u00eat que vous portez \u00e0 notre h\u00f4tel ! Le\u00a0Seminar f\u00fcr biblische Theologie Beatenberg\u00a0(Institut de Th\u00e9ologie Biblique de Beatenberg) est un lieu de formation en th\u00e9ologie \u00e9vang\u00e9lique qui forme des jeunes gens pour les diff\u00e9rents domaines de l&rsquo;\u00e9glise chr\u00e9tienne. Attach\u00e9 \u00e0 cela est un h\u00f4tel d\u2019environ\u00a0160 lits\u00a0ax\u00e9 aux familles et\u00a0groupes. Tous les [&hellip;]<\/p>\n","protected":false},"author":6,"featured_media":98938,"parent":0,"menu_order":0,"comment_status":"closed","ping_status":"closed","template":"","meta":{"_acf_changed":false,"footnotes":""},"class_list":["post-98940","page","type-page","status-publish","has-post-thumbnail","hentry"],"acf":[],"_links":{"self":[{"href":"https:\/\/gaestehaus.ch\/fr\/wp-json\/wp\/v2\/pages\/98940","targetHints":{"allow":["GET"]}}],"collection":[{"href":"https:\/\/gaestehaus.ch\/fr\/wp-json\/wp\/v2\/pages"}],"about":[{"href":"https:\/\/gaestehaus.ch\/fr\/wp-json\/wp\/v2\/types\/page"}],"author":[{"embeddable":true,"href":"https:\/\/gaestehaus.ch\/fr\/wp-json\/wp\/v2\/users\/6"}],"replies":[{"embeddable":true,"href":"https:\/\/gaestehaus.ch\/fr\/wp-json\/wp\/v2\/comments?post=98940"}],"version-history":[{"count":3,"href":"https:\/\/gaestehaus.ch\/fr\/wp-json\/wp\/v2\/pages\/98940\/revisions"}],"predecessor-version":[{"id":102031,"href":"https:\/\/gaestehaus.ch\/fr\/wp-json\/wp\/v2\/pages\/98940\/revisions\/102031"}],"wp:featuredmedia":[{"embeddable":true,"href":"https:\/\/gaestehaus.ch\/fr\/wp-json\/wp\/v2\/media\/98938"}],"wp:attachment":[{"href":"https:\/\/gaestehaus.ch\/fr\/wp-json\/wp\/v2\/media?parent=98940"}],"curies":[{"name":"wp","href":"https:\/\/api.w.org\/{rel}","templated":true}]}}