{"id":98633,"date":"2025-08-08T18:35:00","date_gmt":"2025-08-08T16:35:00","guid":{"rendered":"https:\/\/gh.uwebdev.ch\/?page_id=98633"},"modified":"2026-02-24T22:34:35","modified_gmt":"2026-02-24T21:34:35","slug":"loyer","status":"publish","type":"page","link":"https:\/\/gaestehaus.ch\/fr\/groupes\/loyer\/","title":{"rendered":"Salles de s\u00e9minaire et de conf\u00e9rence"},"content":{"rendered":"<p>L\u2019h\u00f4tel sbt est l\u2019endroit id\u00e9al pour vos s\u00e9minaires et vos conf\u00e9rences. En effet, nous avons des salles de diff\u00e9rentes grandeurs pour petits ou grands groupes.<\/p>\n<p>Chaque pi\u00e8ce est \u00e9quip\u00e9e de technologie moderne, \u00e0 savoir beamer, tableau blanc, flipchart. L\u2019utilisation de ce mat\u00e9riel est comprise dans le prix.<\/p>\n<p>Avez-vous besoin de mat\u00e9riel suppl\u00e9mentaire ? Un souhait en particulier ? N\u2019h\u00e9sitez pas \u00e0 nous contacter.<\/p>\n<p>Nous pouvons \u00e9galement vous proposer des collations durant vos pauses. Si vous \u00eates int\u00e9ress\u00e9s, nous vous ferons parvenir une offre.<\/p>\n\t\t<div data-elementor-type=\"container\" data-elementor-id=\"102196\" class=\"elementor elementor-102196 elementor-102181\" data-elementor-post-type=\"elementor_library\">\n\t\t\t\t<div class=\"elementor-element elementor-element-29c8ad5b e-flex e-con-boxed e-con e-parent\" data-id=\"29c8ad5b\" data-element_type=\"container\">\n\t\t\t\t\t<div class=\"e-con-inner\">\n\t\t\t\t<div class=\"elementor-element elementor-element-aa4d274 elementor-align-left elementor-button-info elementor-widget elementor-widget-button\" data-id=\"aa4d274\" data-element_type=\"widget\" data-widget_type=\"button.default\">\n\t\t\t\t<div class=\"elementor-widget-container\">\n\t\t\t\t\t\t\t\t\t<div class=\"elementor-button-wrapper\">\n\t\t\t\t\t<a class=\"elementor-button elementor-button-link elementor-size-sm\" href=\"https:\/\/gaestehaus.ch\/fr\/groupes\/offre\/\">\n\t\t\t\t\t\t<span class=\"elementor-button-content-wrapper\">\n\t\t\t\t\t\t\t\t\t<span class=\"elementor-button-text\">Demandez un devis maintenant<\/span>\n\t\t\t\t\t<\/span>\n\t\t\t\t\t<\/a>\n\t\t\t\t<\/div>\n\t\t\t\t\t\t\t\t<\/div>\n\t\t\t\t<\/div>\n\t\t\t\t\t<\/div>\n\t\t\t\t<\/div>\n\t\t\t\t<\/div>\n\t\t\n<h2>Aula<\/h2>\n<p><img fetchpriority=\"high\" decoding=\"async\" class=\"alignnone size-full wp-image-97500\" src=\"https:\/\/gaestehaus.ch\/wp-content\/uploads\/2025\/08\/g_sr_aula.jpg\" alt=\"\" width=\"1200\" height=\"900\" srcset=\"https:\/\/gaestehaus.ch\/wp-content\/uploads\/2025\/08\/g_sr_aula.jpg 1200w, https:\/\/gaestehaus.ch\/wp-content\/uploads\/2025\/08\/g_sr_aula-300x225.jpg 300w, https:\/\/gaestehaus.ch\/wp-content\/uploads\/2025\/08\/g_sr_aula-1024x768.jpg 1024w, https:\/\/gaestehaus.ch\/wp-content\/uploads\/2025\/08\/g_sr_aula-768x576.jpg 768w\" sizes=\"(max-width: 1200px) 100vw, 1200px\" \/><\/p>\n<p><img decoding=\"async\" class=\"alignnone size-full wp-image-97501\" src=\"https:\/\/gaestehaus.ch\/wp-content\/uploads\/2025\/08\/g_sr_aula2.jpg\" alt=\"\" width=\"1200\" height=\"900\" srcset=\"https:\/\/gaestehaus.ch\/wp-content\/uploads\/2025\/08\/g_sr_aula2.jpg 1200w, https:\/\/gaestehaus.ch\/wp-content\/uploads\/2025\/08\/g_sr_aula2-300x225.jpg 300w, https:\/\/gaestehaus.ch\/wp-content\/uploads\/2025\/08\/g_sr_aula2-1024x768.jpg 1024w, https:\/\/gaestehaus.ch\/wp-content\/uploads\/2025\/08\/g_sr_aula2-768x576.jpg 768w\" sizes=\"(max-width: 1200px) 100vw, 1200px\" \/><\/p>\n<ul>\n<li>290 m\u00b2<\/li>\n<li>Configuration concert: 250\u00a0personnes<\/li>\n<li>Configuration s\u00e9minaire:\u00a0200\u00a0personnes<\/li>\n<li>avec piano<\/li>\n<li>par jour: CHF\u00a0350<\/li>\n<li>par semaine: CHF 1&rsquo;200<\/li>\n<\/ul>\n<h2>Tagungsraum<\/h2>\n<h2><img decoding=\"async\" class=\"alignnone size-full wp-image-97506\" src=\"https:\/\/gaestehaus.ch\/wp-content\/uploads\/2025\/08\/g_sr_tagungsraum.jpg\" alt=\"\" width=\"1200\" height=\"900\" srcset=\"https:\/\/gaestehaus.ch\/wp-content\/uploads\/2025\/08\/g_sr_tagungsraum.jpg 1200w, https:\/\/gaestehaus.ch\/wp-content\/uploads\/2025\/08\/g_sr_tagungsraum-300x225.jpg 300w, https:\/\/gaestehaus.ch\/wp-content\/uploads\/2025\/08\/g_sr_tagungsraum-1024x768.jpg 1024w, https:\/\/gaestehaus.ch\/wp-content\/uploads\/2025\/08\/g_sr_tagungsraum-768x576.jpg 768w\" sizes=\"(max-width: 1200px) 100vw, 1200px\" \/><\/h2>\n<ul>\n<li>92 m\u00b2<\/li>\n<li>Configuration concert: 60\u00a0personnes<\/li>\n<li>Configuration s\u00e9minaire:\u00a040\u00a0personnes<\/li>\n<li>avec piano<\/li>\n<li>par jour: CHF\u00a0150<\/li>\n<li>par semaine: CHF\u00a0500<\/li>\n<\/ul>\n<h2>Salle de conf\u00e9rence<\/h2>\n<p><img loading=\"lazy\" decoding=\"async\" class=\"alignnone size-full wp-image-97509\" src=\"https:\/\/gaestehaus.ch\/wp-content\/uploads\/2025\/08\/g_sr_sitzungszimmer.jpg\" alt=\"\" width=\"1200\" height=\"900\" srcset=\"https:\/\/gaestehaus.ch\/wp-content\/uploads\/2025\/08\/g_sr_sitzungszimmer.jpg 1200w, https:\/\/gaestehaus.ch\/wp-content\/uploads\/2025\/08\/g_sr_sitzungszimmer-300x225.jpg 300w, https:\/\/gaestehaus.ch\/wp-content\/uploads\/2025\/08\/g_sr_sitzungszimmer-1024x768.jpg 1024w, https:\/\/gaestehaus.ch\/wp-content\/uploads\/2025\/08\/g_sr_sitzungszimmer-768x576.jpg 768w\" sizes=\"(max-width: 1200px) 100vw, 1200px\" \/><\/p>\n<ul>\n<li>30 m\u00b2<\/li>\n<li>Configuration concert:\u00a0sur demande<\/li>\n<li>Configuration s\u00e9minaire:\u00a015\u00a0personnes<\/li>\n<li>par jour: CHF\u00a060<\/li>\n<li>par semaine: CHF\u00a0250<\/li>\n<\/ul>\n<h2>Salle de conf\u00e9rence<\/h2>\n<p><img loading=\"lazy\" decoding=\"async\" class=\"alignnone size-full wp-image-97510\" src=\"https:\/\/gaestehaus.ch\/wp-content\/uploads\/2025\/08\/g_sr_besprechungszimmer.jpg\" alt=\"\" width=\"1200\" height=\"900\" srcset=\"https:\/\/gaestehaus.ch\/wp-content\/uploads\/2025\/08\/g_sr_besprechungszimmer.jpg 1200w, https:\/\/gaestehaus.ch\/wp-content\/uploads\/2025\/08\/g_sr_besprechungszimmer-300x225.jpg 300w, https:\/\/gaestehaus.ch\/wp-content\/uploads\/2025\/08\/g_sr_besprechungszimmer-1024x768.jpg 1024w, https:\/\/gaestehaus.ch\/wp-content\/uploads\/2025\/08\/g_sr_besprechungszimmer-768x576.jpg 768w\" sizes=\"(max-width: 1200px) 100vw, 1200px\" \/><\/p>\n<ul>\n<li>18 m\u00b2<\/li>\n<li>Configuration concert: sur demande<\/li>\n<li>Configuration s\u00e9minaire: 10\u00a0personnes<\/li>\n<li>par jour: CHF\u00a060<\/li>\n<li>par semaine: CHF\u00a0250<\/li>\n<\/ul>\n<h2>Salle de s\u00e9minaire 1<\/h2>\n<p><img loading=\"lazy\" decoding=\"async\" class=\"alignnone size-full wp-image-97511\" src=\"https:\/\/gaestehaus.ch\/wp-content\/uploads\/2025\/08\/g_sr_1.jpg\" alt=\"\" width=\"1200\" height=\"900\" srcset=\"https:\/\/gaestehaus.ch\/wp-content\/uploads\/2025\/08\/g_sr_1.jpg 1200w, https:\/\/gaestehaus.ch\/wp-content\/uploads\/2025\/08\/g_sr_1-300x225.jpg 300w, https:\/\/gaestehaus.ch\/wp-content\/uploads\/2025\/08\/g_sr_1-1024x768.jpg 1024w, https:\/\/gaestehaus.ch\/wp-content\/uploads\/2025\/08\/g_sr_1-768x576.jpg 768w\" sizes=\"(max-width: 1200px) 100vw, 1200px\" \/><\/p>\n<ul>\n<li>55 m\u00b2<\/li>\n<li>Configuration concert:\u00a0sur demande<\/li>\n<li>Configuration s\u00e9minaire:\u00a044\u00a0personnes<\/li>\n<li>par jour: CHF\u00a0100<\/li>\n<li>par semaine: CHF\u00a0400<\/li>\n<\/ul>\n<h2>Salle de s\u00e9minaire 2<\/h2>\n<p><img loading=\"lazy\" decoding=\"async\" class=\"alignnone wp-image-102267 size-full\" src=\"https:\/\/gaestehaus.ch\/wp-content\/uploads\/2026\/02\/g_sr_2.jpg\" alt=\"Seminarraum 2\" width=\"1200\" height=\"900\" srcset=\"https:\/\/gaestehaus.ch\/wp-content\/uploads\/2026\/02\/g_sr_2.jpg 1200w, https:\/\/gaestehaus.ch\/wp-content\/uploads\/2026\/02\/g_sr_2-300x225.jpg 300w, https:\/\/gaestehaus.ch\/wp-content\/uploads\/2026\/02\/g_sr_2-1024x768.jpg 1024w, https:\/\/gaestehaus.ch\/wp-content\/uploads\/2026\/02\/g_sr_2-768x576.jpg 768w\" sizes=\"(max-width: 1200px) 100vw, 1200px\" \/><\/p>\n<ul>\n<li>46 m\u00b2<\/li>\n<li>Configuration concert:\u00a0sur demande<\/li>\n<li>Configuration s\u00e9minaire:\u00a030\u00a0personnes<\/li>\n<li>par jour: CHF\u00a0100<\/li>\n<li>par semaine: CHF\u00a0400<\/li>\n<\/ul>\n<h2>Salle de s\u00e9minaire 3<\/h2>\n<h2><img loading=\"lazy\" decoding=\"async\" class=\"alignnone wp-image-102266 size-full\" src=\"https:\/\/gaestehaus.ch\/wp-content\/uploads\/2026\/02\/g_sr_3.jpg\" alt=\"Seminarraum 3\" width=\"1200\" height=\"900\" srcset=\"https:\/\/gaestehaus.ch\/wp-content\/uploads\/2026\/02\/g_sr_3.jpg 1200w, https:\/\/gaestehaus.ch\/wp-content\/uploads\/2026\/02\/g_sr_3-300x225.jpg 300w, https:\/\/gaestehaus.ch\/wp-content\/uploads\/2026\/02\/g_sr_3-1024x768.jpg 1024w, https:\/\/gaestehaus.ch\/wp-content\/uploads\/2026\/02\/g_sr_3-768x576.jpg 768w\" sizes=\"(max-width: 1200px) 100vw, 1200px\" \/><\/h2>\n<ul>\n<li>43 m\u00b2<\/li>\n<li>Configuration concert:\u00a0sur demande<\/li>\n<li>Configuration s\u00e9minaire:\u00a024\u00a0personnes<\/li>\n<li>par jour: CHF\u00a0100<\/li>\n<li>par semaine: CHF\u00a0400<\/li>\n<\/ul>\n<h2>Salle de s\u00e9minaire 4<\/h2>\n<p><img loading=\"lazy\" decoding=\"async\" class=\"alignnone wp-image-102265 size-full\" src=\"https:\/\/gaestehaus.ch\/wp-content\/uploads\/2026\/02\/g_sr_4.jpg\" alt=\"Seminarraum 4\" width=\"1200\" height=\"900\" srcset=\"https:\/\/gaestehaus.ch\/wp-content\/uploads\/2026\/02\/g_sr_4.jpg 1200w, https:\/\/gaestehaus.ch\/wp-content\/uploads\/2026\/02\/g_sr_4-300x225.jpg 300w, https:\/\/gaestehaus.ch\/wp-content\/uploads\/2026\/02\/g_sr_4-1024x768.jpg 1024w, https:\/\/gaestehaus.ch\/wp-content\/uploads\/2026\/02\/g_sr_4-768x576.jpg 768w\" sizes=\"(max-width: 1200px) 100vw, 1200px\" \/><\/p>\n<ul>\n<li>37 m\u00b2<\/li>\n<li>Configuration concert:\u00a0sur demande<\/li>\n<li>Configuration s\u00e9minaire:\u00a024\u00a0personnes<\/li>\n<li>par jour: CHF\u00a0100<\/li>\n<li>par semaine: CHF\u00a0400<\/li>\n<\/ul>\n<h2>Salle de s\u00e9minaire 5 &#8211; Weisses Haus<\/h2>\n<p><img loading=\"lazy\" decoding=\"async\" class=\"alignnone size-full wp-image-97515\" src=\"https:\/\/gaestehaus.ch\/wp-content\/uploads\/2025\/08\/g_sr_5.jpg\" alt=\"\" width=\"1200\" height=\"900\" srcset=\"https:\/\/gaestehaus.ch\/wp-content\/uploads\/2025\/08\/g_sr_5.jpg 1200w, https:\/\/gaestehaus.ch\/wp-content\/uploads\/2025\/08\/g_sr_5-300x225.jpg 300w, https:\/\/gaestehaus.ch\/wp-content\/uploads\/2025\/08\/g_sr_5-1024x768.jpg 1024w, https:\/\/gaestehaus.ch\/wp-content\/uploads\/2025\/08\/g_sr_5-768x576.jpg 768w\" sizes=\"(max-width: 1200px) 100vw, 1200px\" \/><\/p>\n<p><img loading=\"lazy\" decoding=\"async\" class=\"alignnone size-full wp-image-97516\" src=\"https:\/\/gaestehaus.ch\/wp-content\/uploads\/2025\/08\/g_sr_5_2.jpg\" alt=\"\" width=\"1200\" height=\"900\" srcset=\"https:\/\/gaestehaus.ch\/wp-content\/uploads\/2025\/08\/g_sr_5_2.jpg 1200w, https:\/\/gaestehaus.ch\/wp-content\/uploads\/2025\/08\/g_sr_5_2-300x225.jpg 300w, https:\/\/gaestehaus.ch\/wp-content\/uploads\/2025\/08\/g_sr_5_2-1024x768.jpg 1024w, https:\/\/gaestehaus.ch\/wp-content\/uploads\/2025\/08\/g_sr_5_2-768x576.jpg 768w\" sizes=\"(max-width: 1200px) 100vw, 1200px\" \/><\/p>\n<ul>\n<li>39 m\u00b2<\/li>\n<li>Configuration concert: max. 54\u00a0personnes<\/li>\n<li>Configuration s\u00e9minaire: 27\u00a0personnes<\/li>\n<li>par jour: CHF\u00a0100<\/li>\n<li>par semaine: CHF\u00a0400<\/li>\n<\/ul>\n<h2>Salle de s\u00e9minaire 6 &#8211; Weisses Haus<\/h2>\n<p><img loading=\"lazy\" decoding=\"async\" class=\"alignnone size-full wp-image-97517\" src=\"https:\/\/gaestehaus.ch\/wp-content\/uploads\/2025\/08\/g_sr_6.jpg\" alt=\"\" width=\"1200\" height=\"900\" srcset=\"https:\/\/gaestehaus.ch\/wp-content\/uploads\/2025\/08\/g_sr_6.jpg 1200w, https:\/\/gaestehaus.ch\/wp-content\/uploads\/2025\/08\/g_sr_6-300x225.jpg 300w, https:\/\/gaestehaus.ch\/wp-content\/uploads\/2025\/08\/g_sr_6-1024x768.jpg 1024w, https:\/\/gaestehaus.ch\/wp-content\/uploads\/2025\/08\/g_sr_6-768x576.jpg 768w\" sizes=\"(max-width: 1200px) 100vw, 1200px\" \/><\/p>\n<p><img loading=\"lazy\" decoding=\"async\" class=\"alignnone size-full wp-image-97518\" src=\"https:\/\/gaestehaus.ch\/wp-content\/uploads\/2025\/08\/g_sr_6_2.jpg\" alt=\"\" width=\"1200\" height=\"900\" srcset=\"https:\/\/gaestehaus.ch\/wp-content\/uploads\/2025\/08\/g_sr_6_2.jpg 1200w, https:\/\/gaestehaus.ch\/wp-content\/uploads\/2025\/08\/g_sr_6_2-300x225.jpg 300w, https:\/\/gaestehaus.ch\/wp-content\/uploads\/2025\/08\/g_sr_6_2-1024x768.jpg 1024w, https:\/\/gaestehaus.ch\/wp-content\/uploads\/2025\/08\/g_sr_6_2-768x576.jpg 768w\" sizes=\"(max-width: 1200px) 100vw, 1200px\" \/><\/p>\n<ul>\n<li>40 m\u00b2<\/li>\n<li>Configuration concert: max. 64\u00a0personnes<\/li>\n<li>Configuration s\u00e9minaire: 30\u00a0personnes<\/li>\n<li>par jour: CHF\u00a0100<\/li>\n<li>par semaine: CHF\u00a0400<\/li>\n<\/ul>\n<p>&nbsp;<\/p>\n<p>Les salles peuvent \u00e9galement \u00eatre r\u00e9serv\u00e9es pour des \u00e9v\u00e9nements d&rsquo;une journ\u00e9e. Prix et disponibilit\u00e9s sur demande.<\/p>\n\t\t<div data-elementor-type=\"container\" data-elementor-id=\"102196\" class=\"elementor elementor-102196 elementor-102181\" data-elementor-post-type=\"elementor_library\">\n\t\t\t\t<div class=\"elementor-element elementor-element-29c8ad5b e-flex e-con-boxed e-con e-parent\" data-id=\"29c8ad5b\" data-element_type=\"container\">\n\t\t\t\t\t<div class=\"e-con-inner\">\n\t\t\t\t<div class=\"elementor-element elementor-element-aa4d274 elementor-align-left elementor-button-info elementor-widget elementor-widget-button\" data-id=\"aa4d274\" data-element_type=\"widget\" data-widget_type=\"button.default\">\n\t\t\t\t<div class=\"elementor-widget-container\">\n\t\t\t\t\t\t\t\t\t<div class=\"elementor-button-wrapper\">\n\t\t\t\t\t<a class=\"elementor-button elementor-button-link elementor-size-sm\" href=\"https:\/\/gaestehaus.ch\/fr\/groupes\/offre\/\">\n\t\t\t\t\t\t<span class=\"elementor-button-content-wrapper\">\n\t\t\t\t\t\t\t\t\t<span class=\"elementor-button-text\">Demandez un devis maintenant<\/span>\n\t\t\t\t\t<\/span>\n\t\t\t\t\t<\/a>\n\t\t\t\t<\/div>\n\t\t\t\t\t\t\t\t<\/div>\n\t\t\t\t<\/div>\n\t\t\t\t\t<\/div>\n\t\t\t\t<\/div>\n\t\t\t\t<\/div>\n\t\t\n","protected":false},"excerpt":{"rendered":"<p>L\u2019h\u00f4tel sbt est l\u2019endroit id\u00e9al pour vos s\u00e9minaires et vos conf\u00e9rences. En effet, nous avons des salles de diff\u00e9rentes grandeurs pour petits ou grands groupes. Chaque pi\u00e8ce est \u00e9quip\u00e9e de technologie moderne, \u00e0 savoir beamer, tableau blanc, flipchart. L\u2019utilisation de ce mat\u00e9riel est comprise dans le prix. Avez-vous besoin de mat\u00e9riel suppl\u00e9mentaire ? Un souhait [&hellip;]<\/p>\n","protected":false},"author":9,"featured_media":102655,"parent":98095,"menu_order":0,"comment_status":"closed","ping_status":"closed","template":"","meta":{"_acf_changed":false,"footnotes":""},"class_list":["post-98633","page","type-page","status-publish","has-post-thumbnail","hentry"],"acf":[],"_links":{"self":[{"href":"https:\/\/gaestehaus.ch\/fr\/wp-json\/wp\/v2\/pages\/98633","targetHints":{"allow":["GET"]}}],"collection":[{"href":"https:\/\/gaestehaus.ch\/fr\/wp-json\/wp\/v2\/pages"}],"about":[{"href":"https:\/\/gaestehaus.ch\/fr\/wp-json\/wp\/v2\/types\/page"}],"author":[{"embeddable":true,"href":"https:\/\/gaestehaus.ch\/fr\/wp-json\/wp\/v2\/users\/9"}],"replies":[{"embeddable":true,"href":"https:\/\/gaestehaus.ch\/fr\/wp-json\/wp\/v2\/comments?post=98633"}],"version-history":[{"count":13,"href":"https:\/\/gaestehaus.ch\/fr\/wp-json\/wp\/v2\/pages\/98633\/revisions"}],"predecessor-version":[{"id":102277,"href":"https:\/\/gaestehaus.ch\/fr\/wp-json\/wp\/v2\/pages\/98633\/revisions\/102277"}],"up":[{"embeddable":true,"href":"https:\/\/gaestehaus.ch\/fr\/wp-json\/wp\/v2\/pages\/98095"}],"wp:featuredmedia":[{"embeddable":true,"href":"https:\/\/gaestehaus.ch\/fr\/wp-json\/wp\/v2\/media\/102655"}],"wp:attachment":[{"href":"https:\/\/gaestehaus.ch\/fr\/wp-json\/wp\/v2\/media?parent=98633"}],"curies":[{"name":"wp","href":"https:\/\/api.w.org\/{rel}","templated":true}]}}