{"id":98615,"date":"2025-08-08T18:35:00","date_gmt":"2025-08-08T16:35:00","guid":{"rendered":"https:\/\/gh.uwebdev.ch\/?page_id=98615"},"modified":"2026-02-05T23:16:05","modified_gmt":"2026-02-05T22:16:05","slug":"cout","status":"publish","type":"page","link":"https:\/\/gaestehaus.ch\/fr\/groupes\/cout\/","title":{"rendered":"Tarifs pour groupes"},"content":{"rendered":"<p>Nous vous proposons des forfaits avantageux \u00ab pension compl\u00e8te \u00bb \u00e0 partir de CHF 62.00.<\/p>\n<h2><span style=\"color: #cb0d38;\">Prix attractifs pour groupes<\/span><\/h2>\n<p>Vous avez la possibilit\u00e9 de nous demander un devis sans engagement. Afin d\u2019avoir une meilleure id\u00e9e de notre offre, nous vous accueillons volontiers pour vous faire visiter notre campus, les infrastructures ainsi que les salles de s\u00e9minaires. Si vous avez d\u2019autres questions, n\u2019h\u00e9sitez pas \u00e0 nous contacter.<\/p>\n<p>Nous nous r\u00e9jouissons d\u2019ores et d\u00e9j\u00e0 de vous recevoir dans notre h\u00f4tel et vous souhaitons la bienvenue.<\/p>\n\t\t<div data-elementor-type=\"container\" data-elementor-id=\"102196\" class=\"elementor elementor-102196 elementor-102181\" data-elementor-post-type=\"elementor_library\">\n\t\t\t\t<div class=\"elementor-element elementor-element-29c8ad5b e-flex e-con-boxed e-con e-parent\" data-id=\"29c8ad5b\" data-element_type=\"container\">\n\t\t\t\t\t<div class=\"e-con-inner\">\n\t\t\t\t<div class=\"elementor-element elementor-element-aa4d274 elementor-align-left elementor-button-info elementor-widget elementor-widget-button\" data-id=\"aa4d274\" data-element_type=\"widget\" data-widget_type=\"button.default\">\n\t\t\t\t<div class=\"elementor-widget-container\">\n\t\t\t\t\t\t\t\t\t<div class=\"elementor-button-wrapper\">\n\t\t\t\t\t<a class=\"elementor-button elementor-button-link elementor-size-sm\" href=\"https:\/\/gaestehaus.ch\/fr\/groupes\/offre\/\">\n\t\t\t\t\t\t<span class=\"elementor-button-content-wrapper\">\n\t\t\t\t\t\t\t\t\t<span class=\"elementor-button-text\">Demandez un devis maintenant<\/span>\n\t\t\t\t\t<\/span>\n\t\t\t\t\t<\/a>\n\t\t\t\t<\/div>\n\t\t\t\t\t\t\t\t<\/div>\n\t\t\t\t<\/div>\n\t\t\t\t\t<\/div>\n\t\t\t\t<\/div>\n\t\t\t\t<\/div>\n\t\t\n\t\t<div data-elementor-type=\"container\" data-elementor-id=\"101278\" class=\"elementor elementor-101278 elementor-97548\" data-elementor-post-type=\"elementor_library\">\n\t\t\t\t<div class=\"elementor-element elementor-element-90cfdeb e-flex e-con-boxed e-con e-parent\" data-id=\"90cfdeb\" data-element_type=\"container\">\n\t\t\t\t\t<div class=\"e-con-inner\">\n\t\t\t\t<div class=\"elementor-element elementor-element-cf24a77 elementor-widget elementor-widget-heading\" data-id=\"cf24a77\" data-element_type=\"widget\" data-widget_type=\"heading.default\">\n\t\t\t\t<div class=\"elementor-widget-container\">\n\t\t\t\t\t<h2 class=\"elementor-heading-title elementor-size-default\">Paiement<\/h2>\t\t\t\t<\/div>\n\t\t\t\t<\/div>\n\t\t<div class=\"elementor-element elementor-element-53866ab e-con-full e-flex e-con e-child\" data-id=\"53866ab\" data-element_type=\"container\">\n\t\t\t\t<div class=\"elementor-element elementor-element-e64eba2 elementor-widget elementor-widget-text-editor\" data-id=\"e64eba2\" data-element_type=\"widget\" data-widget_type=\"text-editor.default\">\n\t\t\t\t<div class=\"elementor-widget-container\">\n\t\t\t\t\t\t\t\t\t<p>Vous pouvez payer en esp\u00e8ces en CHF \/ \u20ac ou par les cartes suivants:<br><\/p>\t\t\t\t\t\t\t\t<\/div>\n\t\t\t\t<\/div>\n\t\t\t\t<div class=\"elementor-element elementor-element-9be6859 elementor-widget elementor-widget-image-gallery\" data-id=\"9be6859\" data-element_type=\"widget\" data-widget_type=\"image-gallery.default\">\n\t\t\t\t<div class=\"elementor-widget-container\">\n\t\t\t\t\t\t\t<div class=\"elementor-image-gallery\">\n\t\t\t<div id='gallery-1' class='gallery galleryid-99389 gallery-columns-7 gallery-size-large'><figure class='gallery-item'>\n\t\t\t<div class='gallery-icon landscape'>\n\t\t\t\t<a data-elementor-open-lightbox=\"yes\" data-elementor-lightbox-slideshow=\"9be6859\" data-e-action-hash=\"#elementor-action%3Aaction%3Dlightbox%26settings%3DeyJpZCI6MTAxMjcxLCJ1cmwiOiJodHRwczpcL1wvZ2Flc3RlaGF1cy5jaFwvd3AtY29udGVudFwvdXBsb2Fkc1wvMjAyNVwvMDhcL2luZnN0cl8xNy5qcGciLCJzbGlkZXNob3ciOiI5YmU2ODU5In0%3D\" class=\"glightbox\" data-gallery=\"post-99389-gallery-0\" data-title=\"\" href='https:\/\/gaestehaus.ch\/wp-content\/uploads\/2025\/08\/infstr_17.jpg'><img decoding=\"async\" width=\"220\" height=\"220\" src=\"https:\/\/gaestehaus.ch\/wp-content\/uploads\/2025\/08\/infstr_17.jpg\" class=\"attachment-large size-large\" alt=\"\" srcset=\"https:\/\/gaestehaus.ch\/wp-content\/uploads\/2025\/08\/infstr_17.jpg 220w, https:\/\/gaestehaus.ch\/wp-content\/uploads\/2025\/08\/infstr_17-150x150.jpg 150w\" sizes=\"(max-width: 220px) 100vw, 220px\" \/><\/a>\n\t\t\t<\/div><\/figure><figure class='gallery-item'>\n\t\t\t<div class='gallery-icon landscape'>\n\t\t\t\t<a data-elementor-open-lightbox=\"yes\" data-elementor-lightbox-slideshow=\"9be6859\" data-e-action-hash=\"#elementor-action%3Aaction%3Dlightbox%26settings%3DeyJpZCI6MTAxMjcyLCJ1cmwiOiJodHRwczpcL1wvZ2Flc3RlaGF1cy5jaFwvd3AtY29udGVudFwvdXBsb2Fkc1wvMjAyNVwvMDhcL2luZnN0cl8xMy5qcGciLCJzbGlkZXNob3ciOiI5YmU2ODU5In0%3D\" class=\"glightbox\" data-gallery=\"post-99389-gallery-0\" data-title=\"\" href='https:\/\/gaestehaus.ch\/wp-content\/uploads\/2025\/08\/infstr_13.jpg'><img decoding=\"async\" width=\"220\" height=\"220\" src=\"https:\/\/gaestehaus.ch\/wp-content\/uploads\/2025\/08\/infstr_13.jpg\" class=\"attachment-large size-large\" alt=\"\" srcset=\"https:\/\/gaestehaus.ch\/wp-content\/uploads\/2025\/08\/infstr_13.jpg 220w, https:\/\/gaestehaus.ch\/wp-content\/uploads\/2025\/08\/infstr_13-150x150.jpg 150w\" sizes=\"(max-width: 220px) 100vw, 220px\" \/><\/a>\n\t\t\t<\/div><\/figure><figure class='gallery-item'>\n\t\t\t<div class='gallery-icon landscape'>\n\t\t\t\t<a data-elementor-open-lightbox=\"yes\" data-elementor-lightbox-slideshow=\"9be6859\" data-e-action-hash=\"#elementor-action%3Aaction%3Dlightbox%26settings%3DeyJpZCI6MTAxMjczLCJ1cmwiOiJodHRwczpcL1wvZ2Flc3RlaGF1cy5jaFwvd3AtY29udGVudFwvdXBsb2Fkc1wvMjAyNVwvMDhcL2luZnN0cl8xMS5qcGciLCJzbGlkZXNob3ciOiI5YmU2ODU5In0%3D\" class=\"glightbox\" data-gallery=\"post-99389-gallery-0\" data-title=\"\" href='https:\/\/gaestehaus.ch\/wp-content\/uploads\/2025\/08\/infstr_11.jpg'><img decoding=\"async\" width=\"220\" height=\"220\" src=\"https:\/\/gaestehaus.ch\/wp-content\/uploads\/2025\/08\/infstr_11.jpg\" class=\"attachment-large size-large\" alt=\"\" srcset=\"https:\/\/gaestehaus.ch\/wp-content\/uploads\/2025\/08\/infstr_11.jpg 220w, https:\/\/gaestehaus.ch\/wp-content\/uploads\/2025\/08\/infstr_11-150x150.jpg 150w\" sizes=\"(max-width: 220px) 100vw, 220px\" \/><\/a>\n\t\t\t<\/div><\/figure><figure class='gallery-item'>\n\t\t\t<div class='gallery-icon landscape'>\n\t\t\t\t<a data-elementor-open-lightbox=\"yes\" data-elementor-lightbox-slideshow=\"9be6859\" data-e-action-hash=\"#elementor-action%3Aaction%3Dlightbox%26settings%3DeyJpZCI6MTAxMjc0LCJ1cmwiOiJodHRwczpcL1wvZ2Flc3RlaGF1cy5jaFwvd3AtY29udGVudFwvdXBsb2Fkc1wvMjAyNVwvMDhcL2luZnN0cl8xNC5qcGciLCJzbGlkZXNob3ciOiI5YmU2ODU5In0%3D\" class=\"glightbox\" data-gallery=\"post-99389-gallery-0\" data-title=\"\" href='https:\/\/gaestehaus.ch\/wp-content\/uploads\/2025\/08\/infstr_14.jpg'><img loading=\"lazy\" decoding=\"async\" width=\"220\" height=\"220\" src=\"https:\/\/gaestehaus.ch\/wp-content\/uploads\/2025\/08\/infstr_14.jpg\" class=\"attachment-large size-large\" alt=\"\" srcset=\"https:\/\/gaestehaus.ch\/wp-content\/uploads\/2025\/08\/infstr_14.jpg 220w, https:\/\/gaestehaus.ch\/wp-content\/uploads\/2025\/08\/infstr_14-150x150.jpg 150w\" sizes=\"(max-width: 220px) 100vw, 220px\" \/><\/a>\n\t\t\t<\/div><\/figure><figure class='gallery-item'>\n\t\t\t<div class='gallery-icon landscape'>\n\t\t\t\t<a data-elementor-open-lightbox=\"yes\" data-elementor-lightbox-slideshow=\"9be6859\" data-e-action-hash=\"#elementor-action%3Aaction%3Dlightbox%26settings%3DeyJpZCI6MTAxMjc1LCJ1cmwiOiJodHRwczpcL1wvZ2Flc3RlaGF1cy5jaFwvd3AtY29udGVudFwvdXBsb2Fkc1wvMjAyNVwvMDhcL2luZnN0cl8xNS5qcGciLCJzbGlkZXNob3ciOiI5YmU2ODU5In0%3D\" class=\"glightbox\" data-gallery=\"post-99389-gallery-0\" data-title=\"\" href='https:\/\/gaestehaus.ch\/wp-content\/uploads\/2025\/08\/infstr_15.jpg'><img loading=\"lazy\" decoding=\"async\" width=\"220\" height=\"220\" src=\"https:\/\/gaestehaus.ch\/wp-content\/uploads\/2025\/08\/infstr_15.jpg\" class=\"attachment-large size-large\" alt=\"\" srcset=\"https:\/\/gaestehaus.ch\/wp-content\/uploads\/2025\/08\/infstr_15.jpg 220w, https:\/\/gaestehaus.ch\/wp-content\/uploads\/2025\/08\/infstr_15-150x150.jpg 150w\" sizes=\"(max-width: 220px) 100vw, 220px\" \/><\/a>\n\t\t\t<\/div><\/figure><figure class='gallery-item'>\n\t\t\t<div class='gallery-icon landscape'>\n\t\t\t\t<a data-elementor-open-lightbox=\"yes\" data-elementor-lightbox-slideshow=\"9be6859\" data-e-action-hash=\"#elementor-action%3Aaction%3Dlightbox%26settings%3DeyJpZCI6MTAxMjc2LCJ1cmwiOiJodHRwczpcL1wvZ2Flc3RlaGF1cy5jaFwvd3AtY29udGVudFwvdXBsb2Fkc1wvMjAyNVwvMDhcL2luZnN0cl8xMi5qcGciLCJzbGlkZXNob3ciOiI5YmU2ODU5In0%3D\" class=\"glightbox\" data-gallery=\"post-99389-gallery-0\" data-title=\"\" href='https:\/\/gaestehaus.ch\/wp-content\/uploads\/2025\/08\/infstr_12.jpg'><img loading=\"lazy\" decoding=\"async\" width=\"220\" height=\"220\" src=\"https:\/\/gaestehaus.ch\/wp-content\/uploads\/2025\/08\/infstr_12.jpg\" class=\"attachment-large size-large\" alt=\"\" srcset=\"https:\/\/gaestehaus.ch\/wp-content\/uploads\/2025\/08\/infstr_12.jpg 220w, https:\/\/gaestehaus.ch\/wp-content\/uploads\/2025\/08\/infstr_12-150x150.jpg 150w\" sizes=\"(max-width: 220px) 100vw, 220px\" \/><\/a>\n\t\t\t<\/div><\/figure><figure class='gallery-item'>\n\t\t\t<div class='gallery-icon landscape'>\n\t\t\t\t<a data-elementor-open-lightbox=\"yes\" data-elementor-lightbox-slideshow=\"9be6859\" data-e-action-hash=\"#elementor-action%3Aaction%3Dlightbox%26settings%3DeyJpZCI6MTAxMjc3LCJ1cmwiOiJodHRwczpcL1wvZ2Flc3RlaGF1cy5jaFwvd3AtY29udGVudFwvdXBsb2Fkc1wvMjAyNVwvMDhcL2luZnN0cl8xNi5qcGciLCJzbGlkZXNob3ciOiI5YmU2ODU5In0%3D\" class=\"glightbox\" data-gallery=\"post-99389-gallery-0\" data-title=\"\" href='https:\/\/gaestehaus.ch\/wp-content\/uploads\/2025\/08\/infstr_16.jpg'><img loading=\"lazy\" decoding=\"async\" width=\"220\" height=\"220\" src=\"https:\/\/gaestehaus.ch\/wp-content\/uploads\/2025\/08\/infstr_16.jpg\" class=\"attachment-large size-large\" alt=\"\" srcset=\"https:\/\/gaestehaus.ch\/wp-content\/uploads\/2025\/08\/infstr_16.jpg 220w, https:\/\/gaestehaus.ch\/wp-content\/uploads\/2025\/08\/infstr_16-150x150.jpg 150w\" sizes=\"(max-width: 220px) 100vw, 220px\" \/><\/a>\n\t\t\t<\/div><\/figure>\n\t\t<\/div>\n\t\t<\/div>\n\t\t\t\t\t\t<\/div>\n\t\t\t\t<\/div>\n\t\t\t\t<div class=\"elementor-element elementor-element-a8f230c elementor-widget elementor-widget-text-editor\" data-id=\"a8f230c\" data-element_type=\"widget\" data-widget_type=\"text-editor.default\">\n\t\t\t\t<div class=\"elementor-widget-container\">\n\t\t\t\t\t\t\t\t\t<p>Pour payer en Euro, nous utilisons le taux de change courant.<\/p>\t\t\t\t\t\t\t\t<\/div>\n\t\t\t\t<\/div>\n\t\t\t\t<\/div>\n\t\t\t\t\t<\/div>\n\t\t\t\t<\/div>\n\t\t\t\t<\/div>\n\t\t\n","protected":false},"excerpt":{"rendered":"<p>Nous vous proposons des forfaits avantageux \u00ab pension compl\u00e8te \u00bb \u00e0 partir de CHF 62.00. Prix attractifs pour groupes Vous avez la possibilit\u00e9 de nous demander un devis sans engagement. Afin d\u2019avoir une meilleure id\u00e9e de notre offre, nous vous accueillons volontiers pour vous faire visiter notre campus, les infrastructures ainsi que les salles de [&hellip;]<\/p>\n","protected":false},"author":9,"featured_media":98206,"parent":98095,"menu_order":0,"comment_status":"closed","ping_status":"closed","template":"","meta":{"_acf_changed":false,"footnotes":""},"class_list":["post-98615","page","type-page","status-publish","has-post-thumbnail","hentry"],"acf":[],"_links":{"self":[{"href":"https:\/\/gaestehaus.ch\/fr\/wp-json\/wp\/v2\/pages\/98615","targetHints":{"allow":["GET"]}}],"collection":[{"href":"https:\/\/gaestehaus.ch\/fr\/wp-json\/wp\/v2\/pages"}],"about":[{"href":"https:\/\/gaestehaus.ch\/fr\/wp-json\/wp\/v2\/types\/page"}],"author":[{"embeddable":true,"href":"https:\/\/gaestehaus.ch\/fr\/wp-json\/wp\/v2\/users\/9"}],"replies":[{"embeddable":true,"href":"https:\/\/gaestehaus.ch\/fr\/wp-json\/wp\/v2\/comments?post=98615"}],"version-history":[{"count":4,"href":"https:\/\/gaestehaus.ch\/fr\/wp-json\/wp\/v2\/pages\/98615\/revisions"}],"predecessor-version":[{"id":102205,"href":"https:\/\/gaestehaus.ch\/fr\/wp-json\/wp\/v2\/pages\/98615\/revisions\/102205"}],"up":[{"embeddable":true,"href":"https:\/\/gaestehaus.ch\/fr\/wp-json\/wp\/v2\/pages\/98095"}],"wp:featuredmedia":[{"embeddable":true,"href":"https:\/\/gaestehaus.ch\/fr\/wp-json\/wp\/v2\/media\/98206"}],"wp:attachment":[{"href":"https:\/\/gaestehaus.ch\/fr\/wp-json\/wp\/v2\/media?parent=98615"}],"curies":[{"name":"wp","href":"https:\/\/api.w.org\/{rel}","templated":true}]}}