{"id":98610,"date":"2025-08-08T18:35:00","date_gmt":"2025-08-08T16:35:00","guid":{"rendered":"https:\/\/gh.uwebdev.ch\/?page_id=98610"},"modified":"2026-02-05T23:13:33","modified_gmt":"2026-02-05T22:13:33","slug":"calendrier","status":"publish","type":"page","link":"https:\/\/gaestehaus.ch\/fr\/groupes\/calendrier\/","title":{"rendered":"Calendrier des disponibilit\u00e9s pour groupes"},"content":{"rendered":"<p>Nous nous r\u00e9jouissons d\u2019ores et d\u00e9j\u00e0 d\u2019accueillir votre groupe ici au Beatenberg. Vous trouverez ci-dessous le plan de r\u00e9servation pour les groupes. En cas de doute concernant les possibilit\u00e9s de r\u00e9servations, n&rsquo;h\u00e9sitez pas \u00e0 nous contacter. Nous vous enverrons volontiers une offre sans engagement de votre part.<\/p>\n<p>Ce plan de r\u00e9servation concerne uniquement les r\u00e9servations pour groupes. La disponibilit\u00e9 des chambres ne figure pas sur ce tableau. Les personnes qui souhaitent s\u00e9journer dans une chambre individuelle doivent utiliser le\u00a0<a href=\"https:\/\/gaestehaus.ch\/fr\/contact\/reservation\">formulaire de r\u00e9servation<\/a>.<\/p>\n<style>\n    .responsive-iframe-container {background-color: inherit; padding: 0;   margin: 0;   max-width: 100%;  \/* Maximale Breite anpassen *\/     position: relative;     overflow: hidden;   }  .responsive-iframe-container iframe {       background-color: inherit;     width: 100%;       height: 700px;      border: none;    }<\/style>\n<div class=\"responsive-iframe-container\"><iframe id=\"gruppenhausIframe\" src=\"https:\/\/www.gruppenhaus.ch\/kalender_extern_2?id=647&amp;lang=de&amp;month=24&amp;showProv=false&amp;autoExpandLegend=true\" data-mce-fragment=\"1\"><\/iframe><\/div>\n\t\t<div data-elementor-type=\"container\" data-elementor-id=\"102196\" class=\"elementor elementor-102196 elementor-102181\" data-elementor-post-type=\"elementor_library\">\n\t\t\t\t<div class=\"elementor-element elementor-element-29c8ad5b e-flex e-con-boxed e-con e-parent\" data-id=\"29c8ad5b\" data-element_type=\"container\">\n\t\t\t\t\t<div class=\"e-con-inner\">\n\t\t\t\t<div class=\"elementor-element elementor-element-aa4d274 elementor-align-left elementor-button-info elementor-widget elementor-widget-button\" data-id=\"aa4d274\" data-element_type=\"widget\" data-widget_type=\"button.default\">\n\t\t\t\t<div class=\"elementor-widget-container\">\n\t\t\t\t\t\t\t\t\t<div class=\"elementor-button-wrapper\">\n\t\t\t\t\t<a class=\"elementor-button elementor-button-link elementor-size-sm\" href=\"https:\/\/gaestehaus.ch\/fr\/groupes\/offre\/\">\n\t\t\t\t\t\t<span class=\"elementor-button-content-wrapper\">\n\t\t\t\t\t\t\t\t\t<span class=\"elementor-button-text\">Demandez un devis maintenant<\/span>\n\t\t\t\t\t<\/span>\n\t\t\t\t\t<\/a>\n\t\t\t\t<\/div>\n\t\t\t\t\t\t\t\t<\/div>\n\t\t\t\t<\/div>\n\t\t\t\t\t<\/div>\n\t\t\t\t<\/div>\n\t\t\t\t<\/div>\n\t\t\n","protected":false},"excerpt":{"rendered":"<p>Nous nous r\u00e9jouissons d\u2019ores et d\u00e9j\u00e0 d\u2019accueillir votre groupe ici au Beatenberg. Vous trouverez ci-dessous le plan de r\u00e9servation pour les groupes. En cas de doute concernant les possibilit\u00e9s de r\u00e9servations, n&rsquo;h\u00e9sitez pas \u00e0 nous contacter. Nous vous enverrons volontiers une offre sans engagement de votre part. Ce plan de r\u00e9servation concerne uniquement les r\u00e9servations [&hellip;]<\/p>\n","protected":false},"author":9,"featured_media":98609,"parent":98095,"menu_order":0,"comment_status":"closed","ping_status":"closed","template":"","meta":{"_acf_changed":false,"footnotes":""},"class_list":["post-98610","page","type-page","status-publish","has-post-thumbnail","hentry"],"acf":[],"_links":{"self":[{"href":"https:\/\/gaestehaus.ch\/fr\/wp-json\/wp\/v2\/pages\/98610","targetHints":{"allow":["GET"]}}],"collection":[{"href":"https:\/\/gaestehaus.ch\/fr\/wp-json\/wp\/v2\/pages"}],"about":[{"href":"https:\/\/gaestehaus.ch\/fr\/wp-json\/wp\/v2\/types\/page"}],"author":[{"embeddable":true,"href":"https:\/\/gaestehaus.ch\/fr\/wp-json\/wp\/v2\/users\/9"}],"replies":[{"embeddable":true,"href":"https:\/\/gaestehaus.ch\/fr\/wp-json\/wp\/v2\/comments?post=98610"}],"version-history":[{"count":2,"href":"https:\/\/gaestehaus.ch\/fr\/wp-json\/wp\/v2\/pages\/98610\/revisions"}],"predecessor-version":[{"id":102203,"href":"https:\/\/gaestehaus.ch\/fr\/wp-json\/wp\/v2\/pages\/98610\/revisions\/102203"}],"up":[{"embeddable":true,"href":"https:\/\/gaestehaus.ch\/fr\/wp-json\/wp\/v2\/pages\/98095"}],"wp:featuredmedia":[{"embeddable":true,"href":"https:\/\/gaestehaus.ch\/fr\/wp-json\/wp\/v2\/media\/98609"}],"wp:attachment":[{"href":"https:\/\/gaestehaus.ch\/fr\/wp-json\/wp\/v2\/media?parent=98610"}],"curies":[{"name":"wp","href":"https:\/\/api.w.org\/{rel}","templated":true}]}}