{"id":98095,"date":"2025-08-08T18:35:00","date_gmt":"2025-08-08T16:35:00","guid":{"rendered":"https:\/\/gh.uwebdev.ch\/?page_id=98095"},"modified":"2026-02-05T23:10:43","modified_gmt":"2026-02-05T22:10:43","slug":"groupes","status":"publish","type":"page","link":"https:\/\/gaestehaus.ch\/fr\/groupes\/","title":{"rendered":"Offre pour groupes"},"content":{"rendered":"\t\t<div data-elementor-type=\"wp-page\" data-elementor-id=\"98095\" class=\"elementor elementor-98095 elementor-20011\" data-elementor-post-type=\"page\">\n\t\t\t\t<div class=\"elementor-element elementor-element-f8bb201 e-flex e-con-boxed e-con e-parent\" data-id=\"f8bb201\" data-element_type=\"container\" data-settings=\"{&quot;background_background&quot;:&quot;classic&quot;}\">\n\t\t\t\t\t<div class=\"e-con-inner\">\n\t\t\t\t\t<\/div>\n\t\t\t\t<\/div>\n\t\t<div class=\"elementor-element elementor-element-8c3a84d e-flex e-con-boxed e-con e-parent\" data-id=\"8c3a84d\" data-element_type=\"container\">\n\t\t\t\t\t<div class=\"e-con-inner\">\n\t\t\t\t<div class=\"elementor-element elementor-element-5e154eb elementor-widget elementor-widget-text-editor\" data-id=\"5e154eb\" data-element_type=\"widget\" data-widget_type=\"text-editor.default\">\n\t\t\t\t<div class=\"elementor-widget-container\">\n\t\t\t\t\t\t\t\t\t<h2>Bienvenue \u00e0 l\u2019h\u00f4tel sbt du Beatenberg<\/h2><p>Notre h\u00f4tel id\u00e9alement situ\u00e9 au milieu des alpes bernoise peut accueillir jusqu\u2019\u00e0 200 personnes. En effet, notre grande infrastructure nous permet de r\u00e9pondre \u00e0 vos besoins. Nous vous proposons des\u00a0<a href=\"https:\/\/gaestehaus.ch\/fr\/chambres\">chambres de diff\u00e9rentes cat\u00e9gories<\/a>\u00a0pour tous les budgets, diverses\u00a0<a href=\"https:\/\/gaestehaus.ch\/fr\/groupes\/loyer\">salles de conf\u00e9rence et de s\u00e9minaire<\/a>, de nombreuses\u00a0<a href=\"https:\/\/gaestehaus.ch\/fr\/general\/terrain\">activit\u00e9s sur notre campus<\/a>\u00a0telles que baby-foot grandeur nature, grande place de pique-nique avec grill, trampoline, place de jeux pour les enfants, etc\u2026<\/p><p>De plus, vous pourrez profiter de la vue exceptionnelle sur les trois montagnes mondialement connues \u00e0 savoir, l\u2019Eiger, le M\u00f6nch et la Jungfrau ainsi que sur le lac de Thoune.<\/p><p>Vous pr\u00e9voyez un s\u00e9minaire, une conf\u00e9rence, une r\u00e9union professionnelle, un week-end d\u2019\u00e9glise, une retraite, ou encore une rencontre de famille? Notre h\u00f4tel et, son infrastructure sont particuli\u00e8rement adapt\u00e9s aux groupes!<\/p>\t\t<div data-elementor-type=\"container\" data-elementor-id=\"102196\" class=\"elementor elementor-102196 elementor-102181 elementor-102181\" data-elementor-post-type=\"elementor_library\">\n\t\t\t\t<div class=\"elementor-element elementor-element-29c8ad5b e-flex e-con-boxed e-con e-parent\" data-id=\"29c8ad5b\" data-element_type=\"container\">\n\t\t\t\t\t<div class=\"e-con-inner\">\n\t\t\t\t<div class=\"elementor-element elementor-element-aa4d274 elementor-align-left elementor-button-info elementor-widget elementor-widget-button\" data-id=\"aa4d274\" data-element_type=\"widget\" data-widget_type=\"button.default\">\n\t\t\t\t<div class=\"elementor-widget-container\">\n\t\t\t\t\t\t\t\t\t<div class=\"elementor-button-wrapper\">\n\t\t\t\t\t<a class=\"elementor-button elementor-button-link elementor-size-sm\" href=\"https:\/\/gaestehaus.ch\/fr\/groupes\/offre\/\">\n\t\t\t\t\t\t<span class=\"elementor-button-content-wrapper\">\n\t\t\t\t\t\t\t\t\t<span class=\"elementor-button-text\">Demandez un devis maintenant<\/span>\n\t\t\t\t\t<\/span>\n\t\t\t\t\t<\/a>\n\t\t\t\t<\/div>\n\t\t\t\t\t\t\t\t<\/div>\n\t\t\t\t<\/div>\n\t\t\t\t\t<\/div>\n\t\t\t\t<\/div>\n\t\t\t\t<\/div>\n\t\t\t\t\t\t\t\t\t\t<\/div>\n\t\t\t\t<\/div>\n\t\t\t\t<div class=\"elementor-element elementor-element-1e13ac4 elementor-grid-4 elementor-grid-tablet-2 elementor-grid-mobile-1 elementor-widget elementor-widget-loop-grid\" data-id=\"1e13ac4\" data-element_type=\"widget\" data-settings=\"{&quot;template_id&quot;:705,&quot;columns&quot;:4,&quot;_skin&quot;:&quot;post&quot;,&quot;columns_tablet&quot;:&quot;2&quot;,&quot;columns_mobile&quot;:&quot;1&quot;,&quot;edit_handle_selector&quot;:&quot;[data-elementor-type=\\&quot;loop-item\\&quot;]&quot;,&quot;row_gap&quot;:{&quot;unit&quot;:&quot;px&quot;,&quot;size&quot;:&quot;&quot;,&quot;sizes&quot;:[]},&quot;row_gap_tablet&quot;:{&quot;unit&quot;:&quot;px&quot;,&quot;size&quot;:&quot;&quot;,&quot;sizes&quot;:[]},&quot;row_gap_mobile&quot;:{&quot;unit&quot;:&quot;px&quot;,&quot;size&quot;:&quot;&quot;,&quot;sizes&quot;:[]}}\" data-widget_type=\"loop-grid.post\">\n\t\t\t\t<div class=\"elementor-widget-container\">\n\t\t\t\t\t\t\t<div class=\"elementor-loop-container elementor-grid\" role=\"list\">\n\t\t<style id=\"loop-dynamic-705\">.e-loop-item-99165 .elementor-element.elementor-element-4d8a501:not(.elementor-motion-effects-element-type-background), .e-loop-item-99165 .elementor-element.elementor-element-4d8a501 > .elementor-motion-effects-container > .elementor-motion-effects-layer{background-image:url(\"https:\/\/gaestehaus.ch\/wp-content\/uploads\/2025\/08\/head9.jpg\");}<\/style><style id=\"loop-705\">.elementor-705 .elementor-element.elementor-element-c7a0b83{--display:flex;--flex-direction:column;--container-widget-width:100%;--container-widget-height:initial;--container-widget-flex-grow:0;--container-widget-align-self:initial;--flex-wrap-mobile:wrap;--overflow:hidden;border-style:solid;--border-style:solid;border-width:2px 2px 2px 2px;--border-top-width:2px;--border-right-width:2px;--border-bottom-width:2px;--border-left-width:2px;border-color:var( --e-global-color-3b1901e );--border-color:var( --e-global-color-3b1901e );--border-radius:var(--boxradius) var(--boxradius) var(--boxradius) var(--boxradius);--padding-top:0px;--padding-bottom:20px;--padding-left:0px;--padding-right:0px;}.elementor-705 .elementor-element.elementor-element-c7a0b83:not(.elementor-motion-effects-element-type-background), .elementor-705 .elementor-element.elementor-element-c7a0b83 > .elementor-motion-effects-container > .elementor-motion-effects-layer{background-color:var( --e-global-color-56b08b1 );}.elementor-705 .elementor-element.elementor-element-c7a0b83:hover{border-style:solid;border-width:2px 2px 2px 2px;--border-top-width:2px;--border-right-width:2px;--border-bottom-width:2px;--border-left-width:2px;border-color:var( --e-global-color-accent );--border-color:var( --e-global-color-accent );}.elementor-705 .elementor-element.elementor-element-c7a0b83, .elementor-705 .elementor-element.elementor-element-c7a0b83::before{--border-transition:0.3s;}.elementor-705 .elementor-element.elementor-element-4d8a501{--display:flex;border-style:none;--border-style:none;--border-radius:0 0 0 0;--padding-top:0%;--padding-bottom:60%;--padding-left:0%;--padding-right:0%;}.elementor-705 .elementor-element.elementor-element-4d8a501:not(.elementor-motion-effects-element-type-background), .elementor-705 .elementor-element.elementor-element-4d8a501 > .elementor-motion-effects-container > .elementor-motion-effects-layer{background-position:center center;background-repeat:no-repeat;background-size:cover;}.elementor-widget-theme-post-title .elementor-heading-title{font-family:var( --e-global-typography-primary-font-family ), Sans-serif;font-weight:var( --e-global-typography-primary-font-weight );line-height:var( --e-global-typography-primary-line-height );color:var( --e-global-color-primary );}.elementor-705 .elementor-element.elementor-element-a86752d{text-align:center;}.elementor-705 .elementor-element.elementor-element-a86752d .elementor-heading-title{font-family:\"Trebuchet MS\", Sans-serif;font-weight:700;line-height:1.1;}@media(min-width:768px){.elementor-705 .elementor-element.elementor-element-4d8a501{--width:100%;}}@media(min-width:1025px){.elementor-705 .elementor-element.elementor-element-4d8a501:not(.elementor-motion-effects-element-type-background), .elementor-705 .elementor-element.elementor-element-4d8a501 > .elementor-motion-effects-container > .elementor-motion-effects-layer{background-attachment:scroll;}}@media(max-width:1024px){.elementor-widget-theme-post-title .elementor-heading-title{line-height:var( --e-global-typography-primary-line-height );}}@media(max-width:767px){.elementor-widget-theme-post-title .elementor-heading-title{line-height:var( --e-global-typography-primary-line-height );}}<\/style>\t\t<div data-elementor-type=\"loop-item\" data-elementor-id=\"705\" class=\"elementor elementor-705 e-loop-item e-loop-item-99165 post-99165 page type-page status-publish has-post-thumbnail hentry\" data-elementor-post-type=\"elementor_library\" data-custom-edit-handle=\"1\">\n\t\t\t<a class=\"elementor-element elementor-element-c7a0b83 e-flex e-con-boxed e-con e-parent\" data-id=\"c7a0b83\" data-element_type=\"container\" data-settings=\"{&quot;background_background&quot;:&quot;classic&quot;}\" href=\"https:\/\/gaestehaus.ch\/fr\/chambres\/\">\n\t\t\t\t\t<div class=\"e-con-inner\">\n\t\t<div class=\"elementor-element elementor-element-4d8a501 e-con-full e-flex e-con e-child\" data-id=\"4d8a501\" data-element_type=\"container\" data-settings=\"{&quot;background_background&quot;:&quot;classic&quot;}\">\n\t\t\t\t<\/div>\n\t\t\t\t<div class=\"elementor-element elementor-element-a86752d elementor-widget elementor-widget-theme-post-title elementor-page-title elementor-widget-heading\" data-id=\"a86752d\" data-element_type=\"widget\" data-widget_type=\"theme-post-title.default\">\n\t\t\t\t<div class=\"elementor-widget-container\">\n\t\t\t\t\t<h4 class=\"elementor-heading-title elementor-size-default\">Nos chambres<\/h4>\t\t\t\t<\/div>\n\t\t\t\t<\/div>\n\t\t\t\t\t<\/div>\n\t\t\t\t<\/a>\n\t\t\t\t<\/div>\n\t\t<style id=\"loop-dynamic-705\">.e-loop-item-98633 .elementor-element.elementor-element-4d8a501:not(.elementor-motion-effects-element-type-background), .e-loop-item-98633 .elementor-element.elementor-element-4d8a501 > .elementor-motion-effects-container > .elementor-motion-effects-layer{background-image:url(\"https:\/\/gaestehaus.ch\/wp-content\/uploads\/2025\/08\/head21.jpg\");}<\/style>\t\t<div data-elementor-type=\"loop-item\" data-elementor-id=\"705\" class=\"elementor elementor-705 e-loop-item e-loop-item-98633 post-98633 page type-page status-publish has-post-thumbnail hentry\" data-elementor-post-type=\"elementor_library\" data-custom-edit-handle=\"1\">\n\t\t\t<a class=\"elementor-element elementor-element-c7a0b83 e-flex e-con-boxed e-con e-parent\" data-id=\"c7a0b83\" data-element_type=\"container\" data-settings=\"{&quot;background_background&quot;:&quot;classic&quot;}\" href=\"https:\/\/gaestehaus.ch\/fr\/groupes\/loyer\/\">\n\t\t\t\t\t<div class=\"e-con-inner\">\n\t\t<div class=\"elementor-element elementor-element-4d8a501 e-con-full e-flex e-con e-child\" data-id=\"4d8a501\" data-element_type=\"container\" data-settings=\"{&quot;background_background&quot;:&quot;classic&quot;}\">\n\t\t\t\t<\/div>\n\t\t\t\t<div class=\"elementor-element elementor-element-a86752d elementor-widget elementor-widget-theme-post-title elementor-page-title elementor-widget-heading\" data-id=\"a86752d\" data-element_type=\"widget\" data-widget_type=\"theme-post-title.default\">\n\t\t\t\t<div class=\"elementor-widget-container\">\n\t\t\t\t\t<h4 class=\"elementor-heading-title elementor-size-default\">Salles de s\u00e9minaire et de conf\u00e9rence<\/h4>\t\t\t\t<\/div>\n\t\t\t\t<\/div>\n\t\t\t\t\t<\/div>\n\t\t\t\t<\/a>\n\t\t\t\t<\/div>\n\t\t<style id=\"loop-dynamic-705\">.e-loop-item-98940 .elementor-element.elementor-element-4d8a501:not(.elementor-motion-effects-element-type-background), .e-loop-item-98940 .elementor-element.elementor-element-4d8a501 > .elementor-motion-effects-container > .elementor-motion-effects-layer{background-image:url(\"https:\/\/gaestehaus.ch\/wp-content\/uploads\/2025\/08\/head2.jpg\");}<\/style>\t\t<div data-elementor-type=\"loop-item\" data-elementor-id=\"705\" class=\"elementor elementor-705 e-loop-item e-loop-item-98940 post-98940 page type-page status-publish has-post-thumbnail hentry\" data-elementor-post-type=\"elementor_library\" data-custom-edit-handle=\"1\">\n\t\t\t<a class=\"elementor-element elementor-element-c7a0b83 e-flex e-con-boxed e-con e-parent\" data-id=\"c7a0b83\" data-element_type=\"container\" data-settings=\"{&quot;background_background&quot;:&quot;classic&quot;}\" href=\"https:\/\/gaestehaus.ch\/fr\/general-infrastructure\/\">\n\t\t\t\t\t<div class=\"e-con-inner\">\n\t\t<div class=\"elementor-element elementor-element-4d8a501 e-con-full e-flex e-con e-child\" data-id=\"4d8a501\" data-element_type=\"container\" data-settings=\"{&quot;background_background&quot;:&quot;classic&quot;}\">\n\t\t\t\t<\/div>\n\t\t\t\t<div class=\"elementor-element elementor-element-a86752d elementor-widget elementor-widget-theme-post-title elementor-page-title elementor-widget-heading\" data-id=\"a86752d\" data-element_type=\"widget\" data-widget_type=\"theme-post-title.default\">\n\t\t\t\t<div class=\"elementor-widget-container\">\n\t\t\t\t\t<h4 class=\"elementor-heading-title elementor-size-default\">Infrastructure &#8211; sur notre terrain<\/h4>\t\t\t\t<\/div>\n\t\t\t\t<\/div>\n\t\t\t\t\t<\/div>\n\t\t\t\t<\/a>\n\t\t\t\t<\/div>\n\t\t<style id=\"loop-dynamic-705\">.e-loop-item-98615 .elementor-element.elementor-element-4d8a501:not(.elementor-motion-effects-element-type-background), .e-loop-item-98615 .elementor-element.elementor-element-4d8a501 > .elementor-motion-effects-container > .elementor-motion-effects-layer{background-image:url(\"https:\/\/gaestehaus.ch\/wp-content\/uploads\/2025\/08\/head12.jpg\");}<\/style>\t\t<div data-elementor-type=\"loop-item\" data-elementor-id=\"705\" class=\"elementor elementor-705 e-loop-item e-loop-item-98615 post-98615 page type-page status-publish has-post-thumbnail hentry\" data-elementor-post-type=\"elementor_library\" data-custom-edit-handle=\"1\">\n\t\t\t<a class=\"elementor-element elementor-element-c7a0b83 e-flex e-con-boxed e-con e-parent\" data-id=\"c7a0b83\" data-element_type=\"container\" data-settings=\"{&quot;background_background&quot;:&quot;classic&quot;}\" href=\"https:\/\/gaestehaus.ch\/fr\/groupes\/cout\/\">\n\t\t\t\t\t<div class=\"e-con-inner\">\n\t\t<div class=\"elementor-element elementor-element-4d8a501 e-con-full e-flex e-con e-child\" data-id=\"4d8a501\" data-element_type=\"container\" data-settings=\"{&quot;background_background&quot;:&quot;classic&quot;}\">\n\t\t\t\t<\/div>\n\t\t\t\t<div class=\"elementor-element elementor-element-a86752d elementor-widget elementor-widget-theme-post-title elementor-page-title elementor-widget-heading\" data-id=\"a86752d\" data-element_type=\"widget\" data-widget_type=\"theme-post-title.default\">\n\t\t\t\t<div class=\"elementor-widget-container\">\n\t\t\t\t\t<h4 class=\"elementor-heading-title elementor-size-default\">Tarifs pour groupes<\/h4>\t\t\t\t<\/div>\n\t\t\t\t<\/div>\n\t\t\t\t\t<\/div>\n\t\t\t\t<\/a>\n\t\t\t\t<\/div>\n\t\t<style id=\"loop-dynamic-705\">.e-loop-item-98610 .elementor-element.elementor-element-4d8a501:not(.elementor-motion-effects-element-type-background), .e-loop-item-98610 .elementor-element.elementor-element-4d8a501 > .elementor-motion-effects-container > .elementor-motion-effects-layer{background-image:url(\"https:\/\/gaestehaus.ch\/wp-content\/uploads\/2025\/08\/head24.jpg\");}<\/style>\t\t<div data-elementor-type=\"loop-item\" data-elementor-id=\"705\" class=\"elementor elementor-705 e-loop-item e-loop-item-98610 post-98610 page type-page status-publish has-post-thumbnail hentry\" data-elementor-post-type=\"elementor_library\" data-custom-edit-handle=\"1\">\n\t\t\t<a class=\"elementor-element elementor-element-c7a0b83 e-flex e-con-boxed e-con e-parent\" data-id=\"c7a0b83\" data-element_type=\"container\" data-settings=\"{&quot;background_background&quot;:&quot;classic&quot;}\" href=\"https:\/\/gaestehaus.ch\/fr\/groupes\/calendrier\/\">\n\t\t\t\t\t<div class=\"e-con-inner\">\n\t\t<div class=\"elementor-element elementor-element-4d8a501 e-con-full e-flex e-con e-child\" data-id=\"4d8a501\" data-element_type=\"container\" data-settings=\"{&quot;background_background&quot;:&quot;classic&quot;}\">\n\t\t\t\t<\/div>\n\t\t\t\t<div class=\"elementor-element elementor-element-a86752d elementor-widget elementor-widget-theme-post-title elementor-page-title elementor-widget-heading\" data-id=\"a86752d\" data-element_type=\"widget\" data-widget_type=\"theme-post-title.default\">\n\t\t\t\t<div class=\"elementor-widget-container\">\n\t\t\t\t\t<h4 class=\"elementor-heading-title elementor-size-default\">Calendrier des disponibilit\u00e9s pour groupes<\/h4>\t\t\t\t<\/div>\n\t\t\t\t<\/div>\n\t\t\t\t\t<\/div>\n\t\t\t\t<\/a>\n\t\t\t\t<\/div>\n\t\t<style id=\"loop-dynamic-705\">.e-loop-item-99127 .elementor-element.elementor-element-4d8a501:not(.elementor-motion-effects-element-type-background), .e-loop-item-99127 .elementor-element.elementor-element-4d8a501 > .elementor-motion-effects-container > .elementor-motion-effects-layer{background-image:url(\"https:\/\/gaestehaus.ch\/wp-content\/uploads\/2025\/08\/head131.jpg\");}<\/style>\t\t<div data-elementor-type=\"loop-item\" data-elementor-id=\"705\" class=\"elementor elementor-705 e-loop-item e-loop-item-99127 post-99127 page type-page status-publish has-post-thumbnail hentry\" data-elementor-post-type=\"elementor_library\" data-custom-edit-handle=\"1\">\n\t\t\t<a class=\"elementor-element elementor-element-c7a0b83 e-flex e-con-boxed e-con e-parent\" data-id=\"c7a0b83\" data-element_type=\"container\" data-settings=\"{&quot;background_background&quot;:&quot;classic&quot;}\" href=\"https:\/\/gaestehaus.ch\/fr\/general-intolerance\/\">\n\t\t\t\t\t<div class=\"e-con-inner\">\n\t\t<div class=\"elementor-element elementor-element-4d8a501 e-con-full e-flex e-con e-child\" data-id=\"4d8a501\" data-element_type=\"container\" data-settings=\"{&quot;background_background&quot;:&quot;classic&quot;}\">\n\t\t\t\t<\/div>\n\t\t\t\t<div class=\"elementor-element elementor-element-a86752d elementor-widget elementor-widget-theme-post-title elementor-page-title elementor-widget-heading\" data-id=\"a86752d\" data-element_type=\"widget\" data-widget_type=\"theme-post-title.default\">\n\t\t\t\t<div class=\"elementor-widget-container\">\n\t\t\t\t\t<h4 class=\"elementor-heading-title elementor-size-default\">Repas \/ intol\u00e9rances<\/h4>\t\t\t\t<\/div>\n\t\t\t\t<\/div>\n\t\t\t\t\t<\/div>\n\t\t\t\t<\/a>\n\t\t\t\t<\/div>\n\t\t<style id=\"loop-dynamic-705\">.e-loop-item-100113 .elementor-element.elementor-element-4d8a501:not(.elementor-motion-effects-element-type-background), .e-loop-item-100113 .elementor-element.elementor-element-4d8a501 > .elementor-motion-effects-container > .elementor-motion-effects-layer{background-image:url(\"https:\/\/gaestehaus.ch\/wp-content\/uploads\/2025\/08\/DJI_0411.jpeg\");}<\/style>\t\t<div data-elementor-type=\"loop-item\" data-elementor-id=\"705\" class=\"elementor elementor-705 e-loop-item e-loop-item-100113 post-100113 medien type-medien status-publish has-post-thumbnail hentry\" data-elementor-post-type=\"elementor_library\" data-custom-edit-handle=\"1\">\n\t\t\t<a class=\"elementor-element elementor-element-c7a0b83 e-flex e-con-boxed e-con e-parent\" data-id=\"c7a0b83\" data-element_type=\"container\" data-settings=\"{&quot;background_background&quot;:&quot;classic&quot;}\" href=\"https:\/\/gaestehaus.ch\/fr\/medias\/notre-campus-en-images\/\">\n\t\t\t\t\t<div class=\"e-con-inner\">\n\t\t<div class=\"elementor-element elementor-element-4d8a501 e-con-full e-flex e-con e-child\" data-id=\"4d8a501\" data-element_type=\"container\" data-settings=\"{&quot;background_background&quot;:&quot;classic&quot;}\">\n\t\t\t\t<\/div>\n\t\t\t\t<div class=\"elementor-element elementor-element-a86752d elementor-widget elementor-widget-theme-post-title elementor-page-title elementor-widget-heading\" data-id=\"a86752d\" data-element_type=\"widget\" data-widget_type=\"theme-post-title.default\">\n\t\t\t\t<div class=\"elementor-widget-container\">\n\t\t\t\t\t<h4 class=\"elementor-heading-title elementor-size-default\">Notre campus en images<\/h4>\t\t\t\t<\/div>\n\t\t\t\t<\/div>\n\t\t\t\t\t<\/div>\n\t\t\t\t<\/a>\n\t\t\t\t<\/div>\n\t\t<style id=\"loop-dynamic-705\">.e-loop-item-99018 .elementor-element.elementor-element-4d8a501:not(.elementor-motion-effects-element-type-background), .e-loop-item-99018 .elementor-element.elementor-element-4d8a501 > .elementor-motion-effects-container > .elementor-motion-effects-layer{background-image:url(\"https:\/\/gaestehaus.ch\/wp-content\/uploads\/2025\/08\/head8.jpg\");}<\/style>\t\t<div data-elementor-type=\"loop-item\" data-elementor-id=\"705\" class=\"elementor elementor-705 e-loop-item e-loop-item-99018 post-99018 page type-page status-publish has-post-thumbnail hentry\" data-elementor-post-type=\"elementor_library\" data-custom-edit-handle=\"1\">\n\t\t\t<a class=\"elementor-element elementor-element-c7a0b83 e-flex e-con-boxed e-con e-parent\" data-id=\"c7a0b83\" data-element_type=\"container\" data-settings=\"{&quot;background_background&quot;:&quot;classic&quot;}\" href=\"https:\/\/gaestehaus.ch\/fr\/general-region\/\">\n\t\t\t\t\t<div class=\"e-con-inner\">\n\t\t<div class=\"elementor-element elementor-element-4d8a501 e-con-full e-flex e-con e-child\" data-id=\"4d8a501\" data-element_type=\"container\" data-settings=\"{&quot;background_background&quot;:&quot;classic&quot;}\">\n\t\t\t\t<\/div>\n\t\t\t\t<div class=\"elementor-element elementor-element-a86752d elementor-widget elementor-widget-theme-post-title elementor-page-title elementor-widget-heading\" data-id=\"a86752d\" data-element_type=\"widget\" data-widget_type=\"theme-post-title.default\">\n\t\t\t\t<div class=\"elementor-widget-container\">\n\t\t\t\t\t<h4 class=\"elementor-heading-title elementor-size-default\">La r\u00e9gion &#8211; adventure<\/h4>\t\t\t\t<\/div>\n\t\t\t\t<\/div>\n\t\t\t\t\t<\/div>\n\t\t\t\t<\/a>\n\t\t\t\t<\/div>\n\t\t\t\t<\/div>\n\t\t\n\t\t\t\t\t\t<\/div>\n\t\t\t\t<\/div>\n\t\t\t\t\t<\/div>\n\t\t\t\t<\/div>\n\t\t<div class=\"elementor-element elementor-element-5888cf7 e-flex e-con-boxed e-con e-parent\" data-id=\"5888cf7\" data-element_type=\"container\">\n\t\t\t\t\t<div class=\"e-con-inner\">\n\t\t<div class=\"elementor-element elementor-element-eef0efc e-con-full e-flex e-con e-child\" data-id=\"eef0efc\" data-element_type=\"container\">\n\t\t\t\t<div class=\"elementor-element elementor-element-ee488c5 elementor-widget elementor-widget-text-editor\" data-id=\"ee488c5\" data-element_type=\"widget\" data-widget_type=\"text-editor.default\">\n\t\t\t\t<div class=\"elementor-widget-container\">\n\t\t\t\t\t\t\t\t\t<p><div class=\"responsive-video\"><iframe title=\"Seminar f\u00fcr biblische Theologie Beatenberg - G\u00e4stehaus\" width=\"800\" height=\"450\" src=\"https:\/\/www.youtube.com\/embed\/Ym18OgjkJXw?feature=oembed\" frameborder=\"0\" allow=\"accelerometer; autoplay; clipboard-write; encrypted-media; gyroscope; picture-in-picture; web-share\" referrerpolicy=\"strict-origin-when-cross-origin\" allowfullscreen><\/iframe><\/div><\/p>\t\t\t\t\t\t\t\t<\/div>\n\t\t\t\t<\/div>\n\t\t\t\t<\/div>\n\t\t<div class=\"elementor-element elementor-element-c7fdc2d e-con-full e-flex e-con e-child\" data-id=\"c7fdc2d\" data-element_type=\"container\">\n\t\t\t\t<div class=\"elementor-element elementor-element-867e3e4 elementor-widget elementor-widget-text-editor\" data-id=\"867e3e4\" data-element_type=\"widget\" data-widget_type=\"text-editor.default\">\n\t\t\t\t<div class=\"elementor-widget-container\">\n\t\t\t\t\t\t\t\t\t<p>Les petits groupes sont tout aussi bienvenus que les grands. Dans notre maison d&rsquo;h\u00f4tes, nous organisons, coordonnons et arrangeons tout ce qui vous est n\u00e9cessaire, afin que vous puissiez profiter d&rsquo;un s\u00e9jour d\u00e9tendu et vous concentrer sur votre \u00e9v\u00e9nement.<\/p><p>Nous vous soumettrions volontiers une offre d\u00e9taill\u00e9e et non contraignante. Bien entendu, nous sommes \u00e9galement disponibles pour une consultation personnelle. Contactez-nous via le <a href=\"https:\/\/gaestehaus.ch\/fr\/groupes\/offre\/\">formulaire de contact<\/a> ou par t\u00e9l\u00e9phone au +41 33 841 80 00.<\/p>\t\t\t\t\t\t\t\t<\/div>\n\t\t\t\t<\/div>\n\t\t\t\t<\/div>\n\t\t\t\t\t<\/div>\n\t\t\t\t<\/div>\n\t\t\t\t<\/div>\n\t\t","protected":false},"excerpt":{"rendered":"<p>Bienvenue \u00e0 l\u2019h\u00f4tel sbt du Beatenberg Notre h\u00f4tel id\u00e9alement situ\u00e9 au milieu des alpes bernoise peut accueillir jusqu\u2019\u00e0 200 personnes. En effet, notre grande infrastructure nous permet de r\u00e9pondre \u00e0 vos besoins. Nous vous proposons des\u00a0chambres de diff\u00e9rentes cat\u00e9gories\u00a0pour tous les budgets, diverses\u00a0salles de conf\u00e9rence et de s\u00e9minaire, de nombreuses\u00a0activit\u00e9s sur notre campus\u00a0telles que baby-foot [&hellip;]<\/p>\n","protected":false},"author":9,"featured_media":98094,"parent":0,"menu_order":0,"comment_status":"closed","ping_status":"closed","template":"","meta":{"_acf_changed":false,"footnotes":""},"class_list":["post-98095","page","type-page","status-publish","has-post-thumbnail","hentry"],"acf":[],"_links":{"self":[{"href":"https:\/\/gaestehaus.ch\/fr\/wp-json\/wp\/v2\/pages\/98095","targetHints":{"allow":["GET"]}}],"collection":[{"href":"https:\/\/gaestehaus.ch\/fr\/wp-json\/wp\/v2\/pages"}],"about":[{"href":"https:\/\/gaestehaus.ch\/fr\/wp-json\/wp\/v2\/types\/page"}],"author":[{"embeddable":true,"href":"https:\/\/gaestehaus.ch\/fr\/wp-json\/wp\/v2\/users\/9"}],"replies":[{"embeddable":true,"href":"https:\/\/gaestehaus.ch\/fr\/wp-json\/wp\/v2\/comments?post=98095"}],"version-history":[{"count":26,"href":"https:\/\/gaestehaus.ch\/fr\/wp-json\/wp\/v2\/pages\/98095\/revisions"}],"predecessor-version":[{"id":102200,"href":"https:\/\/gaestehaus.ch\/fr\/wp-json\/wp\/v2\/pages\/98095\/revisions\/102200"}],"wp:featuredmedia":[{"embeddable":true,"href":"https:\/\/gaestehaus.ch\/fr\/wp-json\/wp\/v2\/media\/98094"}],"wp:attachment":[{"href":"https:\/\/gaestehaus.ch\/fr\/wp-json\/wp\/v2\/media?parent=98095"}],"curies":[{"name":"wp","href":"https:\/\/api.w.org\/{rel}","templated":true}]}}