{"id":99944,"date":"2025-08-08T18:35:00","date_gmt":"2025-08-08T16:35:00","guid":{"rendered":"https:\/\/gh.uwebdev.ch\/?page_id=99944"},"modified":"2025-11-03T23:19:32","modified_gmt":"2025-11-03T22:19:32","slug":"availability","status":"publish","type":"page","link":"https:\/\/gaestehaus.ch\/en\/apartments\/haupthaus3\/availability\/","title":{"rendered":"Availability Charts &#8220;Haupthaus 3. floor&#8221;"},"content":{"rendered":"<p>We would be delighted to welcome you to sbt Beatenberg. Here you can see the current occupancy plan of our holiday apartment for 11 people.<\/p>\n<p>If you are uncertain about the possible occupancy, please do not hesitate to contact us. We will gladly send you a non-binding offer.<\/p>\n  <div class=\"ics-cal \" data-ics=\"https:\/\/gaestehaus.ch\/en\/wp-json\/ics\/v1\/fetch?url=https%3A%2F%2Fwww.airbnb.ch%2Fcalendar%2Fical%2F38747100.ics%3Fs%3D08776cb52c87fbbd98fc7097168f4f7c\">\n    <div class=\"cal-wrap\">\n      <div class=\"status\" aria-live=\"polite\"><\/div>\n      <div class=\"calendar\"><\/div>\n    <\/div>\n  <\/div>\n  \n<p>Der Belegungskalender ist f\u00fcr 1 Jahr aktualisiert. Sp\u00e4tere Daten kl\u00e4ren Sie bitte direkt mit der R\u00e9ception ab.<\/p>\n","protected":false},"excerpt":{"rendered":"<p>We would be delighted to welcome you to sbt Beatenberg. Here you can see the current occupancy plan of our holiday apartment for 11 people. If you are uncertain about the possible occupancy, please do not hesitate to contact us. We will gladly send you a non-binding offer. Der Belegungskalender ist f\u00fcr 1 Jahr aktualisiert. [&hellip;]<\/p>\n","protected":false},"author":6,"featured_media":98664,"parent":98422,"menu_order":0,"comment_status":"closed","ping_status":"closed","template":"","meta":{"_acf_changed":false,"footnotes":""},"class_list":["post-99944","page","type-page","status-publish","has-post-thumbnail","hentry"],"acf":[],"_links":{"self":[{"href":"https:\/\/gaestehaus.ch\/en\/wp-json\/wp\/v2\/pages\/99944","targetHints":{"allow":["GET"]}}],"collection":[{"href":"https:\/\/gaestehaus.ch\/en\/wp-json\/wp\/v2\/pages"}],"about":[{"href":"https:\/\/gaestehaus.ch\/en\/wp-json\/wp\/v2\/types\/page"}],"author":[{"embeddable":true,"href":"https:\/\/gaestehaus.ch\/en\/wp-json\/wp\/v2\/users\/6"}],"replies":[{"embeddable":true,"href":"https:\/\/gaestehaus.ch\/en\/wp-json\/wp\/v2\/comments?post=99944"}],"version-history":[{"count":1,"href":"https:\/\/gaestehaus.ch\/en\/wp-json\/wp\/v2\/pages\/99944\/revisions"}],"predecessor-version":[{"id":99946,"href":"https:\/\/gaestehaus.ch\/en\/wp-json\/wp\/v2\/pages\/99944\/revisions\/99946"}],"up":[{"embeddable":true,"href":"https:\/\/gaestehaus.ch\/en\/wp-json\/wp\/v2\/pages\/98422"}],"wp:featuredmedia":[{"embeddable":true,"href":"https:\/\/gaestehaus.ch\/en\/wp-json\/wp\/v2\/media\/98664"}],"wp:attachment":[{"href":"https:\/\/gaestehaus.ch\/en\/wp-json\/wp\/v2\/media?parent=99944"}],"curies":[{"name":"wp","href":"https:\/\/api.w.org\/{rel}","templated":true}]}}