{"id":98913,"date":"2025-10-23T11:25:49","date_gmt":"2025-10-23T09:25:49","guid":{"rendered":"https:\/\/gh.uwebdev.ch\/?page_id=98913"},"modified":"2025-10-27T17:55:33","modified_gmt":"2025-10-27T16:55:33","slug":"impressum","status":"publish","type":"page","link":"https:\/\/gaestehaus.ch\/en\/impressum\/","title":{"rendered":"Impressum"},"content":{"rendered":"<h2><strong>Kontakt-Adresse<\/strong><\/h2>\n<p>Seminar f\u00fcr biblische Theologie<br \/>\nG\u00e4stehaus<br \/>\nFelix Aeschlimann<br \/>\nSpirenwaldstrasse 356<br \/>\n3803 Beatenberg<\/p>\n<p>E-Mail:\u00a0<a href=\"mailto:info@gaestehaus.ch\">info@gaestehaus.ch<\/a><\/p>\n<p>&nbsp;<\/p>\n<h2><strong>Vertretungsberechtigte Person<\/strong><\/h2>\n<p>Felix Aeschlimann, Direktor<\/p>\n<p><strong>\u00a0<\/strong><\/p>\n<h2><strong>Handelsregister-Eintrag<\/strong><\/h2>\n<p>Eingetragener Firmenname: Seminar f\u00fcr biblische Theologie Beatenberg G\u00e4stehaus<\/p>\n<p>Handelsregister-Nr.:\u00a0CH-036.6.053.739-6 \/ UID: CHE-324.939.033<\/p>\n<p><strong>\u00a0<\/strong><\/p>\n<h2><strong>Haftungsausschluss<\/strong><\/h2>\n<p>Der Autor \u00fcbernimmt keinerlei Gew\u00e4hr hinsichtlich der inhaltlichen Richtigkeit, Genauigkeit, Aktualit\u00e4t, Zuverl\u00e4ssigkeit und Vollst\u00e4ndigkeit der Informationen. Haftungsanspr\u00fcche gegen den Autor wegen Sch\u00e4den materieller oder immaterieller Art, welche aus dem Zugriff oder der Nutzung bzw. Nichtnutzung der ver\u00f6ffentlichten Informationen, durch Missbrauch der Verbindung oder durch technische St\u00f6rungen entstanden sind, werden ausgeschlossen. Alle Angebote sind unverbindlich. Der Autor beh\u00e4lt es sich ausdr\u00fccklich vor, Teile der Seiten oder das gesamte Angebot ohne besondere Ank\u00fcndigung zu ver\u00e4ndern, zu erg\u00e4nzen, zu l\u00f6schen oder die Ver\u00f6ffentlichung zeitweise oder endg\u00fcltig einzustellen. Verweise und Links auf Webseiten Dritter liegen ausserhalb unseres Verantwortungsbereichs. Es wird jegliche Verantwortung f\u00fcr solche Webseiten abgelehnt. Der Zugriff und die Nutzung solcher Webseiten erfolgen auf eigene Gefahr des jeweiligen Nutzers.<\/p>\n<p><strong>\u00a0<\/strong><\/p>\n<h2><strong>Urheberrechte<\/strong><\/h2>\n<p>Die Urheber- und alle anderen Rechte an Inhalten, Bildern, Fotos oder anderen Dateien auf dieser Website, geh\u00f6ren ausschliesslich dem sbt Beatenberg oder den speziell genannten Rechteinhabern. F\u00fcr die Reproduktion jeglicher Elemente ist die schriftliche Zustimmung des Urheberrechtstr\u00e4gers im Voraus einzuholen.<\/p>\n<p>&nbsp;<\/p>\n<p>Quelle:\u00a0<a href=\"https:\/\/www.swissanwalt.ch\/\" target=\"_blank\" rel=\"noopener\">SwissAnwalt<\/a><\/p>\n","protected":false},"excerpt":{"rendered":"<p>Kontakt-Adresse Seminar f\u00fcr biblische Theologie G\u00e4stehaus Felix Aeschlimann Spirenwaldstrasse 356 3803 Beatenberg E-Mail:\u00a0info@gaestehaus.ch &nbsp; Vertretungsberechtigte Person Felix Aeschlimann, Direktor \u00a0 Handelsregister-Eintrag Eingetragener Firmenname: Seminar f\u00fcr biblische Theologie Beatenberg G\u00e4stehaus Handelsregister-Nr.:\u00a0CH-036.6.053.739-6 \/ UID: CHE-324.939.033 \u00a0 Haftungsausschluss Der Autor \u00fcbernimmt keinerlei Gew\u00e4hr hinsichtlich der inhaltlichen Richtigkeit, Genauigkeit, Aktualit\u00e4t, Zuverl\u00e4ssigkeit und Vollst\u00e4ndigkeit der Informationen. Haftungsanspr\u00fcche gegen den Autor [&hellip;]<\/p>\n","protected":false},"author":1,"featured_media":98912,"parent":0,"menu_order":0,"comment_status":"closed","ping_status":"closed","template":"","meta":{"_acf_changed":false,"footnotes":""},"class_list":["post-98913","page","type-page","status-publish","has-post-thumbnail","hentry"],"acf":[],"_links":{"self":[{"href":"https:\/\/gaestehaus.ch\/en\/wp-json\/wp\/v2\/pages\/98913","targetHints":{"allow":["GET"]}}],"collection":[{"href":"https:\/\/gaestehaus.ch\/en\/wp-json\/wp\/v2\/pages"}],"about":[{"href":"https:\/\/gaestehaus.ch\/en\/wp-json\/wp\/v2\/types\/page"}],"author":[{"embeddable":true,"href":"https:\/\/gaestehaus.ch\/en\/wp-json\/wp\/v2\/users\/1"}],"replies":[{"embeddable":true,"href":"https:\/\/gaestehaus.ch\/en\/wp-json\/wp\/v2\/comments?post=98913"}],"version-history":[{"count":2,"href":"https:\/\/gaestehaus.ch\/en\/wp-json\/wp\/v2\/pages\/98913\/revisions"}],"predecessor-version":[{"id":98915,"href":"https:\/\/gaestehaus.ch\/en\/wp-json\/wp\/v2\/pages\/98913\/revisions\/98915"}],"wp:featuredmedia":[{"embeddable":true,"href":"https:\/\/gaestehaus.ch\/en\/wp-json\/wp\/v2\/media\/98912"}],"wp:attachment":[{"href":"https:\/\/gaestehaus.ch\/en\/wp-json\/wp\/v2\/media?parent=98913"}],"curies":[{"name":"wp","href":"https:\/\/api.w.org\/{rel}","templated":true}]}}